{"id":122879,"date":"2026-04-16T12:36:51","date_gmt":"2026-04-16T12:36:51","guid":{"rendered":"https:\/\/thetenerifechannel.com\/?post_type=product&#038;p=122879"},"modified":"2026-04-17T12:50:25","modified_gmt":"2026-04-17T12:50:25","slug":"jungla-park-copy","status":"publish","type":"product","link":"https:\/\/thetenerifechannel.com\/es\/excursions\/jungla-park-copy\/","title":{"rendered":"Parque de los Monos"},"content":{"rendered":"<section class=\"l-section wpb_row height_huge\"><div class=\"l-section-h i-cf\"><div class=\"g-cols vc_row via_grid cols_1 laptops-cols_inherit tablets-cols_inherit mobiles-cols_1 valign_top type_default stacking_default\"><div class=\"wpb_column vc_column_container\"><div class=\"vc_column-inner\"><div class=\"wpb_text_column\"><div class=\"wpb_wrapper\"><p data-pm-slice=\"1 1 &#091;&#093;\">\u00a1Conoce a los animales en Monkey Park!<br \/>\nDesde primates juguetones hasta aves ex\u00f3ticas, cada uno tiene su propia historia y personalidad. Descubre la diversidad de sus residentes y los cuidados y el amor que reciben cada d\u00eda. \u00a1Explora y enam\u00f3rate de la incre\u00edble familia animal!  <\/p>\n<p><em>Abierto todos los d\u00edas de 09:30 a 16:00. (Las 15:30 ser\u00e1 la \u00faltima hora de entrada al parque).<br \/>\n<\/em><\/p>\n<p>&nbsp;<\/p>\n<p><strong data-start=\"84\" data-end=\"117\">Consejos para visitar Monkey Park:<\/strong><\/p>\n<ul style=\"list-style-type: disc;\">\n<li>El parque es peque\u00f1o y puede visitarse en una hora aproximadamente.<\/li>\n<li>La variedad de especies no es muy grande, ya que su misi\u00f3n es cuidar de sus animales y ayudar a conservar las especies en peligro de extinci\u00f3n.<\/li>\n<li>Las zonas de interacci\u00f3n permiten a los visitantes acercarse a los animales, pero est\u00e1 prohibido tocarlos: son animales salvajes, no mascotas.<\/li>\n<li>Puedes alimentar a los animales con los aperitivos que vendemos, pero nunca debes alimentarlos con comida tra\u00edda de fuera del parque.<\/li>\n<\/ul>\n<\/div><\/div><\/div><\/div><\/div><\/div><\/section>\n","protected":false},"excerpt":{"rendered":"<p>\u00a1Vive una experiencia \u00fanica!<br data-start=\"406\" data-end=\"409\">En Monkey Park, disfrutar\u00e1s de un inolvidable encuentro cercano con los animales. Descubre su belleza y aprende m\u00e1s sobre ellos de cerca. <\/p>\n","protected":false},"featured_media":123151,"template":"","meta":{"_acf_changed":false,"_joinchat":[]},"product_brand":[],"product_cat":[185],"product_tag":[368,366,450,367],"class_list":{"0":"post-122879","1":"product","2":"type-product","3":"status-publish","4":"has-post-thumbnail","6":"product_cat-parques-tematicos-tenerife","7":"product_tag-a-grupo-amigos","8":"product_tag-a-grupo-parejas","9":"product_tag-a-vibe-parques","10":"product_tag-grupo-a-familias","11":"pa_depart-from-sur-de-la-isla","13":"first","14":"instock","15":"virtual","16":"sold-individually","17":"purchasable","18":"product-type-booking"},"acf":[],"_links":{"self":[{"href":"https:\/\/thetenerifechannel.com\/es\/wp-json\/wp\/v2\/product\/122879","targetHints":{"allow":["GET"]}}],"collection":[{"href":"https:\/\/thetenerifechannel.com\/es\/wp-json\/wp\/v2\/product"}],"about":[{"href":"https:\/\/thetenerifechannel.com\/es\/wp-json\/wp\/v2\/types\/product"}],"wp:featuredmedia":[{"embeddable":true,"href":"https:\/\/thetenerifechannel.com\/es\/wp-json\/wp\/v2\/media\/123151"}],"wp:attachment":[{"href":"https:\/\/thetenerifechannel.com\/es\/wp-json\/wp\/v2\/media?parent=122879"}],"wp:term":[{"taxonomy":"product_brand","embeddable":true,"href":"https:\/\/thetenerifechannel.com\/es\/wp-json\/wp\/v2\/product_brand?post=122879"},{"taxonomy":"product_cat","embeddable":true,"href":"https:\/\/thetenerifechannel.com\/es\/wp-json\/wp\/v2\/product_cat?post=122879"},{"taxonomy":"product_tag","embeddable":true,"href":"https:\/\/thetenerifechannel.com\/es\/wp-json\/wp\/v2\/product_tag?post=122879"}],"curies":[{"name":"wp","href":"https:\/\/api.w.org\/{rel}","templated":true}]}}