{"id":123856,"date":"2026-04-20T13:04:11","date_gmt":"2026-04-20T13:04:11","guid":{"rendered":"https:\/\/thetenerifechannel.com\/excursions\/senderismo\/"},"modified":"2026-04-21T09:46:43","modified_gmt":"2026-04-21T09:46:43","slug":"senderismo","status":"publish","type":"product","link":"https:\/\/thetenerifechannel.com\/es\/excursions\/senderismo\/","title":{"rendered":"Senderismo"},"content":{"rendered":"<section class=\"l-section wpb_row height_huge\"><div class=\"l-section-h i-cf\"><div class=\"g-cols vc_row via_grid cols_1 laptops-cols_inherit tablets-cols_inherit mobiles-cols_1 valign_top type_default stacking_default\"><div class=\"wpb_column vc_column_container\"><div class=\"vc_column-inner\"><div class=\"wpb_text_column\"><div class=\"wpb_wrapper\"><p><strong><span>SENDERISMO LA LAGUNA &#8211; ANAGA <\/span><\/strong><span>&#8211; Todos los lunes<\/span><\/p>\n<p><span>Disfruta de una excursi\u00f3n de dos horas por el frondoso bosque de laurisilva de Las Mercedes, en el Parque Rural de Anaga, seguida de tiempo libre para explorar la ciudad de San Crist\u00f3bal de La Laguna, declarada Patrimonio de la Humanidad por la UNESCO.<\/span><\/p>\n<p><u><span>Dificultad<\/span><\/u><span>: 2\/6<br \/>\n<u>Duraci\u00f3n de la excursi\u00f3n<\/u> 1h30\/2h00 (duraci\u00f3n de la excursi\u00f3n: d\u00eda completo)<br \/>\n<u>Desnivel<\/u>: +300 m\/-300 m<br \/>\n<\/span><\/p>\n<p>&nbsp;<\/p>\n<p><strong><span>SENDERISMO TEIDE LIGHT <\/span><\/strong><span>&#8211; Todos los jueves<\/span><\/p>\n<p><span>Descubre el parque nacional del Teide, patrimonio mundial de la UNESCO, paseando por los &#8220;Roques de Garc\u00eda&#8221; entre coladas de lava y formas volc\u00e1nicas. Observaremos la flora y la fauna y tambi\u00e9n nos encontraremos con una experiencia \u00fanica, \u00a1rodeados de un asombroso paisaje mineral y volc\u00e1nico! <\/span><\/p>\n<p><u><span>Dificultad<\/span><\/u><span>: 2\/6<br \/>\n<u>Duraci\u00f3n de la excursi\u00f3n<\/u> 1h30\/2h00 (duraci\u00f3n de la excursi\u00f3n: d\u00eda completo)<br \/>\n<u>Desnivel<\/u>: +175 m\/-175 m<br \/>\n<\/span><\/p>\n<p>&nbsp;<\/p>\n<p><strong><span>CAMINO REAL <\/span><\/strong><span>&#8211; Todos los mi\u00e9rcoles<\/span><\/p>\n<p><span>A lo largo de este antiguo Camino Real, estaremos rodeados de una naturaleza \u00fanica, tendremos una vista impresionante del Teide, podr\u00e1s observar la flora end\u00e9mica canaria, disfrutar de paisajes incre\u00edbles.  <\/span><\/p>\n<p><u><span>Dificultad<\/span><\/u><span>: 3\/6<br \/>\n<u>Punto de partida<\/u>: Santiago del Teide<br \/>\n<u>Duraci\u00f3n de la excursi\u00f3n<\/u>: 3h30\/4h00 (duraci\u00f3n de la excursi\u00f3n: d\u00eda completo)<br \/>\n<u>Desnivel<\/u>: +352m\/-352m<\/span><\/p>\n<p><span>&#8212;&#8212;&#8212;&#8212;&#8212;&#8212;&#8212;&#8212;&#8212;&#8212;&#8212;&#8212;-<br \/>\n<\/span><\/p>\n<p><strong>Incluido: <\/strong><\/p>\n<ul>\n<li>Gu\u00eda de monta\u00f1a,<\/li>\n<li><span>Transporte desde tu alojamiento en el sur de Tenerife.<\/span><\/li>\n<\/ul>\n<p><strong><span>No se incluye:<\/span><\/strong><\/p>\n<ul>\n<li><span>Lleva agua y algo de comida.<\/span><\/li>\n<\/ul>\n<p><span> <\/span><\/p>\n<\/div><\/div><\/div><\/div><\/div><\/div><\/section>\n","protected":false},"excerpt":{"rendered":"<p>Descubre Tenerife a pie a trav\u00e9s de tres experiencias \u00fanicas de senderismo: explora los paisajes volc\u00e1nicos del <span class=\"hover:entity-accent entity-underline inline cursor-pointer align-baseline\"><span class=\"whitespace-normal\">Parque Nacional del Teide<\/span><\/span>recorre los frondosos senderos del <span class=\"hover:entity-accent entity-underline inline cursor-pointer align-baseline\"><span class=\"whitespace-normal\">Parque Rural de Anaga<\/span><\/span>y disfruta de un paseo por la naturaleza centrado en las plantas aut\u00f3ctonas y la rica biodiversidad de la isla. Cada ruta revela una cara distinta de Tenerife: salvaje, verde y volc\u00e1nica. <\/p>\n","protected":false},"featured_media":124001,"template":"","meta":{"_acf_changed":false,"_joinchat":[]},"product_brand":[],"product_cat":[272,184],"product_tag":[],"class_list":{"0":"post-123856","1":"product","2":"type-product","3":"status-publish","4":"has-post-thumbnail","6":"product_cat-aventura-en-la-naturaleza","7":"product_cat-vuelta-a-la-isla-autobus-tenerife","9":"first","10":"instock","11":"sold-individually","12":"shipping-taxable","13":"purchasable","14":"product-type-booking"},"acf":[],"_links":{"self":[{"href":"https:\/\/thetenerifechannel.com\/es\/wp-json\/wp\/v2\/product\/123856","targetHints":{"allow":["GET"]}}],"collection":[{"href":"https:\/\/thetenerifechannel.com\/es\/wp-json\/wp\/v2\/product"}],"about":[{"href":"https:\/\/thetenerifechannel.com\/es\/wp-json\/wp\/v2\/types\/product"}],"wp:featuredmedia":[{"embeddable":true,"href":"https:\/\/thetenerifechannel.com\/es\/wp-json\/wp\/v2\/media\/124001"}],"wp:attachment":[{"href":"https:\/\/thetenerifechannel.com\/es\/wp-json\/wp\/v2\/media?parent=123856"}],"wp:term":[{"taxonomy":"product_brand","embeddable":true,"href":"https:\/\/thetenerifechannel.com\/es\/wp-json\/wp\/v2\/product_brand?post=123856"},{"taxonomy":"product_cat","embeddable":true,"href":"https:\/\/thetenerifechannel.com\/es\/wp-json\/wp\/v2\/product_cat?post=123856"},{"taxonomy":"product_tag","embeddable":true,"href":"https:\/\/thetenerifechannel.com\/es\/wp-json\/wp\/v2\/product_tag?post=123856"}],"curies":[{"name":"wp","href":"https:\/\/api.w.org\/{rel}","templated":true}]}}