{"id":123893,"date":"2026-04-20T13:32:42","date_gmt":"2026-04-20T13:32:42","guid":{"rendered":"https:\/\/thetenerifechannel.com\/?post_type=product&#038;p=123893"},"modified":"2026-04-21T10:03:34","modified_gmt":"2026-04-21T10:03:34","slug":"sabores-y-vinos-del-sur-copy","status":"publish","type":"product","link":"https:\/\/thetenerifechannel.com\/es\/excursions\/sabores-y-vinos-del-sur-copy\/","title":{"rendered":"Excursiones de agroturismo"},"content":{"rendered":"<section class=\"l-section wpb_row height_huge\"><div class=\"l-section-h i-cf\"><div class=\"g-cols vc_row via_grid cols_1 laptops-cols_inherit tablets-cols_inherit mobiles-cols_1 valign_top type_default stacking_default\"><div class=\"wpb_column vc_column_container\"><div class=\"vc_column-inner\"><div class=\"wpb_text_column\"><div class=\"wpb_wrapper\"><p><strong>Agroturismo &#8211; Aloe y Queso <\/strong>&#8211; Todos los viernes<\/p>\n<p data-start=\"0\" data-end=\"336\">Comenzaremos la excursi\u00f3n en la zona rural de Tijoco Alto, visitando una queser\u00eda tradicional canaria donde aprender\u00e1s c\u00f3mo se cuidan las cabras y las ovejas, c\u00f3mo se produce la leche fresca y c\u00f3mo se transforma en quesos artesanales galardonados. Ver\u00e1s el proceso de elaboraci\u00f3n del queso y disfrutar\u00e1s de una degustaci\u00f3n de distintas variedades. <\/p>\n<p>Luego continuaremos hacia Arona, donde visitaremos una granja de aloe vera y aprenderemos sobre esta planta tradicional, su cultivo y sus muchos usos naturales. Tambi\u00e9n ver\u00e1s c\u00f3mo se cosecha el aloe vera y tendr\u00e1s la oportunidad de probar su pulpa natural y descubrir productos relacionados. <\/p>\n<p>Duraci\u00f3n: hasta 5 horas<br data-start=\"23\" data-end=\"26\">Hora de inicio: sobre las 8:00 h<br data-start=\"52\" data-end=\"55\">Hora de finalizaci\u00f3n: antes de las 13:00 h<\/p>\n<p><strong>Incluido:<\/strong><\/p>\n<ul>\n<li><span>Transporte en autob\u00fas + comentario guiado.<\/span><\/li>\n<li><span><span>Visita a una queser\u00eda y degustaci\u00f3n de quesos.<\/span><\/span><\/li>\n<li><span><span>Visita a una granja de aloe vera.<\/span><\/span><\/li>\n<\/ul>\n<hr>\n<p><strong>Agroturismo &#8211; Pl\u00e1tanos y Vinos <\/strong>&#8211; Todos los martes<\/p>\n<section class=\"text-token-text-primary w-full focus:outline-none &#091;--shadow-height:45px&#093; has-data-writing-block:pointer-events-none has-data-writing-block:-mt-(--shadow-height) has-data-writing-block:pt-(--shadow-height) &#091;&amp;:has(&#091;data-writing-block&#093;)&gt;*&#093;:pointer-events-auto scroll-mt-(--header-height)\" dir=\"auto\" data-turn-id=\"4e5b4365-7f01-4fb7-bbe6-b2c875e02814\" data-testid=\"conversation-turn-63\" data-scroll-anchor=\"false\" data-turn=\"user\"><\/section>\n<section class=\"text-token-text-primary w-full focus:outline-none &#091;--shadow-height:45px&#093; has-data-writing-block:pointer-events-none has-data-writing-block:-mt-(--shadow-height) has-data-writing-block:pt-(--shadow-height) &#091;&amp;:has(&#091;data-writing-block&#093;)&gt;*&#093;:pointer-events-auto scroll-mt-&#091;calc(var(--header-height)+min(200px,max(70px,20svh)))&#093;\" dir=\"auto\" data-turn-id=\"request-WEB:5e23f363-5277-4bdb-a465-f3bcc7638e84-31\" data-testid=\"conversation-turn-64\" data-scroll-anchor=\"true\" data-turn=\"assistant\">\n<div class=\"text-base my-auto mx-auto pb-10 &#091;--thread-content-margin:var(--thread-content-margin-xs,calc(var(--spacing)*4))&#093; @w-sm\/main:&#091;--thread-content-margin:var(--thread-content-margin-sm,calc(var(--spacing)*6))&#093; @w-lg\/main:&#091;--thread-content-margin:var(--thread-content-margin-lg,calc(var(--spacing)*16))&#093; px-(--thread-content-margin)\">\n<div class=\"&#091;--thread-content-max-width:40rem&#093; @w-lg\/main:&#091;--thread-content-max-width:48rem&#093; mx-auto max-w-(--thread-content-max-width) flex-1 group\/turn-messages focus-visible:outline-hidden relative flex w-full min-w-0 flex-col agent-turn\">\n<div class=\"flex max-w-full flex-col gap-4 grow\">\n<div class=\"min-h-8 text-message relative flex w-full flex-col items-end gap-2 text-start break-words whitespace-normal outline-none keyboard-focused:focus-ring &#091;.text-message+&amp;&#093;:mt-1\" dir=\"auto\" tabindex=\"0\" data-message-author-role=\"assistant\" data-message-id=\"226b574a-d386-47bc-8902-04731c5cb45b\" data-message-model-slug=\"gpt-5-3\" data-turn-start-message=\"true\">\n<div class=\"flex w-full flex-col gap-1 empty:hidden\">\n<div class=\"markdown prose dark:prose-invert w-full wrap-break-word light markdown-new-styling\">\n<p data-start=\"0\" data-end=\"185\">Comienza tu excursi\u00f3n con una visita a una granja de pl\u00e1tanos, donde aprender\u00e1s sobre el cultivo tradicional, la historia del gofio y disfrutar\u00e1s de degustaciones de productos locales y frutas tropicales.<\/p>\n<p data-start=\"187\" data-end=\"298\">Contin\u00faa hasta el <span class=\"hover:entity-accent entity-underline inline cursor-pointer align-baseline\"><span class=\"whitespace-normal\">Mirador de la Centinela<\/span><\/span> para hacer una parada y descubrir el paisaje volc\u00e1nico de la isla.<\/p>\n<p data-start=\"300\" data-end=\"524\" data-is-last-node=\"\" data-is-only-node=\"\">A continuaci\u00f3n, la excursi\u00f3n se dirige a m\u00e1s de 1.200 metros de altitud para visitar una bodega local, donde aprender\u00e1s sobre el proceso de elaboraci\u00f3n del vino y disfrutar\u00e1s de una cata de cinco vinos maridados con productos locales, antes de regresar a tu hotel.<\/p>\n<p data-start=\"300\" data-end=\"524\" data-is-last-node=\"\" data-is-only-node=\"\">Duraci\u00f3n: hasta 5 horas<br data-start=\"23\" data-end=\"26\">Hora de inicio: sobre las 8:00 h<br data-start=\"52\" data-end=\"55\">Hora de finalizaci\u00f3n: antes de las 13:00 h<\/p>\n<p data-start=\"300\" data-end=\"524\" data-is-last-node=\"\" data-is-only-node=\"\">\n<\/div>\n<p><strong>Incluido:<\/strong><\/p>\n<ul>\n<li><span>Transporte en autob\u00fas + comentario guiado.<\/span><\/li>\n<li>Visita a una granja de pl\u00e1tanos con degustaci\u00f3n de productos locales.<\/li>\n<li>Visita a una bodega con degustaci\u00f3n de cinco vinos y especialidades locales.<\/li>\n<\/ul>\n<\/div>\n<\/div>\n<\/div>\n<\/div>\n<\/div>\n<\/section>\n<\/div><\/div><\/div><\/div><\/div><\/div><\/section>\n","protected":false},"excerpt":{"rendered":"<p data-pm-slice=\"1 1 []\">Descubre el aut\u00e9ntico lado rural de Tenerife a trav\u00e9s de inmersivas excursiones de agroturismo. Visita granjas y plantaciones locales, aprende sobre el cultivo tradicional del pl\u00e1tano y el famoso aloe vera de la isla, y disfruta de catas guiadas de quesos artesanales y vinos canarios. Una experiencia \u00fanica que te conecta con la cultura, la naturaleza y los sabores locales.  <\/p>\n","protected":false},"featured_media":123905,"template":"","meta":{"_acf_changed":false,"_joinchat":[]},"product_brand":[],"product_cat":[272,184,212],"product_tag":[366,395,397],"class_list":{"0":"post-123893","1":"product","2":"type-product","3":"status-publish","4":"has-post-thumbnail","6":"product_cat-aventura-en-la-naturaleza","7":"product_cat-vuelta-a-la-isla-autobus-tenerife","8":"product_cat-sin-categorizar","9":"product_tag-a-grupo-parejas","10":"product_tag-a-vibe-explora","11":"product_tag-a-vibe-romance","12":"pa_depart-from-sur-de-la-isla","14":"first","15":"instock","16":"virtual","17":"sold-individually","18":"purchasable","19":"product-type-booking"},"acf":[],"_links":{"self":[{"href":"https:\/\/thetenerifechannel.com\/es\/wp-json\/wp\/v2\/product\/123893","targetHints":{"allow":["GET"]}}],"collection":[{"href":"https:\/\/thetenerifechannel.com\/es\/wp-json\/wp\/v2\/product"}],"about":[{"href":"https:\/\/thetenerifechannel.com\/es\/wp-json\/wp\/v2\/types\/product"}],"wp:featuredmedia":[{"embeddable":true,"href":"https:\/\/thetenerifechannel.com\/es\/wp-json\/wp\/v2\/media\/123905"}],"wp:attachment":[{"href":"https:\/\/thetenerifechannel.com\/es\/wp-json\/wp\/v2\/media?parent=123893"}],"wp:term":[{"taxonomy":"product_brand","embeddable":true,"href":"https:\/\/thetenerifechannel.com\/es\/wp-json\/wp\/v2\/product_brand?post=123893"},{"taxonomy":"product_cat","embeddable":true,"href":"https:\/\/thetenerifechannel.com\/es\/wp-json\/wp\/v2\/product_cat?post=123893"},{"taxonomy":"product_tag","embeddable":true,"href":"https:\/\/thetenerifechannel.com\/es\/wp-json\/wp\/v2\/product_tag?post=123893"}],"curies":[{"name":"wp","href":"https:\/\/api.w.org\/{rel}","templated":true}]}}