{"id":124211,"date":"2026-04-21T12:56:15","date_gmt":"2026-04-21T12:56:15","guid":{"rendered":"https:\/\/thetenerifechannel.com\/?post_type=product&#038;p=124211"},"modified":"2026-04-21T13:48:29","modified_gmt":"2026-04-21T13:48:29","slug":"pampano-charter-privado-copy","status":"publish","type":"product","link":"https:\/\/thetenerifechannel.com\/es\/excursions\/pampano-charter-privado-copy\/","title":{"rendered":"Libbys Carta Privada"},"content":{"rendered":"<section class=\"l-section wpb_row height_huge\"><div class=\"l-section-h i-cf\"><div class=\"g-cols vc_row via_grid cols_1 laptops-cols_inherit tablets-cols_inherit mobiles-cols_1 valign_top type_default stacking_default\"><div class=\"wpb_column vc_column_container\"><div class=\"vc_column-inner\"><div class=\"wpb_text_column\"><div class=\"wpb_wrapper\"><p>\u00a1Disfruta de un exclusivo ch\u00e1rter privado en Tenerife para hasta 7 personas! Pasa 3 horas navegando por la impresionante costa, con una refrescante parada para nadar y un sabroso tentempi\u00e9 servido a bordo. La experiencia perfecta para relajarte, desconectar y descubrir las bellas aguas de Tenerife con comodidad y estilo.  <\/p>\n<p><span class=\"x1rg5ohu x16dsc37 x19la9d6 x1fc57z9 x6ikm8r x10wlt62 x19co3pv x11tp94h xw4jnvo x1qx5ct2 xfibh0p xiy17q3 x1xsqp64 x1lkfr7t xexx8yu xyri2b x18d9i69 x1c1uobl\"><span class=\"xrtxmta x1bhl96m\">\ud83d\udccd<\/span><\/span><span class=\"_aupe copyable-text xkrh14z\">Puerto Col\u00f3n (Costa Adeje)<\/span><\/p>\n<p><strong>INCLUIDO:<\/strong><\/p>\n<ul>\n<li>Recorrido de 3 horas<\/li>\n<li>Parada para ba\u00f1arse<\/li>\n<li>Tapas <em>(queso, tomate, aceitunas, tortilla espa\u00f1ola, jam\u00f3n serrano, galletas)<\/em> y bebidas <em>(cava, cerveza, coca cola, fanta, agua)<\/em><\/li>\n<\/ul>\n<p><strong>NO INCLUIDO:<\/strong><\/p>\n<ul>\n<li>Transporte<\/li>\n<\/ul>\n<p>*Ten en cuenta que, aunque es posible avistar ballenas\/delfines durante tu viaje, \u00e9sta no es una excursi\u00f3n de avistamiento de ballenas. El barco est\u00e1 dise\u00f1ado para una experiencia relajante y panor\u00e1mica a lo largo de la hermosa costa de Tenerife, con parada para nadar y almuerzo incluidos, ofreci\u00e9ndote la forma perfecta de disfrutar de un lujoso d\u00eda en el mar.<\/p>\n<\/div><\/div><\/div><\/div><\/div><\/div><\/section>\n","protected":false},"excerpt":{"rendered":"<p>Disfruta de una experiencia en barco privado de 3 horas con una refrescante parada para nadar y un sabroso tentempi\u00e9 servido a bordo.<\/p>\n<p><strong>*Cons\u00faltanos siempre antes de reservar este ch\u00e1rter privado.<\/strong><\/p>\n","protected":false},"featured_media":124221,"template":"","meta":{"_acf_changed":false,"_joinchat":[]},"product_brand":[],"product_cat":[231],"product_tag":[],"class_list":{"0":"post-124211","1":"product","2":"type-product","3":"status-publish","4":"has-post-thumbnail","6":"product_cat-charters-privados-tenerife","8":"first","9":"instock","10":"virtual","11":"sold-individually","12":"purchasable","13":"product-type-booking"},"acf":[],"_links":{"self":[{"href":"https:\/\/thetenerifechannel.com\/es\/wp-json\/wp\/v2\/product\/124211","targetHints":{"allow":["GET"]}}],"collection":[{"href":"https:\/\/thetenerifechannel.com\/es\/wp-json\/wp\/v2\/product"}],"about":[{"href":"https:\/\/thetenerifechannel.com\/es\/wp-json\/wp\/v2\/types\/product"}],"wp:featuredmedia":[{"embeddable":true,"href":"https:\/\/thetenerifechannel.com\/es\/wp-json\/wp\/v2\/media\/124221"}],"wp:attachment":[{"href":"https:\/\/thetenerifechannel.com\/es\/wp-json\/wp\/v2\/media?parent=124211"}],"wp:term":[{"taxonomy":"product_brand","embeddable":true,"href":"https:\/\/thetenerifechannel.com\/es\/wp-json\/wp\/v2\/product_brand?post=124211"},{"taxonomy":"product_cat","embeddable":true,"href":"https:\/\/thetenerifechannel.com\/es\/wp-json\/wp\/v2\/product_cat?post=124211"},{"taxonomy":"product_tag","embeddable":true,"href":"https:\/\/thetenerifechannel.com\/es\/wp-json\/wp\/v2\/product_tag?post=124211"}],"curies":[{"name":"wp","href":"https:\/\/api.w.org\/{rel}","templated":true}]}}