{"id":13022,"date":"2024-08-15T17:38:41","date_gmt":"2024-08-15T17:38:41","guid":{"rendered":"https:\/\/thetenerifechannel.com\/excursions\/sin%20categor\u00eda\/clases-de-surf\/"},"modified":"2026-03-09T13:56:32","modified_gmt":"2026-03-09T13:56:32","slug":"clases-de-surf","status":"publish","type":"product","link":"https:\/\/thetenerifechannel.com\/es\/excursions\/clases-de-surf\/","title":{"rendered":"Clases de surf"},"content":{"rendered":"<p>\u00a1Atrapa las olas con Sesiones de Surf de 2 horas en Tenerife! Tanto si eres un principiante como un surfista experimentado, puedes elegir entre clases particulares o en grupo, disponibles para todos los niveles de habilidad.<\/p>\n<p>Estas sesiones con instructores expertos est\u00e1n dise\u00f1adas para que te diviertas, aprendas r\u00e1pido y cabalgues las olas con seguridad. \u00a1Prueba este popular deporte para que tu visita a Tenerife sea inolvidable con cada ola que cojas! <\/p>\n<p><span>En Playa de Las Am\u00e9ricas, cada clase comienza con 30 minutos de teor\u00eda y calentamiento fuera del agua. Despu\u00e9s, seguimos con aproximadamente 1 hora y 30 minutos de pr\u00e1ctica en el mar. <\/span><\/p>\n<p><strong>INCLUIDO:<\/strong><\/p>\n<ul>\n<li class=\"dsm_icon_list_child dsm_icon_list_child_0\"><span class=\"dsm_icon_list_text\">Tabla de surf \/ bodyboard<\/span><\/li>\n<li class=\"dsm_icon_list_child dsm_icon_list_child_1\"><span class=\"dsm_icon_list_text\">Traje de neopreno<\/span><\/li>\n<li class=\"dsm_icon_list_child dsm_icon_list_child_3\"><span class=\"dsm_icon_list_text\">Escarpines (opcional)<\/span><\/li>\n<li class=\"dsm_icon_list_child dsm_icon_list_child_4\"><span class=\"dsm_icon_list_text\">Aletas (para bodyboard)<\/span><\/li>\n<li class=\"dsm_icon_list_child dsm_icon_list_child_6\"><span class=\"dsm_icon_list_text\">Seguro de accidentes<\/span><\/li>\n<\/ul>\n<p><strong>NO INCLUIDO:<\/strong><\/p>\n<ul>\n<li>Transporte<\/li>\n<\/ul>\n<p>*Los menores de 13 a\u00f1os deben tomar la clase privada o semiprivada con otro miembro de la familia.<br \/>\n*Edad m\u00ednima: 5 a\u00f1os.<\/p>\n<p>&nbsp;<\/p>\n","protected":false},"excerpt":{"rendered":"<p><span>Experimenta la sensaci\u00f3n de surfear olas en Playa de Las Am\u00e9ricas. <\/span><span>Clases adaptadas a todos los niveles para<\/span><span> ayudarte a coger tu primera ola en Tenerife.<br \/>\nClases particulares o en grupo disponibles.<\/span><\/p>\n","protected":false},"featured_media":12983,"template":"","meta":{"_acf_changed":false,"_joinchat":[]},"product_brand":[],"product_cat":[187],"product_tag":[],"class_list":{"0":"post-13022","1":"product","2":"type-product","3":"status-publish","4":"has-post-thumbnail","6":"product_cat-deportes-acuaticos-tenerife","7":"pa_depart-from-sur-de-la-isla","9":"first","10":"instock","11":"virtual","12":"sold-individually","13":"purchasable","14":"product-type-booking"},"acf":[],"_links":{"self":[{"href":"https:\/\/thetenerifechannel.com\/es\/wp-json\/wp\/v2\/product\/13022","targetHints":{"allow":["GET"]}}],"collection":[{"href":"https:\/\/thetenerifechannel.com\/es\/wp-json\/wp\/v2\/product"}],"about":[{"href":"https:\/\/thetenerifechannel.com\/es\/wp-json\/wp\/v2\/types\/product"}],"wp:featuredmedia":[{"embeddable":true,"href":"https:\/\/thetenerifechannel.com\/es\/wp-json\/wp\/v2\/media\/12983"}],"wp:attachment":[{"href":"https:\/\/thetenerifechannel.com\/es\/wp-json\/wp\/v2\/media?parent=13022"}],"wp:term":[{"taxonomy":"product_brand","embeddable":true,"href":"https:\/\/thetenerifechannel.com\/es\/wp-json\/wp\/v2\/product_brand?post=13022"},{"taxonomy":"product_cat","embeddable":true,"href":"https:\/\/thetenerifechannel.com\/es\/wp-json\/wp\/v2\/product_cat?post=13022"},{"taxonomy":"product_tag","embeddable":true,"href":"https:\/\/thetenerifechannel.com\/es\/wp-json\/wp\/v2\/product_tag?post=13022"}],"curies":[{"name":"wp","href":"https:\/\/api.w.org\/{rel}","templated":true}]}}