{"id":15997,"date":"2024-09-03T16:04:52","date_gmt":"2024-09-03T16:04:52","guid":{"rendered":"https:\/\/thetenerifechannel.com\/excursions\/sin%20categor\u00eda\/history-la-evolucion-de-la-musica\/"},"modified":"2026-03-09T13:56:32","modified_gmt":"2026-03-09T13:56:32","slug":"history-la-evolucion-de-la-musica","status":"publish","type":"product","link":"https:\/\/thetenerifechannel.com\/es\/excursions\/history-la-evolucion-de-la-musica\/","title":{"rendered":"History &#8211; La evoluci\u00f3n de la m\u00fasica"},"content":{"rendered":"<p>Historia &#8211; La Evoluci\u00f3n de la M\u00fasica es un musical cautivador lleno de color, talento y emoci\u00f3n. Con m\u00e1s de 30 m\u00fasicos, cantantes, bailarines y acr\u00f3batas, esta espectacular producci\u00f3n rinde homenaje a los m\u00e1s grandes compositores, grupos e int\u00e9rpretes de todos los tiempos, desde Mozart a Michael Jackson. <\/p>\n<p>\u00danete a un viaje a trav\u00e9s de la danza, el cine, el teatro y la m\u00fasica ic\u00f3nica que ha dado forma a nuestras vidas. La Historia da vida a los hitos de la evoluci\u00f3n musical, desde los cantos gregorianos a \u201cThe Wall\u201d de Pink Floyd, las sinfon\u00edas de Beethoven al rock de Queen, de Chopin a los Beatles, de las \u00f3peras de Caruso a Elvis Presley, y del soul de Ella Fitzgerald al pop de Madonna. <\/p>\n<p>Este extraordinario espect\u00e1culo celebra todos los grandes iconos y estilos de la historia de la m\u00fasica, ofreciendo una experiencia emocionante para toda la familia. Con una impresionante puesta en escena y un vestuario asombroso, Historia transporta a los espectadores a trav\u00e9s del tiempo, mezclando emoci\u00f3n, entretenimiento y un profundo amor por las artes esc\u00e9nicas de una forma que despierta la imaginaci\u00f3n. Perfecto tanto para adultos como para ni\u00f1os.  <\/p>\n<ul>\n<li>Lugar: auditorio Pir\u00e1mide de Arona (Playa de Las Am\u00e9ricas).<\/li>\n<li>Duraci\u00f3n: 2h15 minutos<\/li>\n<li>Descanso: 15 min<\/li>\n<li>Apertura de puertas: 20:00 h. Inicio del espect\u00e1culo: 21:00 h. <\/li>\n<li>Plazas no numeradas: las plazas est\u00e1n disponibles por orden de llegada.<\/li>\n<li>Acceso para discapacitados<\/li>\n<\/ul>\n<p>&nbsp;<\/p>\n","protected":false},"excerpt":{"rendered":"<p><span>La Evoluci\u00f3n de la M\u00fasica es un vibrante espect\u00e1culo musical en el que participan m\u00e1s de 30 m\u00fasicos, cantantes, bailarines y acr\u00f3batas de gran talento. Esta animada producci\u00f3n rinde homenaje a los m\u00e1s grandes artistas de todos los tiempos, desde Mozart a Michael Jackson, ofreciendo un colorido y emotivo viaje a trav\u00e9s de la historia de la m\u00fasica. <\/span><\/p>\n","protected":false},"featured_media":15979,"template":"","meta":{"_acf_changed":false,"_joinchat":[]},"product_brand":[],"product_cat":[189],"product_tag":[264],"class_list":{"0":"post-15997","1":"product","2":"type-product","3":"status-publish","4":"has-post-thumbnail","6":"product_cat-espectaculos-nocturnos-tenerife","7":"product_tag-tarjetas-principales","9":"first","10":"instock","11":"virtual","12":"sold-individually","13":"purchasable","14":"product-type-booking"},"acf":[],"_links":{"self":[{"href":"https:\/\/thetenerifechannel.com\/es\/wp-json\/wp\/v2\/product\/15997","targetHints":{"allow":["GET"]}}],"collection":[{"href":"https:\/\/thetenerifechannel.com\/es\/wp-json\/wp\/v2\/product"}],"about":[{"href":"https:\/\/thetenerifechannel.com\/es\/wp-json\/wp\/v2\/types\/product"}],"wp:featuredmedia":[{"embeddable":true,"href":"https:\/\/thetenerifechannel.com\/es\/wp-json\/wp\/v2\/media\/15979"}],"wp:attachment":[{"href":"https:\/\/thetenerifechannel.com\/es\/wp-json\/wp\/v2\/media?parent=15997"}],"wp:term":[{"taxonomy":"product_brand","embeddable":true,"href":"https:\/\/thetenerifechannel.com\/es\/wp-json\/wp\/v2\/product_brand?post=15997"},{"taxonomy":"product_cat","embeddable":true,"href":"https:\/\/thetenerifechannel.com\/es\/wp-json\/wp\/v2\/product_cat?post=15997"},{"taxonomy":"product_tag","embeddable":true,"href":"https:\/\/thetenerifechannel.com\/es\/wp-json\/wp\/v2\/product_tag?post=15997"}],"curies":[{"name":"wp","href":"https:\/\/api.w.org\/{rel}","templated":true}]}}