{"id":16474,"date":"2024-09-06T15:09:13","date_gmt":"2024-09-06T15:09:13","guid":{"rendered":"https:\/\/thetenerifechannel.com\/excursions\/sin%20categor\u00eda\/jetcar\/"},"modified":"2026-03-09T13:56:20","modified_gmt":"2026-03-09T13:56:20","slug":"jetcar","status":"publish","type":"product","link":"https:\/\/thetenerifechannel.com\/es\/excursions\/jetcar\/","title":{"rendered":"JetCar"},"content":{"rendered":"<p>\u00a1La aventura acu\u00e1tica definitiva en Tenerife! Sube a bordo y disfruta de 45 \u00f3 60 minutos de pura adrenalina. Esta lancha \u00fanica tiene capacidad para 3 pasajeros, y t\u00fa tienes el control: eres el capit\u00e1n de tu propio Jetcar. La aventura comienza en cuanto subes a bordo, d\u00e1ndote la libertad de navegar de forma independiente y sentir la emoci\u00f3n de surcar las olas mientras conduces el Jetcar.   <\/p>\n<p>Reserva ahora tu viaje y experimenta la m\u00e1xima libertad en el mar.<\/p>\n<ul>\n<li>Edad m\u00ednima: 6 a\u00f1os<\/li>\n<li>Recogida disponible (entre Los Cristianos y Callao Salvaje)<\/li>\n<\/ul>\n","protected":false},"excerpt":{"rendered":"<p>\u00a1Vive la emoci\u00f3n del oc\u00e9ano con el Jetcar! Toma el control de tu propio Jetcar de alta velocidad durante 45 \u00f3 60 minutos de aventura llena de adrenalina. Siente la libertad mientras surcas las olas y disfrutas de unas vistas impresionantes.  <\/p>\n","protected":false},"featured_media":16452,"template":"","meta":{"_acf_changed":false,"_joinchat":[]},"product_brand":[],"product_cat":[187],"product_tag":[],"class_list":{"0":"post-16474","1":"product","2":"type-product","3":"status-publish","4":"has-post-thumbnail","6":"product_cat-deportes-acuaticos-tenerife","8":"first","9":"instock","10":"virtual","11":"sold-individually","12":"purchasable","13":"product-type-booking"},"acf":[],"_links":{"self":[{"href":"https:\/\/thetenerifechannel.com\/es\/wp-json\/wp\/v2\/product\/16474","targetHints":{"allow":["GET"]}}],"collection":[{"href":"https:\/\/thetenerifechannel.com\/es\/wp-json\/wp\/v2\/product"}],"about":[{"href":"https:\/\/thetenerifechannel.com\/es\/wp-json\/wp\/v2\/types\/product"}],"wp:featuredmedia":[{"embeddable":true,"href":"https:\/\/thetenerifechannel.com\/es\/wp-json\/wp\/v2\/media\/16452"}],"wp:attachment":[{"href":"https:\/\/thetenerifechannel.com\/es\/wp-json\/wp\/v2\/media?parent=16474"}],"wp:term":[{"taxonomy":"product_brand","embeddable":true,"href":"https:\/\/thetenerifechannel.com\/es\/wp-json\/wp\/v2\/product_brand?post=16474"},{"taxonomy":"product_cat","embeddable":true,"href":"https:\/\/thetenerifechannel.com\/es\/wp-json\/wp\/v2\/product_cat?post=16474"},{"taxonomy":"product_tag","embeddable":true,"href":"https:\/\/thetenerifechannel.com\/es\/wp-json\/wp\/v2\/product_tag?post=16474"}],"curies":[{"name":"wp","href":"https:\/\/api.w.org\/{rel}","templated":true}]}}