{"id":23128,"date":"2024-10-17T12:55:31","date_gmt":"2024-10-17T12:55:31","guid":{"rendered":"https:\/\/thetenerifechannel.com\/?post_type=product&#038;p=23128"},"modified":"2024-10-18T08:08:55","modified_gmt":"2024-10-18T08:08:55","slug":"siam-night-copy","status":"publish","type":"product","link":"https:\/\/thetenerifechannel.com\/es\/excursions\/siam-night-copy\/","title":{"rendered":"Siam Scary Night &#8211; Halloween"},"content":{"rendered":"<p>\u00a1Prep\u00e1rate para una experiencia escalofriante en la Noche de Terror de Siam Park! Al caer la noche, el parque se transforma en un emocionante mundo de sustos y sorpresas. Esta noche est\u00e1 repleta de emoci\u00f3n para quienes se atrevan a entrar. Monta en los famosos toboganes acu\u00e1ticos del parque al amparo de la noche. Es una noche llena de emociones, escalofr\u00edos y momentos inolvidables. \u00bfTienes lo que hay que tener para sobrevivir a la Noche de Terror de Siam Park? *Abierto de 21 h a 23 h<br \/>\n*Los menores de 16 a\u00f1os deben ir acompa\u00f1ados de un adulto.<br \/>\n*Ver informaci\u00f3n importante para el horario de recogida.     <\/p>\n","protected":false},"excerpt":{"rendered":"<p><span>Prep\u00e1rate para una emocionante Noche de Terror en Siam Park, llena de espeluznantes sorpresas, inquietantes atracciones y emoci\u00f3n sin l\u00edmites al anochecer.<\/span><\/p>\n","protected":false},"featured_media":23163,"template":"","meta":{"_acf_changed":false,"_joinchat":[]},"product_brand":[],"product_cat":[185,191],"product_tag":[],"class_list":{"0":"post-23128","1":"product","2":"type-product","3":"status-publish","4":"has-post-thumbnail","6":"product_cat-parques-tematicos-tenerife","7":"product_cat-siam-park-tenerife-es","8":"pa_depart-from-norte-de-la-isla","9":"pa_depart-from-sur-de-la-isla","11":"first","12":"instock","13":"virtual","14":"sold-individually","15":"purchasable","16":"product-type-booking"},"acf":[],"_links":{"self":[{"href":"https:\/\/thetenerifechannel.com\/es\/wp-json\/wp\/v2\/product\/23128","targetHints":{"allow":["GET"]}}],"collection":[{"href":"https:\/\/thetenerifechannel.com\/es\/wp-json\/wp\/v2\/product"}],"about":[{"href":"https:\/\/thetenerifechannel.com\/es\/wp-json\/wp\/v2\/types\/product"}],"wp:featuredmedia":[{"embeddable":true,"href":"https:\/\/thetenerifechannel.com\/es\/wp-json\/wp\/v2\/media\/23163"}],"wp:attachment":[{"href":"https:\/\/thetenerifechannel.com\/es\/wp-json\/wp\/v2\/media?parent=23128"}],"wp:term":[{"taxonomy":"product_brand","embeddable":true,"href":"https:\/\/thetenerifechannel.com\/es\/wp-json\/wp\/v2\/product_brand?post=23128"},{"taxonomy":"product_cat","embeddable":true,"href":"https:\/\/thetenerifechannel.com\/es\/wp-json\/wp\/v2\/product_cat?post=23128"},{"taxonomy":"product_tag","embeddable":true,"href":"https:\/\/thetenerifechannel.com\/es\/wp-json\/wp\/v2\/product_tag?post=23128"}],"curies":[{"name":"wp","href":"https:\/\/api.w.org\/{rel}","templated":true}]}}