{"id":23493,"date":"2024-10-04T19:17:06","date_gmt":"2024-10-04T19:17:06","guid":{"rendered":"https:\/\/thetenerifechannel.com\/product\/opera-33-alquiler-privado\/"},"modified":"2026-03-09T13:56:20","modified_gmt":"2026-03-09T13:56:20","slug":"opera-33-alquiler-privado","status":"publish","type":"product","link":"https:\/\/thetenerifechannel.com\/es\/excursions\/opera-33-alquiler-privado\/","title":{"rendered":"Opera 33 Alquiler privado"},"content":{"rendered":"<p><span>Experimenta el lujo de un  <\/span><span>\u00a1ch\u00e1rter privado en Tenerife! Disfruta de un exclusivo viaje en barco de 3 horas por la hermosa costa, con una refrescante parada para nadar y un delicioso almuerzo a bordo. Perfecto para quienes buscan relajarse, desconectar y explorar las aguas de Tenerife con estilo.  <\/span><\/p>\n<p><strong>INCLUIDO:<\/strong><\/p>\n<ul>\n<li>Recorrido de 3 horas<\/li>\n<li>Parada para ba\u00f1arse<\/li>\n<li>Comida y bebidas<\/li>\n<\/ul>\n<p>*Ten en cuenta que, aunque es posible que veas ballenas durante tu viaje, el objetivo principal de esta excursi\u00f3n en barco no es el avistamiento de ballenas. El barco est\u00e1 dise\u00f1ado para una experiencia relajante y panor\u00e1mica a lo largo de la hermosa costa de Tenerife, con parada para nadar y almuerzo incluidos, ofreci\u00e9ndote la forma perfecta de disfrutar de un lujoso d\u00eda en el mar. <\/p>\n","protected":false},"excerpt":{"rendered":"<p><span>Disfruta de una excursi\u00f3n privada en barco de 3 horas, con una refrescante parada para nadar y un delicioso almuerzo a bordo.<\/span><\/p>\n<p><strong>*Cons\u00faltanos siempre antes de reservar este ch\u00e1rter privado.<\/strong><\/p>\n","protected":false},"featured_media":21928,"template":"","meta":{"_acf_changed":false,"_joinchat":[]},"product_brand":[],"product_cat":[231],"product_tag":[],"class_list":{"0":"post-23493","1":"product","2":"type-product","3":"status-publish","4":"has-post-thumbnail","6":"product_cat-charters-privados-tenerife","8":"first","9":"instock","10":"virtual","11":"sold-individually","12":"purchasable","13":"product-type-booking"},"acf":[],"_links":{"self":[{"href":"https:\/\/thetenerifechannel.com\/es\/wp-json\/wp\/v2\/product\/23493","targetHints":{"allow":["GET"]}}],"collection":[{"href":"https:\/\/thetenerifechannel.com\/es\/wp-json\/wp\/v2\/product"}],"about":[{"href":"https:\/\/thetenerifechannel.com\/es\/wp-json\/wp\/v2\/types\/product"}],"wp:featuredmedia":[{"embeddable":true,"href":"https:\/\/thetenerifechannel.com\/es\/wp-json\/wp\/v2\/media\/21928"}],"wp:attachment":[{"href":"https:\/\/thetenerifechannel.com\/es\/wp-json\/wp\/v2\/media?parent=23493"}],"wp:term":[{"taxonomy":"product_brand","embeddable":true,"href":"https:\/\/thetenerifechannel.com\/es\/wp-json\/wp\/v2\/product_brand?post=23493"},{"taxonomy":"product_cat","embeddable":true,"href":"https:\/\/thetenerifechannel.com\/es\/wp-json\/wp\/v2\/product_cat?post=23493"},{"taxonomy":"product_tag","embeddable":true,"href":"https:\/\/thetenerifechannel.com\/es\/wp-json\/wp\/v2\/product_tag?post=23493"}],"curies":[{"name":"wp","href":"https:\/\/api.w.org\/{rel}","templated":true}]}}