{"id":24843,"date":"2024-10-29T10:07:45","date_gmt":"2024-10-29T10:07:45","guid":{"rendered":"https:\/\/thetenerifechannel.com\/product\/la-palma\/"},"modified":"2026-03-09T13:56:09","modified_gmt":"2026-03-09T13:56:09","slug":"la-palma","status":"publish","type":"product","link":"https:\/\/thetenerifechannel.com\/es\/excursions\/la-palma\/","title":{"rendered":"La Palma"},"content":{"rendered":"<p><span>\u00a1Descubre la belleza de La Palma! Salida en ferry desde Los Cristianos. <\/span><\/p>\n<ul>\n<li><strong>10:15 h Llegada al muelle de Santa Cruz de La Palma.<\/strong><br \/>\nTu d\u00eda comienza cuando llegues al puerto de Santa Cruz de La Palma, donde desembarcaremos y te preparar\u00e1s para explorar esta hermosa isla canaria. Santa Cruz es la capital de La Palma, conocida por su encanto hist\u00f3rico y su arquitectura colonial. <\/li>\n<li><strong>Paseo por la capital de Santa Cruz.<\/strong><br \/>\nComenzaremos el recorrido con un breve paseo por el centro de la ciudad, donde descubrir\u00e1s su arquitectura tradicional, sus calles empedradas y sus bellos rincones.<\/li>\n<li><strong>Visita al Volc\u00e1n T<\/strong>ajogaite<strong>.<\/strong><br \/>\nDejamos atr\u00e1s la capital y nos dirigimos al Volc\u00e1n Tajogaite, que es uno de los puntos m\u00e1s emblem\u00e1ticos de la isla debido a la reciente erupci\u00f3n que tuvo lugar en 2021. Este volc\u00e1n ha dejado una profunda huella geol\u00f3gica en la isla, y su paisaje posterior a la erupci\u00f3n ofrece unas vistas espectaculares. <\/li>\n<li><strong><span style=\"letter-spacing: 0em;\">Almuerzo en un restaurante local.<br \/>\n<\/span><\/strong><span style=\"letter-spacing: 0em;\">Tras la visita al volc\u00e1n, es hora de relajarse y disfrutar de una comida incluida en el precio de la excursi\u00f3n.<\/span><\/li>\n<li><strong><span style=\"letter-spacing: 0em;\">Visita al Santuario de las Nieves<br \/>\n<\/span><\/strong><span style=\"letter-spacing: 0em;\">Despu\u00e9s de comer, nos dirigimos al Santuario de las Nieves, situado en las monta\u00f1as de<\/span><span style=\"letter-spacing: 0em;\">  la isla. Esta peregrinaci\u00f3n   <\/span><span style=\"letter-spacing: 0em;\">es uno de los lugares de peregrinaci\u00f3n m\u00e1s importantes de La Palma<\/span><span style=\"letter-spacing: 0em;\">dedicado a la Virgen de las Nieves, patrona de la isla. <\/span><span style=\"letter-spacing: 0em;\">Desde aqu\u00ed puedes disfrutar de impresionantes vistas del <\/span><span style=\"letter-spacing: 0em;\">impresionante entorno monta\u00f1oso y del valle.<\/span><\/li>\n<li><strong><span style=\"letter-spacing: 0em;\">Regreso al muelle de Santa Cruz de La Palma.<br \/>\n<\/span><\/strong><span style=\"letter-spacing: 0em;\">Por \u00faltimo, regresaremos al puerto de Santa Cruz,  <\/span><span style=\"letter-spacing: 0em;\">donde terminar\u00e1 nuestra excursi\u00f3n. Esta es la despedida  <\/span><span style=\"letter-spacing: 0em;\">tiempo suficiente para embarcar y continuar tu viaje.<\/span><\/li>\n<\/ul>\n<p><strong>INCLUYE:<\/strong><\/p>\n<ul>\n<li>Traslado al puerto de Los Cristianos y regreso al hotel<\/li>\n<li>Gu\u00eda oficial<\/li>\n<li>Autob\u00fas con aire acondicionado<\/li>\n<li>Almuerzo<\/li>\n<li>Billetes de ferry<\/li>\n<\/ul>\n<p><strong>IMPORTANTE:<\/strong><\/p>\n<p>La hora de recogida se confirmar\u00e1 el d\u00eda anterior a la excursi\u00f3n.<br \/>\nRecuerda traer tu DNI o pasaporte original.<\/p>\n","protected":false},"excerpt":{"rendered":"<p><span>Descubre la belleza de La Palma con visitas a lugares emblem\u00e1ticos como el Santuario Virgen de las Nieves, el mirador de Cumbrecita y el majestuoso volc\u00e1n Cumbre Vieja. Disfruta de un pintoresco almuerzo en la costa oeste y, si el tiempo lo permite, de un paseo por el centro hist\u00f3rico de Santa Cruz de La Palma. <\/span><\/p>\n","protected":false},"featured_media":24826,"template":"","meta":{"_acf_changed":false,"_joinchat":[]},"product_brand":[],"product_cat":[262],"product_tag":[],"class_list":{"0":"post-24843","1":"product","2":"type-product","3":"status-publish","4":"has-post-thumbnail","6":"product_cat-excursiones-a-otras-islas","8":"first","9":"instock","10":"virtual","11":"sold-individually","12":"purchasable","13":"product-type-booking"},"acf":[],"_links":{"self":[{"href":"https:\/\/thetenerifechannel.com\/es\/wp-json\/wp\/v2\/product\/24843","targetHints":{"allow":["GET"]}}],"collection":[{"href":"https:\/\/thetenerifechannel.com\/es\/wp-json\/wp\/v2\/product"}],"about":[{"href":"https:\/\/thetenerifechannel.com\/es\/wp-json\/wp\/v2\/types\/product"}],"wp:featuredmedia":[{"embeddable":true,"href":"https:\/\/thetenerifechannel.com\/es\/wp-json\/wp\/v2\/media\/24826"}],"wp:attachment":[{"href":"https:\/\/thetenerifechannel.com\/es\/wp-json\/wp\/v2\/media?parent=24843"}],"wp:term":[{"taxonomy":"product_brand","embeddable":true,"href":"https:\/\/thetenerifechannel.com\/es\/wp-json\/wp\/v2\/product_brand?post=24843"},{"taxonomy":"product_cat","embeddable":true,"href":"https:\/\/thetenerifechannel.com\/es\/wp-json\/wp\/v2\/product_cat?post=24843"},{"taxonomy":"product_tag","embeddable":true,"href":"https:\/\/thetenerifechannel.com\/es\/wp-json\/wp\/v2\/product_tag?post=24843"}],"curies":[{"name":"wp","href":"https:\/\/api.w.org\/{rel}","templated":true}]}}