{"id":29417,"date":"2024-11-19T12:03:30","date_gmt":"2024-11-19T12:03:30","guid":{"rendered":"https:\/\/thetenerifechannel.com\/product\/aventura-buggy-teide\/"},"modified":"2026-04-24T06:55:09","modified_gmt":"2026-04-24T06:55:09","slug":"aventura-buggy-teide","status":"publish","type":"product","link":"https:\/\/thetenerifechannel.com\/es\/excursions\/aventura-buggy-teide\/","title":{"rendered":"Aventura Buggy Teide"},"content":{"rendered":"<section class=\"l-section wpb_row height_huge\"><div class=\"l-section-h i-cf\"><div class=\"g-cols vc_row via_grid cols_1 laptops-cols_inherit tablets-cols_inherit mobiles-cols_1 valign_top type_default stacking_default\"><div class=\"wpb_column vc_column_container\"><div class=\"vc_column-inner\"><div class=\"wpb_text_column\"><div class=\"wpb_wrapper\"><p><span>Comenzando esta excursi\u00f3n de 3H30 desde Las Chafiras, viajar\u00e1s por rutas panor\u00e1micas a trav\u00e9s de varios pueblos encantadores del sur de Tenerife, empap\u00e1ndote del aire fresco y disfrutando de las vistas. El viaje te llevar\u00e1 al impresionante Parque Nacional de El Teide, donde har\u00e1s una parada a 2.200 metros de altitud. Aqu\u00ed tendr\u00e1s tiempo para relajarte, capturar algunas fotos panor\u00e1micas \u00fanicas y contemplar el hermoso paisaje que ofrece Tenerife. Tras esta memorable parada, emprender\u00e1s el camino de vuelta, siguiendo una ruta que muestra la hermosa costa de la isla antes de regresar al punto de partida.   <\/span><\/p>\n<p><strong>INCLUYE:<\/strong><\/p>\n<ul>\n<li>Tiempo de viaje 3,5 horas.<\/li>\n<li><span>Combustible, gu\u00eda, seguro para turistas, chaqueta\/abrigo, gafas de sol, chocolate, bocadillo y agua.<\/span><\/li>\n<li><span>Te recomendamos que lleves abrigo, aunque la empresa dispondr\u00e1 de uno para tu uso.<\/span><\/li>\n<\/ul>\n<p>*Transporte gratuito en el sur de la isla: Las Am\u00e9ricas, Los Cristianos, Costa Adeje, Fa\u00f1ab\u00e9, Torviscas, La Caleta, El M\u00e9dano, Los Abrigos, Costa del Silencio, Las Galletas, Golf del Sur y Amarilla Golf.<br \/>\nPara la recogida fuera de estas zonas, este servicio tiene un coste adicional de 10 \u20ac por buggy (recogida y vuelta), que deber\u00e1 abonarse al inicio del recorrido, consulta la disponibilidad al hacer la reserva.<\/p>\n<p><span>*Debes llevar calzado cerrado.<br \/>\n*Debes tener carnet de conducir B1. NO ACEPTAMOS PERMISOS TEMPORALES. La edad m\u00ednima del conductor es de 18 a\u00f1os.<br \/>\n*Los ni\u00f1os pueden ir de acompa\u00f1antes si miden 1,35 metros o m\u00e1s en la silla de paseo de 2 plazas. Los ni\u00f1os a partir de 2 a\u00f1os pueden ir en el asiento para beb\u00e9s de la silla de paseo de 4 plazas que proporciona la empresa. <\/span><\/p>\n<\/div><\/div><\/div><\/div><\/div><\/div><\/section>\n","protected":false},"excerpt":{"rendered":"<div class=\"flex max-w-full flex-col flex-grow\">\n<div class=\"min-h-8 text-message flex w-full flex-col items-end gap-2 whitespace-normal break-words [.text-message+&amp;]:mt-5\" dir=\"auto\" data-message-author-role=\"assistant\" data-message-id=\"bc3f96f7-f5f2-48ea-9575-478fb857310e\" data-message-model-slug=\"gpt-4o\">\n<div class=\"flex w-full flex-col gap-1 empty:hidden first:pt-[3px]\">\n<div class=\"markdown prose w-full break-words dark:prose-invert light\">\n<p>Emb\u00e1rcate en una divertida aventura en buggy por los mejores lugares de Tenerife, \u00a1y termina con unas vistas impresionantes en el Parque Nacional del Teide!<\/p>\n<\/div>\n<\/div>\n<\/div>\n<\/div>\n","protected":false},"featured_media":117580,"template":"","meta":{"_acf_changed":false,"_joinchat":[]},"product_brand":[],"product_cat":[186,184,188],"product_tag":[481,368,366,369,480,370,367],"class_list":{"0":"post-29417","1":"product","2":"type-product","3":"status-publish","4":"has-post-thumbnail","6":"product_cat-teide-tenerife-es","7":"product_cat-vuelta-a-la-isla-autobus-tenerife","8":"product_cat-quad-tenerife-es","9":"product_tag-a-amigos-de-la-adrenalina","10":"product_tag-a-grupo-amigos","11":"product_tag-a-grupo-parejas","12":"product_tag-a-grupo-solo","13":"product_tag-a-must-adrenalina-familias","14":"product_tag-a-vibe-aventura","15":"product_tag-grupo-a-familias","17":"first","18":"instock","19":"virtual","20":"sold-individually","21":"purchasable","22":"product-type-booking"},"acf":[],"_links":{"self":[{"href":"https:\/\/thetenerifechannel.com\/es\/wp-json\/wp\/v2\/product\/29417","targetHints":{"allow":["GET"]}}],"collection":[{"href":"https:\/\/thetenerifechannel.com\/es\/wp-json\/wp\/v2\/product"}],"about":[{"href":"https:\/\/thetenerifechannel.com\/es\/wp-json\/wp\/v2\/types\/product"}],"wp:featuredmedia":[{"embeddable":true,"href":"https:\/\/thetenerifechannel.com\/es\/wp-json\/wp\/v2\/media\/117580"}],"wp:attachment":[{"href":"https:\/\/thetenerifechannel.com\/es\/wp-json\/wp\/v2\/media?parent=29417"}],"wp:term":[{"taxonomy":"product_brand","embeddable":true,"href":"https:\/\/thetenerifechannel.com\/es\/wp-json\/wp\/v2\/product_brand?post=29417"},{"taxonomy":"product_cat","embeddable":true,"href":"https:\/\/thetenerifechannel.com\/es\/wp-json\/wp\/v2\/product_cat?post=29417"},{"taxonomy":"product_tag","embeddable":true,"href":"https:\/\/thetenerifechannel.com\/es\/wp-json\/wp\/v2\/product_tag?post=29417"}],"curies":[{"name":"wp","href":"https:\/\/api.w.org\/{rel}","templated":true}]}}