{"id":29423,"date":"2024-11-26T19:43:12","date_gmt":"2024-11-26T19:43:12","guid":{"rendered":"https:\/\/thetenerifechannel.com\/product\/aventura-costera-en-buggy\/"},"modified":"2026-03-19T13:27:08","modified_gmt":"2026-03-19T13:27:08","slug":"aventura-costera-en-buggy","status":"publish","type":"product","link":"https:\/\/thetenerifechannel.com\/es\/excursions\/aventura-costera-en-buggy\/","title":{"rendered":"Aventura costera en buggy"},"content":{"rendered":"<section class=\"l-section wpb_row height_huge\"><div class=\"l-section-h i-cf\"><div class=\"g-cols vc_row via_grid cols_1 laptops-cols_inherit tablets-cols_inherit mobiles-cols_1 valign_top type_default stacking_default\"><div class=\"wpb_column vc_column_container\"><div class=\"vc_column-inner\"><div class=\"wpb_text_column\"><div class=\"wpb_wrapper\"><p><span>Acomp\u00e1\u00f1anos en un paseo de 2 horas por la costa sur de Tenerife, lleno de grandes vistas y bellos paisajes. Conduciremos a trav\u00e9s de pueblos costeros, parando en algunos lugares para contemplar el paisaje y crear buenos recuerdos, antes de regresar a la base. <\/span><\/p>\n<p><strong>INCLUYE:<\/strong><\/p>\n<ul class=\"elementor-icon-list-items\">\n<li class=\"elementor-icon-list-item\">Tiempo de viaje 2 horas<\/li>\n<li class=\"elementor-icon-list-item\"><span>Combustible, gu\u00eda, seguro para turistas, chaqueta\/abrigo, gafas de sol.<\/span><\/li>\n<li class=\"elementor-icon-list-item\"><span>Te recomendamos que lleves abrigo, aunque la empresa dispondr\u00e1 de uno para tu uso.<\/span><\/li>\n<\/ul>\n<p>*Transporte disponible por 10\u20ac entre Fa\u00f1abe, Torviscas, Las Am\u00e9ricas los Cristianos y Golf del Sur.<\/p>\n<p><span>*Debes llevar calzado cerrado.<br \/>\n*Debes tener carnet de conducir B1. NO ACEPTAMOS PERMISOS TEMPORALES. La edad m\u00ednima del conductor es de 18 a\u00f1os.<br \/>\n*Los ni\u00f1os pueden ir de acompa\u00f1antes si miden 1,35 metros o m\u00e1s en la silla de paseo de dos plazas. Los ni\u00f1os a partir de 2 a\u00f1os pueden ir en el asiento para beb\u00e9s de la silla de paseo de 4 plazas que proporciona la empresa. <\/span><\/p>\n<p><span class=\"elementor-icon-list-text\"><span>*Para recogida i<\/span><\/span><span style=\"letter-spacing: 0em;\">en zonas como Playa Para\u00edso <\/span>(Hard Rock Hotel y hoteles cercanos), pregunta por la disponibilidad al hacer la reserva.<\/p>\n<\/div><\/div><\/div><\/div><\/div><\/div><\/section>\n","protected":false},"excerpt":{"rendered":"<div class=\"flex max-w-full flex-col flex-grow\">\n<div class=\"min-h-8 text-message flex w-full flex-col items-end gap-2 whitespace-normal break-words [.text-message+&amp;]:mt-5\" dir=\"auto\" data-message-author-role=\"assistant\" data-message-id=\"bc3f96f7-f5f2-48ea-9575-478fb857310e\" data-message-model-slug=\"gpt-4o\">\n<div class=\"flex w-full flex-col gap-1 empty:hidden first:pt-[3px]\">\n<div class=\"markdown prose w-full break-words dark:prose-invert light\">\n<p>\u00a1Disfruta de una aventura de dos horas en buggy por la costa!<\/p>\n<\/div>\n<\/div>\n<\/div>\n<\/div>\n","protected":false},"featured_media":28308,"template":"","meta":{"_acf_changed":false,"_joinchat":[]},"product_brand":[],"product_cat":[184,188],"product_tag":[],"class_list":{"0":"post-29423","1":"product","2":"type-product","3":"status-publish","4":"has-post-thumbnail","6":"product_cat-vuelta-a-la-isla-autobus-tenerife","7":"product_cat-quad-tenerife-es","9":"first","10":"instock","11":"virtual","12":"sold-individually","13":"purchasable","14":"product-type-booking"},"acf":[],"_links":{"self":[{"href":"https:\/\/thetenerifechannel.com\/es\/wp-json\/wp\/v2\/product\/29423","targetHints":{"allow":["GET"]}}],"collection":[{"href":"https:\/\/thetenerifechannel.com\/es\/wp-json\/wp\/v2\/product"}],"about":[{"href":"https:\/\/thetenerifechannel.com\/es\/wp-json\/wp\/v2\/types\/product"}],"wp:featuredmedia":[{"embeddable":true,"href":"https:\/\/thetenerifechannel.com\/es\/wp-json\/wp\/v2\/media\/28308"}],"wp:attachment":[{"href":"https:\/\/thetenerifechannel.com\/es\/wp-json\/wp\/v2\/media?parent=29423"}],"wp:term":[{"taxonomy":"product_brand","embeddable":true,"href":"https:\/\/thetenerifechannel.com\/es\/wp-json\/wp\/v2\/product_brand?post=29423"},{"taxonomy":"product_cat","embeddable":true,"href":"https:\/\/thetenerifechannel.com\/es\/wp-json\/wp\/v2\/product_cat?post=29423"},{"taxonomy":"product_tag","embeddable":true,"href":"https:\/\/thetenerifechannel.com\/es\/wp-json\/wp\/v2\/product_tag?post=29423"}],"curies":[{"name":"wp","href":"https:\/\/api.w.org\/{rel}","templated":true}]}}