{"id":31121,"date":"2024-12-12T10:24:06","date_gmt":"2024-12-12T10:24:06","guid":{"rendered":"https:\/\/thetenerifechannel.com\/product\/aventura-de-descenso-del-teide-en-bicicleta\/"},"modified":"2026-03-23T14:25:53","modified_gmt":"2026-03-23T14:25:53","slug":"aventura-de-descenso-del-teide-en-bicicleta","status":"publish","type":"product","link":"https:\/\/thetenerifechannel.com\/es\/excursions\/aventura-de-descenso-del-teide-en-bicicleta\/","title":{"rendered":"Aventura de descenso del Teide en bicicleta"},"content":{"rendered":"<div class=\"flex max-w-full flex-col flex-grow\">\n<div class=\"min-h-8 text-message flex w-full flex-col items-end gap-2 whitespace-normal break-words text-start [.text-message+&amp;]:mt-5\" dir=\"auto\" data-message-author-role=\"assistant\" data-message-id=\"43375018-f0f5-4884-b7da-62fad3812d9d\" data-message-model-slug=\"gpt-4o\">\n<div class=\"flex w-full flex-col gap-1 empty:hidden first:pt-[3px]\">\n<div class=\"markdown prose w-full break-words dark:prose-invert light\">\n<p>\u00a1Descubre Tenerife desde el volc\u00e1n hasta el mar, pedaleando sin esfuerzo cuesta abajo! Experimenta la alegr\u00eda de un relajado paseo en bicicleta y la belleza oculta del aut\u00e9ntico Tenerife. Disfruta de 36 kil\u00f3metros de descenso en bicicleta por carreteras asfaltadas, guiado por un equipo profesional con veh\u00edculo de apoyo. T\u00f3mate tu tiempo, detente para hacer fotos y abraza el encanto de la isla.   <\/p>\n<p>Comenzando en el Parque Nacional del Teide, el viaje te lleva a trav\u00e9s de volcanes, bosques, pueblos pintorescos y desiertos, para terminar junto al oc\u00e9ano. Te recogeremos en tu hotel o apartamento de Los Cristianos o Las Am\u00e9ricas y te llevaremos al punto de partida, desvi\u00e1ndonos incluso para visitar el Teide si a\u00fan no lo has visto. <\/p>\n<p>En la salida, te proporcionamos todo el equipo necesario: casco, guantes, chaleco reflectante, cortavientos (en invierno) y una bicicleta adecuada a tu talla. Un veh\u00edculo de apoyo transportar\u00e1 tus pertenencias, asegurando un viaje c\u00f3modo. <\/p>\n<p>El descenso dura unas 2,5 horas, con diferentes paradas. Despu\u00e9s del paseo, te llevaremos de vuelta a tu alojamiento. Esta excursi\u00f3n es ecol\u00f3gica, divertida e inolvidable.  <\/p>\n<p>El recorrido\/recogida comienza entre las 12:00 y las 14:00.<\/p>\n<p><strong>INCLUIDO:<\/strong><\/p>\n<p><span>-Recogida y transporte al punto de inicio del recorrido.<\/span><br \/>\n<span>-Guantes y casco incluidos. Equipamiento adaptado a las condiciones meteorol\u00f3gicas. <\/span><br \/>\n<span>-Acompa\u00f1ado por un veh\u00edculo de asistencia durante todo el trayecto.<\/span><\/p>\n<\/div>\n<\/div>\n<\/div>\n<\/div>\n","protected":false},"excerpt":{"rendered":"<p><span>Explora los impresionantes paisajes de Tenerife en una excursi\u00f3n guiada de 36 km en bicicleta de descenso desde el Teide, con paradas panor\u00e1micas y diversi\u00f3n ecol\u00f3gica.<\/span><\/p>\n","protected":false},"featured_media":31103,"template":"","meta":{"_acf_changed":false,"_joinchat":[]},"product_brand":[],"product_cat":[186],"product_tag":[],"class_list":{"0":"post-31121","1":"product","2":"type-product","3":"status-publish","4":"has-post-thumbnail","6":"product_cat-teide-tenerife-es","8":"first","9":"instock","10":"virtual","11":"sold-individually","12":"purchasable","13":"product-type-booking"},"acf":[],"_links":{"self":[{"href":"https:\/\/thetenerifechannel.com\/es\/wp-json\/wp\/v2\/product\/31121","targetHints":{"allow":["GET"]}}],"collection":[{"href":"https:\/\/thetenerifechannel.com\/es\/wp-json\/wp\/v2\/product"}],"about":[{"href":"https:\/\/thetenerifechannel.com\/es\/wp-json\/wp\/v2\/types\/product"}],"wp:featuredmedia":[{"embeddable":true,"href":"https:\/\/thetenerifechannel.com\/es\/wp-json\/wp\/v2\/media\/31103"}],"wp:attachment":[{"href":"https:\/\/thetenerifechannel.com\/es\/wp-json\/wp\/v2\/media?parent=31121"}],"wp:term":[{"taxonomy":"product_brand","embeddable":true,"href":"https:\/\/thetenerifechannel.com\/es\/wp-json\/wp\/v2\/product_brand?post=31121"},{"taxonomy":"product_cat","embeddable":true,"href":"https:\/\/thetenerifechannel.com\/es\/wp-json\/wp\/v2\/product_cat?post=31121"},{"taxonomy":"product_tag","embeddable":true,"href":"https:\/\/thetenerifechannel.com\/es\/wp-json\/wp\/v2\/product_tag?post=31121"}],"curies":[{"name":"wp","href":"https:\/\/api.w.org\/{rel}","templated":true}]}}