{"id":33858,"date":"2025-01-17T09:07:10","date_gmt":"2025-01-17T09:07:10","guid":{"rendered":"https:\/\/thetenerifechannel.com\/product\/paseo-a-caballo\/"},"modified":"2026-04-17T11:22:02","modified_gmt":"2026-04-17T11:22:02","slug":"paseo-a-caballo","status":"publish","type":"product","link":"https:\/\/thetenerifechannel.com\/es\/excursions\/paseo-a-caballo\/","title":{"rendered":"Paseo a caballo"},"content":{"rendered":"<section class=\"l-section wpb_row height_huge\"><div class=\"l-section-h i-cf\"><div class=\"g-cols vc_row via_grid cols_1 laptops-cols_inherit tablets-cols_inherit mobiles-cols_1 valign_top type_default stacking_default\"><div class=\"wpb_column vc_column_container\"><div class=\"vc_column-inner\"><div class=\"wpb_text_column\"><div class=\"wpb_wrapper\"><p><span>Emb\u00e1rcate en un paseo a caballo de una hora por un sendero volc\u00e1nico, donde ver\u00e1s paisajes t\u00edpicos canarios y formaciones de lava.<br \/>\nSi quieres aventurarte un poco m\u00e1s, elige la ruta de dos horas que baja hasta el mar y te permite disfrutar de las vistas costeras.<\/span><\/p>\n<p><span>Las excursiones est\u00e1n disponibles para personas a partir de 6 a\u00f1os, con un l\u00edmite de peso m\u00e1ximo de 95 kg para garantizar el bienestar de los animales. Hay un servicio de recogida en el sur de Tenerife (de Callao Salvaje a El M\u00e9dano), pero ten en cuenta que este servicio no est\u00e1 disponible los fines de semana, y que hay que pagarles directamente un coste adicional de 10 \u20ac por familia (hasta 7 personas en el mismo punto de recogida) el d\u00eda de la excursi\u00f3n. <\/span><\/p>\n<\/div><\/div><\/div><\/div><\/div><\/div><\/section>\n","protected":false},"excerpt":{"rendered":"<p><span>Disfruta de un paseo de una hora por un t\u00edpico sendero volc\u00e1nico canario, u opta por un viaje de dos horas que te lleva hasta el mar.<\/span><\/p>\n","protected":false},"featured_media":33829,"template":"","meta":{"_acf_changed":false,"_joinchat":[]},"product_brand":[],"product_cat":[272],"product_tag":[368,366,369,396,397,367],"class_list":{"0":"post-33858","1":"product","2":"type-product","3":"status-publish","4":"has-post-thumbnail","6":"product_cat-aventura-en-la-naturaleza","7":"product_tag-a-grupo-amigos","8":"product_tag-a-grupo-parejas","9":"product_tag-a-grupo-solo","10":"product_tag-a-vibe-naturaleza","11":"product_tag-a-vibe-romance","12":"product_tag-grupo-a-familias","13":"pa_depart-from-sur-de-la-isla","15":"first","16":"instock","17":"virtual","18":"sold-individually","19":"purchasable","20":"product-type-booking"},"acf":[],"_links":{"self":[{"href":"https:\/\/thetenerifechannel.com\/es\/wp-json\/wp\/v2\/product\/33858","targetHints":{"allow":["GET"]}}],"collection":[{"href":"https:\/\/thetenerifechannel.com\/es\/wp-json\/wp\/v2\/product"}],"about":[{"href":"https:\/\/thetenerifechannel.com\/es\/wp-json\/wp\/v2\/types\/product"}],"wp:featuredmedia":[{"embeddable":true,"href":"https:\/\/thetenerifechannel.com\/es\/wp-json\/wp\/v2\/media\/33829"}],"wp:attachment":[{"href":"https:\/\/thetenerifechannel.com\/es\/wp-json\/wp\/v2\/media?parent=33858"}],"wp:term":[{"taxonomy":"product_brand","embeddable":true,"href":"https:\/\/thetenerifechannel.com\/es\/wp-json\/wp\/v2\/product_brand?post=33858"},{"taxonomy":"product_cat","embeddable":true,"href":"https:\/\/thetenerifechannel.com\/es\/wp-json\/wp\/v2\/product_cat?post=33858"},{"taxonomy":"product_tag","embeddable":true,"href":"https:\/\/thetenerifechannel.com\/es\/wp-json\/wp\/v2\/product_tag?post=33858"}],"curies":[{"name":"wp","href":"https:\/\/api.w.org\/{rel}","templated":true}]}}