{"id":47501,"date":"2025-04-27T15:11:52","date_gmt":"2025-04-27T15:11:52","guid":{"rendered":"https:\/\/thetenerifechannel.com\/product\/excursion-en-tuk-tuk\/"},"modified":"2025-11-28T18:09:59","modified_gmt":"2025-11-28T18:09:59","slug":"excursion-en-tuk-tuk","status":"publish","type":"product","link":"https:\/\/thetenerifechannel.com\/es\/excursions\/excursion-en-tuk-tuk\/","title":{"rendered":"Excursi\u00f3n en Tuk Tuk"},"content":{"rendered":"<p class=\"\" data-start=\"158\" data-end=\"284\">S\u00fabete a un Tuk Tuk y explora lo mejor de la costa sur de Tenerife con nuestras visitas guiadas. Elige la aventura que m\u00e1s te convenga: <\/p>\n<ul data-start=\"286\" data-end=\"1000\">\n<li class=\"\" data-start=\"286\" data-end=\"524\">\n<p class=\"\" data-start=\"288\" data-end=\"524\"><strong data-start=\"288\" data-end=\"318\">Excursi\u00f3n por Costa Adeje (1 hora):<\/strong><br data-start=\"318\" data-end=\"321\">Visita los encantadores pueblos de la costa como La Caleta, Torviscas y Fa\u00f1ab\u00e9. Conoce las mejores playas, hoteles y restaurantes mientras aprendes sobre la historia y la cultura local de Tenerife de la mano de tu gu\u00eda. <\/p>\n<\/li>\n<li class=\"\" data-start=\"526\" data-end=\"784\">\n<p class=\"\" data-start=\"528\" data-end=\"784\"><strong data-start=\"528\" data-end=\"561\">Excursi\u00f3n al Volc\u00e1n Secreto (1 hora):<\/strong><br data-start=\"561\" data-end=\"564\">Descubre la Marina de Puerto Col\u00f3n y el Monumento Natural &#8220;Caldera del Rey&#8221;. Disfruta de las vistas sobre las plantaciones de pl\u00e1tanos y La Gomera mientras escuchas datos fascinantes sobre el pasado volc\u00e1nico de Tenerife y los pl\u00e1tanos canarios. <\/p>\n<\/li>\n<li class=\"\" data-start=\"786\" data-end=\"1000\">\n<p class=\"\" data-start=\"788\" data-end=\"1000\"><strong data-start=\"788\" data-end=\"816\">Excursi\u00f3n doble (2 horas):<\/strong><br data-start=\"816\" data-end=\"819\">\u00a1La experiencia definitiva! Combina ambos recorridos en uno para vivir una aventura completa: costa, monta\u00f1as, pueblos y mucho m\u00e1s. Incluye paradas adicionales y una visi\u00f3n m\u00e1s profunda de los secretos de la isla.  <\/p>\n<\/li>\n<\/ul>\n<p class=\"\" data-start=\"1002\" data-end=\"1183\">Tambi\u00e9n hay disponibles visitas privadas para una experiencia m\u00e1s personal y c\u00f3moda, perfectas para hu\u00e9spedes de mayor tama\u00f1o, movilidad reducida o si prefieres un gu\u00eda que hable s\u00f3lo tu idioma.<\/p>\n","protected":false},"excerpt":{"rendered":"<p><span>Disfruta de un divertido y sencillo recorrido en Tuk Tuk por la costa, a trav\u00e9s de pueblos tradicionales y hasta paisajes volc\u00e1nicos. Elige entre una ruta costera, una ruta por el volc\u00e1n, \u00a1o combina ambas para vivir una experiencia completa! <\/span><\/p>\n","protected":false},"featured_media":47482,"template":"","meta":{"_acf_changed":false,"_joinchat":[]},"product_brand":[],"product_cat":[184],"product_tag":[],"class_list":{"0":"post-47501","1":"product","2":"type-product","3":"status-publish","4":"has-post-thumbnail","6":"product_cat-vuelta-a-la-isla-autobus-tenerife","8":"first","9":"instock","10":"virtual","11":"sold-individually","12":"purchasable","13":"product-type-booking"},"acf":[],"_links":{"self":[{"href":"https:\/\/thetenerifechannel.com\/es\/wp-json\/wp\/v2\/product\/47501","targetHints":{"allow":["GET"]}}],"collection":[{"href":"https:\/\/thetenerifechannel.com\/es\/wp-json\/wp\/v2\/product"}],"about":[{"href":"https:\/\/thetenerifechannel.com\/es\/wp-json\/wp\/v2\/types\/product"}],"wp:featuredmedia":[{"embeddable":true,"href":"https:\/\/thetenerifechannel.com\/es\/wp-json\/wp\/v2\/media\/47482"}],"wp:attachment":[{"href":"https:\/\/thetenerifechannel.com\/es\/wp-json\/wp\/v2\/media?parent=47501"}],"wp:term":[{"taxonomy":"product_brand","embeddable":true,"href":"https:\/\/thetenerifechannel.com\/es\/wp-json\/wp\/v2\/product_brand?post=47501"},{"taxonomy":"product_cat","embeddable":true,"href":"https:\/\/thetenerifechannel.com\/es\/wp-json\/wp\/v2\/product_cat?post=47501"},{"taxonomy":"product_tag","embeddable":true,"href":"https:\/\/thetenerifechannel.com\/es\/wp-json\/wp\/v2\/product_tag?post=47501"}],"curies":[{"name":"wp","href":"https:\/\/api.w.org\/{rel}","templated":true}]}}