{"id":48859,"date":"2025-05-01T15:44:28","date_gmt":"2025-05-01T15:44:28","guid":{"rendered":"https:\/\/thetenerifechannel.com\/product\/excursion-en-buggy-todoterreno-y-cata-de-vinos\/"},"modified":"2025-12-01T15:08:24","modified_gmt":"2025-12-01T15:08:24","slug":"excursion-en-buggy-todoterreno-y-cata-de-vinos","status":"publish","type":"product","link":"https:\/\/thetenerifechannel.com\/es\/excursions\/excursion-en-buggy-todoterreno-y-cata-de-vinos\/","title":{"rendered":"Excursi\u00f3n en buggy todoterreno y cata de vinos"},"content":{"rendered":"<p class=\"\" data-start=\"48\" data-end=\"211\">\u00a1\u00danete a esta excursi\u00f3n de 3 horas en buggy para dar un paseo inolvidable! Te recogeremos en tu hotel y empezaremos con una r\u00e1pida introducci\u00f3n sobre seguridad y conducci\u00f3n (no te preocupes, es superf\u00e1cil).<br \/>\nTu aventura comienza con 15 minutos de aut\u00e9ntica diversi\u00f3n todoterreno a trav\u00e9s de un circuito lleno de baches, cuestas y desniveles. Despu\u00e9s nos dirigimos al Parque Nacional del Teide, con algunas paradas por el camino para hacer fotos y descansar para ir al ba\u00f1o. <\/p>\n<p class=\"\" data-start=\"440\" data-end=\"629\">Despu\u00e9s de contemplar las vistas del pico m\u00e1s alto de Espa\u00f1a, haremos una parada para degustar el vino local, las papas canarias, el queso y el <em data-start=\"588\" data-end=\"599\">almogrote<\/em>.<br \/>\nUna vez finalizada la excursi\u00f3n, te llevaremos de vuelta a tu hotel: \u00a1polvoriento, feliz y lleno de historias!<\/p>\n<p><strong>INCLUIDO:<\/strong><\/p>\n<ul>\n<li>Recogida \/ Entrega<\/li>\n<li>Agua<\/li>\n<li>Gafas de protecci\u00f3n contra el polvo<\/li>\n<li><span style=\"letter-spacing: 0em;\">Chaquetas y guantes de abrigo (si son necesarios)<\/span><\/li>\n<\/ul>\n<p>*Disponibilidad de compra de Fotos \/ V\u00eddeos y Bandanas con coste adicional.<br \/>\n*Recomendamos llevar calzado y ropa c\u00f3modos.<br \/>\n*Coge una chaqueta, puede que haga fr\u00edo en las monta\u00f1as.<br \/>\n*No olvides ponerte protecci\u00f3n solar, ya que el sol puede ser incre\u00edblemente potente, sobre todo en verano.<br \/>\n*Tu carn\u00e9 de conducir (los conductores menores de 23 a\u00f1os o con menos de 2 a\u00f1os de experiencia al volante deben dejar un dep\u00f3sito en efectivo de 250 euros).<\/p>\n<p>&nbsp;<\/p>\n","protected":false},"excerpt":{"rendered":"<p><span>Explora Tenerife en buggy con diversi\u00f3n todoterreno, un pintoresco viaje al Parque Nacional del Teide y una sabrosa parada para degustar vinos y tapas locales.<\/span><\/p>\n","protected":false},"featured_media":48417,"template":"","meta":{"_acf_changed":false,"_joinchat":[]},"product_brand":[],"product_cat":[186,188],"product_tag":[],"class_list":{"0":"post-48859","1":"product","2":"type-product","3":"status-publish","4":"has-post-thumbnail","6":"product_cat-teide-tenerife-es","7":"product_cat-quad-tenerife-es","9":"first","10":"instock","11":"virtual","12":"sold-individually","13":"purchasable","14":"product-type-booking"},"acf":[],"_links":{"self":[{"href":"https:\/\/thetenerifechannel.com\/es\/wp-json\/wp\/v2\/product\/48859","targetHints":{"allow":["GET"]}}],"collection":[{"href":"https:\/\/thetenerifechannel.com\/es\/wp-json\/wp\/v2\/product"}],"about":[{"href":"https:\/\/thetenerifechannel.com\/es\/wp-json\/wp\/v2\/types\/product"}],"wp:featuredmedia":[{"embeddable":true,"href":"https:\/\/thetenerifechannel.com\/es\/wp-json\/wp\/v2\/media\/48417"}],"wp:attachment":[{"href":"https:\/\/thetenerifechannel.com\/es\/wp-json\/wp\/v2\/media?parent=48859"}],"wp:term":[{"taxonomy":"product_brand","embeddable":true,"href":"https:\/\/thetenerifechannel.com\/es\/wp-json\/wp\/v2\/product_brand?post=48859"},{"taxonomy":"product_cat","embeddable":true,"href":"https:\/\/thetenerifechannel.com\/es\/wp-json\/wp\/v2\/product_cat?post=48859"},{"taxonomy":"product_tag","embeddable":true,"href":"https:\/\/thetenerifechannel.com\/es\/wp-json\/wp\/v2\/product_tag?post=48859"}],"curies":[{"name":"wp","href":"https:\/\/api.w.org\/{rel}","templated":true}]}}