{"id":48864,"date":"2025-05-01T16:08:03","date_gmt":"2025-05-01T16:08:03","guid":{"rendered":"https:\/\/thetenerifechannel.com\/product\/karting\/"},"modified":"2026-03-09T13:56:09","modified_gmt":"2026-03-09T13:56:09","slug":"karting","status":"publish","type":"product","link":"https:\/\/thetenerifechannel.com\/es\/excursions\/karting\/","title":{"rendered":"Karting"},"content":{"rendered":"<p><span>Disfruta de la emoci\u00f3n de las carreras en Karting Las Am\u00e9ricas. Esta pista al aire libre ofrece diversi\u00f3n para todas las edades, con karts veloces, curvas emocionantes y un gran ambiente. Tanto si eres principiante como aficionado a las carreras, \u00a1ven y experimenta la velocidad y la emoci\u00f3n bajo el sol de Tenerife!  <\/span><\/p>\n<p><strong>OPCIONES:<\/strong><\/p>\n<ul>\n<li><strong>Serie de carreras<\/strong>: <span>1 serie de carreras de 10 minutos.<\/span><\/li>\n<li><span><strong>Carreras<\/strong> de 2 series: carreras de 2 series de 10 minutos cada una.<br \/>\n<\/span><\/li>\n<li><span><span><strong>Kart biplaza:<\/strong> 1 serie de carreras de 10 minutos. El acompa\u00f1ante debe tener m\u00e1s de 2 a\u00f1os. <\/span><\/span><strong><br \/>\nCARRERAS (M\u00cdNIMO 8 PERSONAS)<\/strong><\/li>\n<li><span><strong>Mini Prix:<\/strong> 10 minutos de entrenamiento cronometrado + 10 minutos de carrera.<\/span><\/li>\n<li><strong>Gran Premio:<\/strong> <span>10 minutos de entrenamiento + 10 minutos cronometrados + 10 minutos de carrera. Cava y trofeo para el ganador. <\/span><\/li>\n<\/ul>\n<p><span>-La altura m\u00ednima para el kart junior es de 125 cm, y la edad m\u00ednima es de 7 a\u00f1os.<br \/>\n-Abierto de 10:00 a 20:30<\/span><\/p>\n","protected":false},"excerpt":{"rendered":"<p><span>\u00a1Sube tu adrenalina con un emocionante d\u00eda de karting al aire libre en Las Am\u00e9ricas!<\/span><\/p>\n","protected":false},"featured_media":45789,"template":"","meta":{"_acf_changed":false,"_joinchat":[]},"product_brand":[],"product_cat":[212],"product_tag":[],"class_list":{"0":"post-48864","1":"product","2":"type-product","3":"status-publish","4":"has-post-thumbnail","6":"product_cat-sin-categorizar","8":"first","9":"instock","10":"virtual","11":"sold-individually","12":"purchasable","13":"product-type-booking"},"acf":[],"_links":{"self":[{"href":"https:\/\/thetenerifechannel.com\/es\/wp-json\/wp\/v2\/product\/48864","targetHints":{"allow":["GET"]}}],"collection":[{"href":"https:\/\/thetenerifechannel.com\/es\/wp-json\/wp\/v2\/product"}],"about":[{"href":"https:\/\/thetenerifechannel.com\/es\/wp-json\/wp\/v2\/types\/product"}],"wp:featuredmedia":[{"embeddable":true,"href":"https:\/\/thetenerifechannel.com\/es\/wp-json\/wp\/v2\/media\/45789"}],"wp:attachment":[{"href":"https:\/\/thetenerifechannel.com\/es\/wp-json\/wp\/v2\/media?parent=48864"}],"wp:term":[{"taxonomy":"product_brand","embeddable":true,"href":"https:\/\/thetenerifechannel.com\/es\/wp-json\/wp\/v2\/product_brand?post=48864"},{"taxonomy":"product_cat","embeddable":true,"href":"https:\/\/thetenerifechannel.com\/es\/wp-json\/wp\/v2\/product_cat?post=48864"},{"taxonomy":"product_tag","embeddable":true,"href":"https:\/\/thetenerifechannel.com\/es\/wp-json\/wp\/v2\/product_tag?post=48864"}],"curies":[{"name":"wp","href":"https:\/\/api.w.org\/{rel}","templated":true}]}}