{"id":49621,"date":"2025-05-06T17:43:25","date_gmt":"2025-05-06T17:43:25","guid":{"rendered":"https:\/\/thetenerifechannel.com\/?post_type=product&#038;p=49621"},"modified":"2026-04-20T11:56:18","modified_gmt":"2026-04-20T11:56:18","slug":"siam-park-copy","status":"publish","type":"product","link":"https:\/\/thetenerifechannel.com\/es\/excursions\/siam-park-copy\/","title":{"rendered":"Siam D\u00eda y Noche"},"content":{"rendered":"<section class=\"l-section wpb_row height_huge\"><div class=\"l-section-h i-cf\"><div class=\"g-cols vc_row via_grid cols_1 laptops-cols_inherit tablets-cols_inherit mobiles-cols_1 valign_top type_default stacking_default\"><div class=\"wpb_column vc_column_container\"><div class=\"vc_column-inner\"><div class=\"wpb_text_column\"><div class=\"wpb_wrapper\"><p class=\"\" data-start=\"181\" data-end=\"341\">Experimenta Siam Park como nunca antes con el Siam Day &amp; Night Ticket, tu pase exclusivo para disfrutar del parque acu\u00e1tico n\u00ba 1 del mundo bajo el sol y las estrellas.<br \/>\nEste ticket te permite visitar el parque dos veces: una de d\u00eda y otra de noche, cuando el parque se transforma en un m\u00e1gico pa\u00eds de las maravillas con una iluminaci\u00f3n atmosf\u00e9rica y un ambiente totalmente nuevo. Disfruta de  <span style=\"letter-spacing: 0em;\">lo mejor de dos mundos.<br \/>\nEsta entrada te permite acceder al parque en dos momentos diferentes: el mismo d\u00eda o en d\u00edas distintos. Si lo utilizas el mismo d\u00eda, deber\u00e1s salir del parque a las 18:00 h y volver a las 20:00 h.<br \/>\n<\/span><\/p>\n<p><strong style=\"letter-spacing: 0em;\">Incluido:<\/strong><\/p>\n<ul>\n<li>Entrada QR.<\/li>\n<li>Autob\u00fas gratuito con recogida en Los Cristianos, Las Am\u00e9ricas y Costa Adeje.<\/li>\n<li>Uso de tumbonas, chalecos salvavidas y sombrillas.<\/li>\n<li>Acceso a todas las atracciones.<\/li>\n<\/ul>\n<p><strong>No se incluye:<\/strong><\/p>\n<ul>\n<li>Comida y bebida<\/li>\n<li>Alquiler de taquillas y toallas<\/li>\n<li>Plazas de aparcamiento<\/li>\n<\/ul>\n<\/div><\/div><\/div><\/div><\/div><\/div><\/section>\n","protected":false},"excerpt":{"rendered":"<p>Viva un d\u00eda inolvidable en Siam Park, uno de los mejores parques acu\u00e1ticos del mundo que promete un d\u00eda lleno de emoci\u00f3n, emociones y diversi\u00f3n sin fin para todas las edades.<\/p>\n","protected":false},"featured_media":53139,"template":"","meta":{"_acf_changed":false,"_joinchat":[]},"product_brand":[],"product_cat":[185,191],"product_tag":[368,366,369,450,367,264],"class_list":{"0":"post-49621","1":"product","2":"type-product","3":"status-publish","4":"has-post-thumbnail","6":"product_cat-parques-tematicos-tenerife","7":"product_cat-siam-park-tenerife-es","8":"product_tag-a-grupo-amigos","9":"product_tag-a-grupo-parejas","10":"product_tag-a-grupo-solo","11":"product_tag-a-vibe-parques","12":"product_tag-grupo-a-familias","13":"product_tag-tarjetas-principales","14":"pa_depart-from-sur-de-la-isla","16":"first","17":"instock","18":"virtual","19":"sold-individually","20":"purchasable","21":"product-type-booking"},"acf":[],"_links":{"self":[{"href":"https:\/\/thetenerifechannel.com\/es\/wp-json\/wp\/v2\/product\/49621","targetHints":{"allow":["GET"]}}],"collection":[{"href":"https:\/\/thetenerifechannel.com\/es\/wp-json\/wp\/v2\/product"}],"about":[{"href":"https:\/\/thetenerifechannel.com\/es\/wp-json\/wp\/v2\/types\/product"}],"wp:featuredmedia":[{"embeddable":true,"href":"https:\/\/thetenerifechannel.com\/es\/wp-json\/wp\/v2\/media\/53139"}],"wp:attachment":[{"href":"https:\/\/thetenerifechannel.com\/es\/wp-json\/wp\/v2\/media?parent=49621"}],"wp:term":[{"taxonomy":"product_brand","embeddable":true,"href":"https:\/\/thetenerifechannel.com\/es\/wp-json\/wp\/v2\/product_brand?post=49621"},{"taxonomy":"product_cat","embeddable":true,"href":"https:\/\/thetenerifechannel.com\/es\/wp-json\/wp\/v2\/product_cat?post=49621"},{"taxonomy":"product_tag","embeddable":true,"href":"https:\/\/thetenerifechannel.com\/es\/wp-json\/wp\/v2\/product_tag?post=49621"}],"curies":[{"name":"wp","href":"https:\/\/api.w.org\/{rel}","templated":true}]}}