{"id":49656,"date":"2025-05-06T17:52:08","date_gmt":"2025-05-06T17:52:08","guid":{"rendered":"https:\/\/thetenerifechannel.com\/?post_type=product&#038;p=49656"},"modified":"2026-03-09T14:57:50","modified_gmt":"2026-03-09T14:57:50","slug":"freebird-crucero-de-avistamiento-de-cetaceos-3-horas-copy","status":"publish","type":"product","link":"https:\/\/thetenerifechannel.com\/es\/excursions\/freebird-crucero-de-avistamiento-de-cetaceos-3-horas-copy\/","title":{"rendered":"Freebird Crucero de Avistamiento de Ballenas 4,5 Horas"},"content":{"rendered":"<p><span>Saliendo de Puerto Col\u00f3n, este c\u00f3modo catamar\u00e1n te llevar\u00e1 por la costa suroeste de Tenerife hacia los acantilados de Los Gigantes y la escondida bah\u00eda de Masca. Por el camino, tendr\u00e1s la oportunidad de avistar calderones y delfines en su h\u00e1bitat natural. Disfruta de una relajante parada para nadar, un delicioso almuerzo a bordo y bebidas gratuitas del bar abierto mientras tomas el sol y disfrutas de las impresionantes vistas de la costa. \u00a1Una mezcla perfecta de naturaleza, relajaci\u00f3n y aventura en el Atl\u00e1ntico!   <\/span><\/p>\n<p><strong>Incluido:<\/strong><\/p>\n<ul>\n<li>Entrada electr\u00f3nica.<\/li>\n<li>Observe ballenas en su h\u00e1bitat natural.<\/li>\n<li>Comida y bebida.<\/li>\n<li>Gu\u00eda de habla inglesa.<\/li>\n<li>Traslado en autob\u00fas desde el sur de la isla.<\/li>\n<\/ul>\n<p><strong>No se incluye:<\/strong><\/p>\n<ul>\n<li>Alquiler de tumbonas: 25\u20ac por pareja<\/li>\n<li>Foto de recuerdo: 10<\/li>\n<li>Helados 3,00\u20ac<\/li>\n<li>Snorkel y m\u00e1scaras.<\/li>\n<\/ul>\n","protected":false},"excerpt":{"rendered":"<p>Navega con el catamar\u00e1n Freebird en una divertida aventura de avistamiento de ballenas y delfines en Tenerife y visita la bah\u00eda de Masca y Los Gigantes.<\/p>\n","protected":false},"featured_media":5485,"template":"","meta":{"_acf_changed":false,"_joinchat":[]},"product_brand":[],"product_cat":[192],"product_tag":[264],"class_list":{"0":"post-49656","1":"product","2":"type-product","3":"status-publish","4":"has-post-thumbnail","6":"product_cat-avistamiento-de-ballenas-y-delfines-tenerife","7":"product_tag-tarjetas-principales","8":"pa_depart-from-sur-de-la-isla","10":"first","11":"instock","12":"virtual","13":"sold-individually","14":"purchasable","15":"product-type-booking"},"acf":[],"_links":{"self":[{"href":"https:\/\/thetenerifechannel.com\/es\/wp-json\/wp\/v2\/product\/49656","targetHints":{"allow":["GET"]}}],"collection":[{"href":"https:\/\/thetenerifechannel.com\/es\/wp-json\/wp\/v2\/product"}],"about":[{"href":"https:\/\/thetenerifechannel.com\/es\/wp-json\/wp\/v2\/types\/product"}],"wp:featuredmedia":[{"embeddable":true,"href":"https:\/\/thetenerifechannel.com\/es\/wp-json\/wp\/v2\/media\/5485"}],"wp:attachment":[{"href":"https:\/\/thetenerifechannel.com\/es\/wp-json\/wp\/v2\/media?parent=49656"}],"wp:term":[{"taxonomy":"product_brand","embeddable":true,"href":"https:\/\/thetenerifechannel.com\/es\/wp-json\/wp\/v2\/product_brand?post=49656"},{"taxonomy":"product_cat","embeddable":true,"href":"https:\/\/thetenerifechannel.com\/es\/wp-json\/wp\/v2\/product_cat?post=49656"},{"taxonomy":"product_tag","embeddable":true,"href":"https:\/\/thetenerifechannel.com\/es\/wp-json\/wp\/v2\/product_tag?post=49656"}],"curies":[{"name":"wp","href":"https:\/\/api.w.org\/{rel}","templated":true}]}}