{"id":5149,"date":"2024-01-26T16:26:15","date_gmt":"2024-01-26T16:26:15","guid":{"rendered":"https:\/\/thetenerifechannel.com\/excursions\/la-gomera\/"},"modified":"2026-04-18T12:53:52","modified_gmt":"2026-04-18T12:53:52","slug":"la-gomera","status":"publish","type":"product","link":"https:\/\/thetenerifechannel.com\/es\/excursions\/la-gomera\/","title":{"rendered":"La Gomera"},"content":{"rendered":"<p>Esta excursi\u00f3n partir\u00e1 del Puerto de Los Cristianos &#8211; Tenerife, tomando el ferry hacia San Sebasti\u00e1n de la Gomera, puerto y capital de la isla.<br \/>\nUna vez en este punto, iniciaremos el ascenso al Parque Nacional de Garajonay, un verdadero para\u00edso de laurisilva, reserva natural y Patrimonio de la Humanidad por la UNESCO.<br \/>\nHaremos una parada en el mirador de la Degollada de Peraza, donde tendr\u00e1s la oportunidad de disfrutar de las hermosas vistas panor\u00e1micas que ofrece la isla.<\/p>\n<p>Continuaremos el viaje, pasando por La Palmita y entrando directamente en el Parque Nacional de Garajonay, hasta llegar a los peque\u00f1os pueblos de Las Rosas y Agulo.<br \/>\nEn estos pueblos, tendr\u00e1s tiempo libre para comer en un restaurante t\u00edpico gomero, donde habr\u00e1 una demostraci\u00f3n en vivo del conocido Silbo Gomero, un m\u00e9todo \u00fanico de comunicaci\u00f3n. Si el tiempo lo permite, visitaremos el Centro de Visitantes, donde tendr\u00e1 la oportunidad de experimentar el Juego de Pelota.<\/p>\n<p>Regresaremos por el Valle de Hermigua hasta San Sebasti\u00e1n, donde podr\u00e1 contemplar los recuerdos hist\u00f3ricos del paso de Crist\u00f3bal Col\u00f3n antes de su partida hacia el continente americano, como la Torre del Conde y la Casa de Col\u00f3n.<\/p>\n<p><strong>Incluye:<\/strong><\/p>\n<ul>\n<li>Traslado al puerto de Los Cristianos y regreso al hotel<\/li>\n<li>Gu\u00eda oficial<\/li>\n<li>Autob\u00fas con aire acondicionado<\/li>\n<li>Almuerzo<\/li>\n<li>Billetes de ferry<\/li>\n<\/ul>\n<p><strong>Importante: <\/strong>No olvide llevar su documento de identidad o pasaporte original.<\/p>\n","protected":false},"excerpt":{"rendered":"<div class=\"flex-shrink-0 flex flex-col relative items-end\">\n<div>\n<div class=\"pt-0.5\">\n<div class=\"gizmo-shadow-stroke flex h-6 w-6 items-center justify-center overflow-hidden rounded-full\">Visita la hermosa isla de La Gomera.<br \/>\nEmb\u00e1rcate en una cautivadora excursi\u00f3n de un d\u00eda para explorar sus impresionantes paisajes y su belleza natural en esta visita guiada.<\/div>\n<\/div>\n<\/div>\n<\/div>\n","protected":false},"featured_media":5156,"template":"","meta":{"_acf_changed":false,"_joinchat":[]},"product_brand":[],"product_cat":[184,262],"product_tag":[366,369,396,264],"class_list":{"0":"post-5149","1":"product","2":"type-product","3":"status-publish","4":"has-post-thumbnail","6":"product_cat-vuelta-a-la-isla-autobus-tenerife","7":"product_cat-excursiones-a-otras-islas","8":"product_tag-a-grupo-parejas","9":"product_tag-a-grupo-solo","10":"product_tag-a-vibe-naturaleza","11":"product_tag-tarjetas-principales","12":"pa_depart-from-sur-de-la-isla","14":"first","15":"instock","16":"virtual","17":"sold-individually","18":"purchasable","19":"product-type-booking"},"acf":[],"_links":{"self":[{"href":"https:\/\/thetenerifechannel.com\/es\/wp-json\/wp\/v2\/product\/5149","targetHints":{"allow":["GET"]}}],"collection":[{"href":"https:\/\/thetenerifechannel.com\/es\/wp-json\/wp\/v2\/product"}],"about":[{"href":"https:\/\/thetenerifechannel.com\/es\/wp-json\/wp\/v2\/types\/product"}],"wp:featuredmedia":[{"embeddable":true,"href":"https:\/\/thetenerifechannel.com\/es\/wp-json\/wp\/v2\/media\/5156"}],"wp:attachment":[{"href":"https:\/\/thetenerifechannel.com\/es\/wp-json\/wp\/v2\/media?parent=5149"}],"wp:term":[{"taxonomy":"product_brand","embeddable":true,"href":"https:\/\/thetenerifechannel.com\/es\/wp-json\/wp\/v2\/product_brand?post=5149"},{"taxonomy":"product_cat","embeddable":true,"href":"https:\/\/thetenerifechannel.com\/es\/wp-json\/wp\/v2\/product_cat?post=5149"},{"taxonomy":"product_tag","embeddable":true,"href":"https:\/\/thetenerifechannel.com\/es\/wp-json\/wp\/v2\/product_tag?post=5149"}],"curies":[{"name":"wp","href":"https:\/\/api.w.org\/{rel}","templated":true}]}}