{"id":5150,"date":"2024-01-25T18:23:12","date_gmt":"2024-01-25T18:23:12","guid":{"rendered":"https:\/\/thetenerifechannel.com\/excursions\/entrada-doble-jungle-park-aqualand\/"},"modified":"2026-03-09T13:54:25","modified_gmt":"2026-03-09T13:54:25","slug":"entrada-doble-jungle-park-aqualand","status":"publish","type":"product","link":"https:\/\/thetenerifechannel.com\/es\/excursions\/entrada-doble-jungle-park-aqualand\/","title":{"rendered":"Entrada doble Jungle Park + Aqualand"},"content":{"rendered":"<div><strong>Disfrute de<\/strong> <strong>\u00a1Jungle Park &amp; Aqualand Costa Adeje!<\/strong><\/div>\n<div>Divi\u00e9rtete en estos dos parques.<\/div>\n<div>Este paquete incluye una entrada de un d\u00eda a Jungle Park y una entrada de un d\u00eda a Aqualand Costa Adeje.<\/div>\n<div>Compre su entrada ahora y decida m\u00e1s tarde cu\u00e1ndo quiere visitarla. Los d\u00edas de visita no tienen por qu\u00e9 ser consecutivos. <\/div>\n<p><strong>Jungle Park<\/strong> es un din\u00e1mico parque de fauna salvaje que exhibe una gran variedad de animales, incluidas aves ex\u00f3ticas, primates y mucho m\u00e1s. No te pierdas las espectaculares exhibiciones de aves rapaces y los senderos por la selva.<br \/>\n\u00a1Ideal para pasar un d\u00eda divertido con toda la familia! <\/p>\n<p><em>Abierto todos los d\u00edas de 10.00 a 17.30.<\/em><\/p>\n<p>Descubre el entretenimiento acu\u00e1tico y la diversi\u00f3n familiar en <strong>Aqualand Tenerife.<\/strong><br \/>\nEste parque acu\u00e1tico ofrece diversas atracciones acu\u00e1ticas, como divertidos toboganes, piscinas de olas y un r\u00edo perezoso, adem\u00e1s de un espect\u00e1culo de delfines.<\/p>\n<p><em>Abierto todos los d\u00edas de 10:00 a 17:00.<br \/>\n<\/em><em> <\/em><\/p>\n<p>&nbsp;<\/p>\n","protected":false},"excerpt":{"rendered":"<div>\u00a1Disfruta de Jungle Park &amp; Aqualand Costa Adeje!<\/div>\n<div>Divi\u00e9rtete en estos dos parques. Este paquete incluye una entrada de un d\u00eda a Jungle Park y una entrada de un d\u00eda a Aqualand Costa Adeje. <\/div>\n","protected":false},"featured_media":5157,"template":"","meta":{"_acf_changed":false,"_joinchat":[]},"product_brand":[],"product_cat":[185],"product_tag":[],"class_list":{"0":"post-5150","1":"product","2":"type-product","3":"status-publish","4":"has-post-thumbnail","6":"product_cat-parques-tematicos-tenerife","7":"pa_depart-from-sur-de-la-isla","9":"first","10":"instock","11":"virtual","12":"sold-individually","13":"purchasable","14":"product-type-booking"},"acf":[],"_links":{"self":[{"href":"https:\/\/thetenerifechannel.com\/es\/wp-json\/wp\/v2\/product\/5150","targetHints":{"allow":["GET"]}}],"collection":[{"href":"https:\/\/thetenerifechannel.com\/es\/wp-json\/wp\/v2\/product"}],"about":[{"href":"https:\/\/thetenerifechannel.com\/es\/wp-json\/wp\/v2\/types\/product"}],"wp:featuredmedia":[{"embeddable":true,"href":"https:\/\/thetenerifechannel.com\/es\/wp-json\/wp\/v2\/media\/5157"}],"wp:attachment":[{"href":"https:\/\/thetenerifechannel.com\/es\/wp-json\/wp\/v2\/media?parent=5150"}],"wp:term":[{"taxonomy":"product_brand","embeddable":true,"href":"https:\/\/thetenerifechannel.com\/es\/wp-json\/wp\/v2\/product_brand?post=5150"},{"taxonomy":"product_cat","embeddable":true,"href":"https:\/\/thetenerifechannel.com\/es\/wp-json\/wp\/v2\/product_cat?post=5150"},{"taxonomy":"product_tag","embeddable":true,"href":"https:\/\/thetenerifechannel.com\/es\/wp-json\/wp\/v2\/product_tag?post=5150"}],"curies":[{"name":"wp","href":"https:\/\/api.w.org\/{rel}","templated":true}]}}