{"id":5191,"date":"2024-01-25T18:22:02","date_gmt":"2024-01-25T18:22:02","guid":{"rendered":"https:\/\/thetenerifechannel.com\/excursions\/jungla-park\/"},"modified":"2026-03-09T13:54:36","modified_gmt":"2026-03-09T13:54:36","slug":"jungle-park","status":"publish","type":"product","link":"https:\/\/thetenerifechannel.com\/es\/excursions\/jungle-park\/","title":{"rendered":"Jungla Park"},"content":{"rendered":"<p>Jungle Park es un parque natural conocido por su exuberante entorno selv\u00e1tico. El parque alberga una gran variedad de animales, como aves ex\u00f3ticas, primates, grandes felinos, etc. Aqu\u00ed podr\u00e1s presenciar espectaculares espect\u00e1culos de aves rapaces, en los que \u00e1guilas y halcones muestran sus impresionantes habilidades de vuelo.<br \/>\nEl trazado del parque se asemeja a una selva tropical, y ofrece divertidos senderos para pasear.<br \/>\nCon sus atractivos encuentros con animales y sus exposiciones educativas, Jungle Park ofrece una experiencia divertida e informativa para todas las edades, lo que lo convierte en un destino ideal para familias y entusiastas de la naturaleza.  <\/p>\n<p><em>Abierto todos los d\u00edas de 10:00 a 17:30.<br \/>\n<strong>\u00a1Flexibilidad de visita!<\/strong> Tu entrada a Jungle Park por un d\u00eda.<br \/>\n<\/em><em>Compra tu entrada ahora y decide despu\u00e9s cu\u00e1ndo quieres visitarlo.<\/em><\/p>\n<p><em> <\/em><\/p>\n<p><strong>Espect\u00e1culos<\/strong><em><br \/>\n<\/em><\/p>\n<ul>\n<li><em><strong>Alimentar a los mapaches: <\/strong>12:00 h<\/em><\/li>\n<li><em><br \/>\n  <strong>Alimentando a los ping\u00fcinos:<\/strong><br \/>\n<\/em> 12:15 h<\/li>\n<li><em><br \/>\n  <strong>Espect\u00e1culo de aves rapaces: <\/strong><br \/>\n<\/em>12:30 h<\/li>\n<li><em><br \/>\n  <strong>Espect\u00e1culo de leones marinos: <\/strong><br \/>\n<\/em>13:30 h<\/li>\n<li><em><br \/>\n  <strong>Pajarera: <\/strong><br \/>\n<\/em>de 11:00 h a 16:00 h<\/li>\n<li><em><br \/>\n  <strong>Paseando entre l\u00e9mures: <\/strong><br \/>\n<\/em>de 11:00 h a 16:00 h<\/li>\n<\/ul>\n<p>&nbsp;<\/p>\n","protected":false},"excerpt":{"rendered":"<p>Jungle Park es un din\u00e1mico parque de fauna salvaje que exhibe una gran variedad de animales, incluidas aves ex\u00f3ticas, primates y mucho m\u00e1s. No te pierdas las espectaculares exhibiciones de aves rapaces y los senderos por la selva.<br \/>\n\u00a1Ideal para pasar un d\u00eda divertido con toda la familia! <\/p>\n","protected":false},"featured_media":5162,"template":"","meta":{"_acf_changed":false,"_joinchat":[]},"product_brand":[],"product_cat":[185],"product_tag":[],"class_list":{"0":"post-5191","1":"product","2":"type-product","3":"status-publish","4":"has-post-thumbnail","6":"product_cat-parques-tematicos-tenerife","7":"pa_depart-from-sur-de-la-isla","9":"first","10":"instock","11":"virtual","12":"sold-individually","13":"purchasable","14":"product-type-booking"},"acf":[],"_links":{"self":[{"href":"https:\/\/thetenerifechannel.com\/es\/wp-json\/wp\/v2\/product\/5191","targetHints":{"allow":["GET"]}}],"collection":[{"href":"https:\/\/thetenerifechannel.com\/es\/wp-json\/wp\/v2\/product"}],"about":[{"href":"https:\/\/thetenerifechannel.com\/es\/wp-json\/wp\/v2\/types\/product"}],"wp:featuredmedia":[{"embeddable":true,"href":"https:\/\/thetenerifechannel.com\/es\/wp-json\/wp\/v2\/media\/5162"}],"wp:attachment":[{"href":"https:\/\/thetenerifechannel.com\/es\/wp-json\/wp\/v2\/media?parent=5191"}],"wp:term":[{"taxonomy":"product_brand","embeddable":true,"href":"https:\/\/thetenerifechannel.com\/es\/wp-json\/wp\/v2\/product_brand?post=5191"},{"taxonomy":"product_cat","embeddable":true,"href":"https:\/\/thetenerifechannel.com\/es\/wp-json\/wp\/v2\/product_cat?post=5191"},{"taxonomy":"product_tag","embeddable":true,"href":"https:\/\/thetenerifechannel.com\/es\/wp-json\/wp\/v2\/product_tag?post=5191"}],"curies":[{"name":"wp","href":"https:\/\/api.w.org\/{rel}","templated":true}]}}