{"id":5198,"date":"2024-01-26T15:57:45","date_gmt":"2024-01-26T15:57:45","guid":{"rendered":"https:\/\/thetenerifechannel.com\/excursions\/teide-medio-dia-manana\/"},"modified":"2026-04-18T12:47:51","modified_gmt":"2026-04-18T12:47:51","slug":"teide-medio-dia-manana","status":"publish","type":"product","link":"https:\/\/thetenerifechannel.com\/es\/excursions\/teide-medio-dia-manana\/","title":{"rendered":"Excursi\u00f3n de un d\u00eda al Teide &#8211; desde el sur"},"content":{"rendered":"<section class=\"l-section wpb_row height_huge\"><div class=\"l-section-h i-cf\"><div class=\"g-cols vc_row via_grid cols_1 laptops-cols_inherit tablets-cols_inherit mobiles-cols_1 valign_top type_default stacking_default\"><div class=\"wpb_column vc_column_container\"><div class=\"vc_column-inner\"><div class=\"wpb_text_column\"><div class=\"wpb_wrapper\"><p>Esta excursi\u00f3n de 6 horas, con salida por la ma\u00f1ana desde el sur, te llevar\u00e1 a explorar el Parque Nacional del Teide, declarado Patrimonio de la Humanidad por la UNESCO y uno de los ejemplos m\u00e1s espectaculares de actividad volc\u00e1nica del mundo.<br \/>\nSu cumbre, de 3.718 metros, representa el pico m\u00e1s alto de Espa\u00f1a.<\/p>\n<p>Una vez dentro del parque, haremos varias paradas, y en Los Roques de Garc\u00eda, tendremos tiempo libre para pasear por la zona designada y disfrutar de las impresionantes vistas. Desde aqu\u00ed podemos admirar el Pico Viejo y el majestuoso Teide, estructuras \u00fanicas en el planeta.<br \/>\nLos cientos de conos, coladas de lava y cuevas enriquecen su significado cient\u00edfico y paisaj\u00edstico. El parque tambi\u00e9n alberga una rica variedad de fauna y flora end\u00e9micas.  <\/p>\n<p><strong>Incluido:<\/strong><\/p>\n<ul>\n<li>Transporte.<\/li>\n<li>Autob\u00fas con aire acondicionado.<\/li>\n<\/ul>\n<p><strong>No se incluye:<\/strong><\/p>\n<ul>\n<li>Billetes para el telef\u00e9rico<\/li>\n<li>Comidas\/bebidas.<\/li>\n<\/ul>\n<\/div><\/div><\/div><\/div><\/div><\/div><\/section>\n","protected":false},"excerpt":{"rendered":"<p>Disfrute de una excursi\u00f3n de medio d\u00eda para explorar el Teide y su Parque Nacional, donde disfrutar\u00e1 de impresionantes paisajes y tendr\u00e1 la oportunidad de descubrir el terreno volc\u00e1nico de esta maravilla natural.<\/p>\n","protected":false},"featured_media":5202,"template":"","meta":{"_acf_changed":false,"_joinchat":[]},"product_brand":[],"product_cat":[186,184],"product_tag":[],"class_list":{"0":"post-5198","1":"product","2":"type-product","3":"status-publish","4":"has-post-thumbnail","6":"product_cat-teide-tenerife-es","7":"product_cat-vuelta-a-la-isla-autobus-tenerife","8":"pa_depart-from-sur-de-la-isla","10":"first","11":"instock","12":"virtual","13":"sold-individually","14":"purchasable","15":"product-type-booking"},"acf":[],"_links":{"self":[{"href":"https:\/\/thetenerifechannel.com\/es\/wp-json\/wp\/v2\/product\/5198","targetHints":{"allow":["GET"]}}],"collection":[{"href":"https:\/\/thetenerifechannel.com\/es\/wp-json\/wp\/v2\/product"}],"about":[{"href":"https:\/\/thetenerifechannel.com\/es\/wp-json\/wp\/v2\/types\/product"}],"wp:featuredmedia":[{"embeddable":true,"href":"https:\/\/thetenerifechannel.com\/es\/wp-json\/wp\/v2\/media\/5202"}],"wp:attachment":[{"href":"https:\/\/thetenerifechannel.com\/es\/wp-json\/wp\/v2\/media?parent=5198"}],"wp:term":[{"taxonomy":"product_brand","embeddable":true,"href":"https:\/\/thetenerifechannel.com\/es\/wp-json\/wp\/v2\/product_brand?post=5198"},{"taxonomy":"product_cat","embeddable":true,"href":"https:\/\/thetenerifechannel.com\/es\/wp-json\/wp\/v2\/product_cat?post=5198"},{"taxonomy":"product_tag","embeddable":true,"href":"https:\/\/thetenerifechannel.com\/es\/wp-json\/wp\/v2\/product_tag?post=5198"}],"curies":[{"name":"wp","href":"https:\/\/api.w.org\/{rel}","templated":true}]}}