{"id":5209,"date":"2024-01-25T18:54:47","date_gmt":"2024-01-25T18:54:47","guid":{"rendered":"https:\/\/thetenerifechannel.com\/excursions\/vuelta-a-la-isla-teide-masca-garachico-icod\/"},"modified":"2026-03-09T13:54:41","modified_gmt":"2026-03-09T13:54:41","slug":"vuelta-a-la-isla-teide-masca-garachico-icod","status":"publish","type":"product","link":"https:\/\/thetenerifechannel.com\/es\/excursions\/vuelta-a-la-isla-teide-masca-garachico-icod\/","title":{"rendered":"Vuelta a la isla: Teide &#8211; Masca &#8211; Garachico (desde el sur)"},"content":{"rendered":"<div class=\"flex-shrink-0 flex flex-col relative items-end\">\n<div>\n<div class=\"pt-0.5\">\n<div class=\"gizmo-shadow-stroke flex h-6 w-6 items-center justify-center overflow-hidden rounded-full\">\u00danase a un viaje panor\u00e1mico por los bellos parajes de Tenerife.<\/div>\n<\/div>\n<\/div>\n<\/div>\n<div class=\"relative flex w-full flex-col lg:w-[calc(100%-115px)] agent-turn\">\n<div class=\"flex-col gap-1 md:gap-3\">\n<div class=\"flex flex-grow flex-col max-w-full\">\n<div class=\"min-h-[20px] text-message flex flex-col items-start gap-3 whitespace-pre-wrap break-words [.text-message+&amp;]:mt-5 overflow-x-auto\" data-message-author-role=\"assistant\" data-message-id=\"1b594d4d-875f-4ede-8698-e67da448c8b8\">\n<div class=\"markdown prose w-full break-words dark:prose-invert light\">\n<p>Saliendo desde el sur, primero nos dirigiremos al Parque Nacional del Teide, donde haremos una breve parada en el encantador pueblo de Vilaflor. Al llegar al parque, declarado Patrimonio de la Humanidad por la UNESCO en 2007, le recibir\u00e1 el pico m\u00e1s alto de Espa\u00f1a, El Teide, y uno de los paisajes volc\u00e1nicos m\u00e1s impresionantes del mundo. Se trata de un aut\u00e9ntico espect\u00e1culo natural en el coraz\u00f3n de las Islas Canarias.  <\/p>\n<\/div>\n<p>Nuestra excursi\u00f3n contin\u00faa hacia Icod de los Vinos, donde se encuentra el legendario Drago. Despu\u00e9s, recorreremos las pintorescas calles de Garachico, donde podr\u00e1s explorar su bien conservado casco antiguo.<br \/>\nA continuaci\u00f3n, el viaje nos llevar\u00e1 al pintoresco pueblo de Masca, enclavado en el Parque Rural de Teno, donde dispondr\u00e1s de tiempo libre para apreciar las hermosas vistas.<\/p>\n<p>Para concluir esta memorable excursi\u00f3n, emprenderemos el camino de regreso a los hoteles.<\/p>\n<p><strong>Incluido:<\/strong><\/p>\n<\/div>\n<\/div>\n<\/div>\n<\/div>\n<ul>\n<li>Autob\u00fas con aire acondicionado<\/li>\n<li>Gu\u00eda oficial<\/li>\n<\/ul>\n<p><strong>No se incluye:<\/strong><\/p>\n<ul>\n<li>Almuerzo<\/li>\n<\/ul>\n","protected":false},"excerpt":{"rendered":"<p>Explore los lugares m\u00e1s bellos de Tenerife en esta excursi\u00f3n por la isla, que le llevar\u00e1 a Masca, Garachico, el Teide y su hermoso parque nacional, e Icod de los Vinos, con salida desde el sur de Tenerife.<\/p>\n","protected":false},"featured_media":5213,"template":"","meta":{"_acf_changed":false,"_joinchat":[]},"product_brand":[],"product_cat":[186,184],"product_tag":[],"class_list":{"0":"post-5209","1":"product","2":"type-product","3":"status-publish","4":"has-post-thumbnail","6":"product_cat-teide-tenerife-es","7":"product_cat-vuelta-a-la-isla-autobus-tenerife","8":"pa_depart-from-sur-de-la-isla","10":"first","11":"instock","12":"virtual","13":"sold-individually","14":"purchasable","15":"product-type-booking"},"acf":[],"_links":{"self":[{"href":"https:\/\/thetenerifechannel.com\/es\/wp-json\/wp\/v2\/product\/5209","targetHints":{"allow":["GET"]}}],"collection":[{"href":"https:\/\/thetenerifechannel.com\/es\/wp-json\/wp\/v2\/product"}],"about":[{"href":"https:\/\/thetenerifechannel.com\/es\/wp-json\/wp\/v2\/types\/product"}],"wp:featuredmedia":[{"embeddable":true,"href":"https:\/\/thetenerifechannel.com\/es\/wp-json\/wp\/v2\/media\/5213"}],"wp:attachment":[{"href":"https:\/\/thetenerifechannel.com\/es\/wp-json\/wp\/v2\/media?parent=5209"}],"wp:term":[{"taxonomy":"product_brand","embeddable":true,"href":"https:\/\/thetenerifechannel.com\/es\/wp-json\/wp\/v2\/product_brand?post=5209"},{"taxonomy":"product_cat","embeddable":true,"href":"https:\/\/thetenerifechannel.com\/es\/wp-json\/wp\/v2\/product_cat?post=5209"},{"taxonomy":"product_tag","embeddable":true,"href":"https:\/\/thetenerifechannel.com\/es\/wp-json\/wp\/v2\/product_tag?post=5209"}],"curies":[{"name":"wp","href":"https:\/\/api.w.org\/{rel}","templated":true}]}}