{"id":5231,"date":"2024-01-26T15:56:59","date_gmt":"2024-01-26T15:56:59","guid":{"rendered":"https:\/\/thetenerifechannel.com\/excursions\/teide-medio-dia-manana-2\/"},"modified":"2026-03-09T13:54:13","modified_gmt":"2026-03-09T13:54:13","slug":"teide-medio-dia-manana-2","status":"publish","type":"product","link":"https:\/\/thetenerifechannel.com\/es\/excursions\/teide-medio-dia-manana-2\/","title":{"rendered":"Teide medio d\u00eda (ma\u00f1ana) &#8211; desde el norte"},"content":{"rendered":"<p>Esta excursi\u00f3n de 6 horas, con salida por la ma\u00f1ana, te llevar\u00e1 a explorar el Parque Nacional del Teide, declarado Patrimonio de la Humanidad por la UNESCO y uno de los ejemplos m\u00e1s espectaculares de actividad volc\u00e1nica del mundo.<br \/>\nSu cima, de 3.718 metros, representa el pico m\u00e1s alto de Espa\u00f1a.<br \/>\nEntraremos en el parque por el Valle de la Orotava, donde tendremos la oportunidad de disfrutar de hermosas vistas.<\/p>\n<p>Una vez dentro del parque, haremos varias paradas, y en Los Roques de Garc\u00eda, tendremos tiempo libre para pasear por la zona designada y disfrutar de las impresionantes vistas. Desde aqu\u00ed podemos admirar el Pico Viejo y el majestuoso Teide, estructuras \u00fanicas en el planeta.<br \/>\nLos cientos de conos, coladas de lava y cuevas enriquecen su significado cient\u00edfico y paisaj\u00edstico. El parque tambi\u00e9n alberga una rica variedad de fauna y flora end\u00e9micas.  <\/p>\n<p><em>*Opcionalmente y siempre sujeto a disponibilidad, puede optar por acceder al telef\u00e9rico. Si el cliente desea tomar esta opci\u00f3n, habr\u00e1 partes del Parque Nacional que no podr\u00e1 disfrutar.<br \/>\n*El telef\u00e9rico no est\u00e1 recomendado para ni\u00f1os menores de 3 a\u00f1os, mujeres embarazadas o personas con enfermedades cardiovasculares.<\/em><\/p>\n<p><strong>Incluido:<br \/>\n<\/strong><\/p>\n<ul>\n<li>Transporte.<\/li>\n<li>Autob\u00fas con aire acondicionado.<\/li>\n<\/ul>\n<p><strong>No se incluye:<\/strong><\/p>\n<ul>\n<li>Billetes para el telef\u00e9rico.<\/li>\n<li>Comidas\/bebidas.<\/li>\n<\/ul>\n","protected":false},"excerpt":{"rendered":"<p>Disfrute de una excursi\u00f3n de medio d\u00eda para explorar el Teide y su Parque Nacional, donde disfrutar\u00e1 de impresionantes paisajes y tendr\u00e1 la oportunidad de descubrir el terreno volc\u00e1nico de esta maravilla natural.<\/p>\n","protected":false},"featured_media":5202,"template":"","meta":{"_acf_changed":false,"_joinchat":[]},"product_brand":[],"product_cat":[186,184],"product_tag":[],"class_list":{"0":"post-5231","1":"product","2":"type-product","3":"status-publish","4":"has-post-thumbnail","6":"product_cat-teide-tenerife-es","7":"product_cat-vuelta-a-la-isla-autobus-tenerife","8":"pa_depart-from-norte-de-la-isla","10":"first","11":"instock","12":"virtual","13":"sold-individually","14":"purchasable","15":"product-type-booking"},"acf":[],"_links":{"self":[{"href":"https:\/\/thetenerifechannel.com\/es\/wp-json\/wp\/v2\/product\/5231","targetHints":{"allow":["GET"]}}],"collection":[{"href":"https:\/\/thetenerifechannel.com\/es\/wp-json\/wp\/v2\/product"}],"about":[{"href":"https:\/\/thetenerifechannel.com\/es\/wp-json\/wp\/v2\/types\/product"}],"wp:featuredmedia":[{"embeddable":true,"href":"https:\/\/thetenerifechannel.com\/es\/wp-json\/wp\/v2\/media\/5202"}],"wp:attachment":[{"href":"https:\/\/thetenerifechannel.com\/es\/wp-json\/wp\/v2\/media?parent=5231"}],"wp:term":[{"taxonomy":"product_brand","embeddable":true,"href":"https:\/\/thetenerifechannel.com\/es\/wp-json\/wp\/v2\/product_brand?post=5231"},{"taxonomy":"product_cat","embeddable":true,"href":"https:\/\/thetenerifechannel.com\/es\/wp-json\/wp\/v2\/product_cat?post=5231"},{"taxonomy":"product_tag","embeddable":true,"href":"https:\/\/thetenerifechannel.com\/es\/wp-json\/wp\/v2\/product_tag?post=5231"}],"curies":[{"name":"wp","href":"https:\/\/api.w.org\/{rel}","templated":true}]}}