{"id":5237,"date":"2024-01-25T19:11:23","date_gmt":"2024-01-25T19:11:23","guid":{"rendered":"https:\/\/thetenerifechannel.com\/excursions\/vuelta-a-la-isla-la-laguna-taganana-santa-cruz\/"},"modified":"2026-03-09T13:54:30","modified_gmt":"2026-03-09T13:54:30","slug":"vuelta-a-la-isla-la-laguna-taganana-santa-cruz","status":"publish","type":"product","link":"https:\/\/thetenerifechannel.com\/es\/excursions\/vuelta-a-la-isla-la-laguna-taganana-santa-cruz\/","title":{"rendered":"Vuelta a la isla: La Laguna &#8211; Anaga &#8211; Santa Cruz (desde el sur)"},"content":{"rendered":"<p>\u00danete a esta excursi\u00f3n por lugares bellos e ic\u00f3nicos de Tenerife.<br \/>\nComenzaremos la excursi\u00f3n visitando la hist\u00f3rica ciudad de La Laguna, Patrimonio de la Humanidad por la UNESCO. Visitaremos atracciones clave como la Plaza del Adelantado, la Iglesia del Sant\u00edsimo Cristo de La Laguna, El Mercado del Cristo, el casco antiguo, el Palacio Episcopal y mucho m\u00e1s. <\/p>\n<p>A continuaci\u00f3n, nos dirigiremos al Monte de Las Mercedes, descendiendo por la carretera del Bailadero a trav\u00e9s de frondosos bosques de laurisilva, hasta llegar a los Montes de Anaga. Este pintoresco pueblo conserva costumbres y arquitectura tradicionales, rodeado de playas e imponentes acantilados marinos. <\/p>\n<p>Nuestra ruta nos lleva despu\u00e9s al barrio pesquero de San Andr\u00e9s, seguido de un trayecto en coche hasta el coraz\u00f3n de Santa Cruz de Tenerife, la cosmopolita y vibrante capital de la isla. Exploraremos brevemente sus lugares m\u00e1s emblem\u00e1ticos, como la Plaza de Espa\u00f1a, la Plaza de La Candelaria y la Calle Castillo. <\/p>\n<p>Para concluir nuestro recorrido, nos dirigimos hacia el sur por la autopista, poniendo fin a un viaje inolvidable a trav\u00e9s de la rica historia y cultura de Tenerife.<\/p>\n<p><strong>Incluido:<\/strong><\/p>\n<ul>\n<li>Autob\u00fas con aire acondicionado<\/li>\n<li>Gu\u00eda oficial<\/li>\n<\/ul>\n<p><strong>No se incluye:<\/strong><\/p>\n<ul>\n<li>Comidas<\/li>\n<\/ul>\n","protected":false},"excerpt":{"rendered":"<p>Acomp\u00e1\u00f1anos en una hermosa aventura insular por el norte de Tenerife, visitando la ciudad de La Laguna, los frondosos bosques, descubre el pintoresco pueblo de Taganana y emp\u00e1pate del animado ambiente de Santa Cruz de Tenerife.<br \/>\n\u00a1Esta excursi\u00f3n promete una mezcla perfecta de cultura, naturaleza y diversi\u00f3n!<\/p>\n","protected":false},"featured_media":5244,"template":"","meta":{"_acf_changed":false,"_joinchat":[]},"product_brand":[],"product_cat":[184],"product_tag":[],"class_list":{"0":"post-5237","1":"product","2":"type-product","3":"status-publish","4":"has-post-thumbnail","6":"product_cat-vuelta-a-la-isla-autobus-tenerife","7":"pa_depart-from-sur-de-la-isla","9":"first","10":"instock","11":"virtual","12":"sold-individually","13":"purchasable","14":"product-type-booking"},"acf":[],"_links":{"self":[{"href":"https:\/\/thetenerifechannel.com\/es\/wp-json\/wp\/v2\/product\/5237","targetHints":{"allow":["GET"]}}],"collection":[{"href":"https:\/\/thetenerifechannel.com\/es\/wp-json\/wp\/v2\/product"}],"about":[{"href":"https:\/\/thetenerifechannel.com\/es\/wp-json\/wp\/v2\/types\/product"}],"wp:featuredmedia":[{"embeddable":true,"href":"https:\/\/thetenerifechannel.com\/es\/wp-json\/wp\/v2\/media\/5244"}],"wp:attachment":[{"href":"https:\/\/thetenerifechannel.com\/es\/wp-json\/wp\/v2\/media?parent=5237"}],"wp:term":[{"taxonomy":"product_brand","embeddable":true,"href":"https:\/\/thetenerifechannel.com\/es\/wp-json\/wp\/v2\/product_brand?post=5237"},{"taxonomy":"product_cat","embeddable":true,"href":"https:\/\/thetenerifechannel.com\/es\/wp-json\/wp\/v2\/product_cat?post=5237"},{"taxonomy":"product_tag","embeddable":true,"href":"https:\/\/thetenerifechannel.com\/es\/wp-json\/wp\/v2\/product_tag?post=5237"}],"curies":[{"name":"wp","href":"https:\/\/api.w.org\/{rel}","templated":true}]}}