{"id":5252,"date":"2024-01-26T17:25:27","date_gmt":"2024-01-26T17:25:27","guid":{"rendered":"https:\/\/thetenerifechannel.com\/excursions\/excursion-al-teide-billete-teleferico\/"},"modified":"2026-03-09T13:53:49","modified_gmt":"2026-03-09T13:53:49","slug":"excursion-al-teide-billete-teleferico","status":"publish","type":"product","link":"https:\/\/thetenerifechannel.com\/es\/excursions\/excursion-al-teide-billete-teleferico\/","title":{"rendered":"Excursi\u00f3n al Teide + Billete Telef\u00e9rico"},"content":{"rendered":"<p class=\"p1\">En esta excursi\u00f3n organizada al Teide con billetes de ida y vuelta en telef\u00e9rico y audiogu\u00eda digital de los senderos, descubrir\u00e1 el Parque Nacional del Teide: el parque nacional m\u00e1s visitado de Europa.<\/p>\n<p class=\"p1\">Desde la comodidad del autob\u00fas y acompa\u00f1ado por un gu\u00eda oficial, descubrir\u00e1 paisajes que le dejar\u00e1n boquiabierto mientras asciende hacia la cima. Debido a que Tenerife es una enorme monta\u00f1a en medio del oc\u00e9ano, sus carreteras ascienden para llegar al coraz\u00f3n de la isla: El Teide. A lo largo del camino, pasar\u00e1 por diferentes niveles bioclim\u00e1ticos.  <\/p>\n<p class=\"p1\">Adem\u00e1s, como los billetes de telef\u00e9rico para subir al Teide ya est\u00e1n incluidos, no tendr\u00e1 que preocuparse por perder la oportunidad de reservar su plaza.<\/p>\n<p class=\"p1\">La excursi\u00f3n al Teide incluye entradas para la subida y la bajada con audiogu\u00eda digital de los senderos que le llevar\u00e1n hasta una altitud de 3.555 metros para que pueda disfrutar de unas vistas impresionantes de Tenerife y algunas de las islas vecinas, al tiempo que contempla uno de los paisajes volc\u00e1nicos m\u00e1s extraordinarios del mundo.<\/p>\n<p class=\"p2\"><b><i>Duraci\u00f3n aprox. 07:00 Hrs Aproximadamente <\/i><\/b><\/p>\n<p class=\"p1\"><b>\u00bfQu\u00e9 incluye?<\/b><\/p>\n<ul class=\"ul1\">\n<li class=\"li1\">Billete electr\u00f3nico<\/li>\n<li class=\"li1\">Billetes de telef\u00e9rico + audiogu\u00eda (sin obligaci\u00f3n de uso)<\/li>\n<li class=\"li1\">Transporte<\/li>\n<li class=\"li1\">Gu\u00eda oficial (multiling\u00fce)<\/li>\n<li class=\"li1\">Recogida en el sur de la isla (Playa de Las Am\u00e9ricas, Los Cristianos, Costa Adeje, Callao Salvaje, Golf del Sur)<\/li>\n<\/ul>\n<p class=\"p1\"><b>No se incluye:<\/b><\/p>\n<ul class=\"ul1\">\n<li class=\"li3\">Comida y\/o bebida (puede traer su propio tentempi\u00e9 o comprarlo en nuestro restaurante-bar)<\/li>\n<li class=\"li4\">Acceso al sendero que lleva al cr\u00e1ter del Teide (requiere permiso del Parque Nacional)<\/li>\n<li class=\"li5\">Acceso para visitantes con discapacidad f\u00edsica o motriz<\/li>\n<\/ul>\n","protected":false},"excerpt":{"rendered":"<p>\u00danete a nuestra excursi\u00f3n organizada al Teide con billetes de ida y vuelta en telef\u00e9rico incluidos y una audiogu\u00eda digital para los senderos.<br \/>\n\u00a1Explora el Parque Nacional del Teide, el parque nacional m\u00e1s visitado de Europa!<\/p>\n","protected":false},"featured_media":5253,"template":"","meta":{"_acf_changed":false,"_joinchat":[]},"product_brand":[],"product_cat":[186,184],"product_tag":[],"class_list":{"0":"post-5252","1":"product","2":"type-product","3":"status-publish","4":"has-post-thumbnail","6":"product_cat-teide-tenerife-es","7":"product_cat-vuelta-a-la-isla-autobus-tenerife","8":"pa_depart-from-norte-de-la-isla","9":"pa_depart-from-sur-de-la-isla","11":"first","12":"instock","13":"virtual","14":"sold-individually","15":"purchasable","16":"product-type-booking"},"acf":[],"_links":{"self":[{"href":"https:\/\/thetenerifechannel.com\/es\/wp-json\/wp\/v2\/product\/5252","targetHints":{"allow":["GET"]}}],"collection":[{"href":"https:\/\/thetenerifechannel.com\/es\/wp-json\/wp\/v2\/product"}],"about":[{"href":"https:\/\/thetenerifechannel.com\/es\/wp-json\/wp\/v2\/types\/product"}],"wp:featuredmedia":[{"embeddable":true,"href":"https:\/\/thetenerifechannel.com\/es\/wp-json\/wp\/v2\/media\/5253"}],"wp:attachment":[{"href":"https:\/\/thetenerifechannel.com\/es\/wp-json\/wp\/v2\/media?parent=5252"}],"wp:term":[{"taxonomy":"product_brand","embeddable":true,"href":"https:\/\/thetenerifechannel.com\/es\/wp-json\/wp\/v2\/product_brand?post=5252"},{"taxonomy":"product_cat","embeddable":true,"href":"https:\/\/thetenerifechannel.com\/es\/wp-json\/wp\/v2\/product_cat?post=5252"},{"taxonomy":"product_tag","embeddable":true,"href":"https:\/\/thetenerifechannel.com\/es\/wp-json\/wp\/v2\/product_tag?post=5252"}],"curies":[{"name":"wp","href":"https:\/\/api.w.org\/{rel}","templated":true}]}}