{"id":5260,"date":"2024-01-23T14:29:48","date_gmt":"2024-01-23T14:29:48","guid":{"rendered":"https:\/\/thetenerifechannel.com\/excursions\/castillo-san-miguel-cena-espectaculo\/"},"modified":"2026-04-18T13:58:02","modified_gmt":"2026-04-18T13:58:02","slug":"castillo-san-miguel-cena-espectaculo","status":"publish","type":"product","link":"https:\/\/thetenerifechannel.com\/es\/excursions\/castillo-san-miguel-cena-espectaculo\/","title":{"rendered":"Castillo San Miguel &#8211; Cena espect\u00e1culo"},"content":{"rendered":"<p class=\"p1\">Prep\u00e1rese para vivir una experiencia medieval con los Caballeros de la Mesa Redonda en el m\u00e1gico Castillo San Miguel. Disfruta de un fastuoso banquete, grita, abuchea o anima al caballero que te representa y que est\u00e1 dispuesto a ganar o morir en tu honor. <\/p>\n<p class=\"p1\">Al entrar en el Sal\u00f3n Real, la realeza le da la bienvenida y amables s\u00fabditos le escoltan hasta la sala de torneos, haci\u00e9ndole sentir como en un aut\u00e9ntico mundo medieval, entre armaduras de \u00e9poca, cofres, escritos y decoraciones.<\/p>\n<p class=\"p1\">Dos equipos se enfrentar\u00e1n, seis caballeros luchar\u00e1n por el honor sobre sus caballos con jabalina en mano, mientras usted, como invitado del conde, tendr\u00e1 el placer de disfrutar del espect\u00e1culo desde el palco, \u00a1con cena, vino y agua incluidos! Come, bebe, grita y anima a tu caballero como lo habr\u00edas hecho en la Edad Media. <\/p>\n<p class=\"p1\">Divi\u00e9rtase viendo la destreza de nuestros caballeros con la jabalina o la espada, disfrute de las acrobacias sobre caballos espa\u00f1oles, del vuelo de nuestras majestuosas aves, de un espect\u00e1culo de fuego y mucho m\u00e1s. \u00a1Sube la adrenalina! <\/p>\n<p><strong>Incluido:<\/strong><\/p>\n<ul class=\"ul1\">\n<li class=\"li1\">Cena con bebidas<\/li>\n<li>Aparcamiento gratuito<\/li>\n<\/ul>\n<p class=\"p1\"><i>Comienzo del Programa 19:00 h.<br \/>\nFin del espect\u00e1culo: 21:30 h<\/i><\/p>\n","protected":false},"excerpt":{"rendered":"<p>Vive una aventura medieval en el Castillo de San Miguel con los Caballeros de la Mesa Redonda, donde disfrutar\u00e1s de un gran fest\u00edn y animar\u00e1s a tu campe\u00f3n elegido. Entre en el Sal\u00f3n Real, rodeado de decoraci\u00f3n de \u00e9poca, y contemple c\u00f3mo seis caballeros compiten a caballo con jabalinas. Sea testigo de emocionantes exhibiciones de destreza, acrobacias e incluso un espect\u00e1culo de fuego, en una cena-espect\u00e1culo inolvidable.  <\/p>\n","protected":false},"featured_media":5270,"template":"","meta":{"_acf_changed":false,"_joinchat":[]},"product_brand":[],"product_cat":[189],"product_tag":[368,366,369,455,435,367,264],"class_list":{"0":"post-5260","1":"product","2":"type-product","3":"status-publish","4":"has-post-thumbnail","6":"product_cat-espectaculos-nocturnos-tenerife","7":"product_tag-a-grupo-amigos","8":"product_tag-a-grupo-parejas","9":"product_tag-a-grupo-solo","10":"product_tag-a-must-shows-families","11":"product_tag-a-vibe-noche","12":"product_tag-grupo-a-familias","13":"product_tag-tarjetas-principales","14":"pa_depart-from-norte-de-la-isla","15":"pa_depart-from-sur-de-la-isla","17":"first","18":"instock","19":"virtual","20":"sold-individually","21":"purchasable","22":"product-type-booking"},"acf":[],"_links":{"self":[{"href":"https:\/\/thetenerifechannel.com\/es\/wp-json\/wp\/v2\/product\/5260","targetHints":{"allow":["GET"]}}],"collection":[{"href":"https:\/\/thetenerifechannel.com\/es\/wp-json\/wp\/v2\/product"}],"about":[{"href":"https:\/\/thetenerifechannel.com\/es\/wp-json\/wp\/v2\/types\/product"}],"wp:featuredmedia":[{"embeddable":true,"href":"https:\/\/thetenerifechannel.com\/es\/wp-json\/wp\/v2\/media\/5270"}],"wp:attachment":[{"href":"https:\/\/thetenerifechannel.com\/es\/wp-json\/wp\/v2\/media?parent=5260"}],"wp:term":[{"taxonomy":"product_brand","embeddable":true,"href":"https:\/\/thetenerifechannel.com\/es\/wp-json\/wp\/v2\/product_brand?post=5260"},{"taxonomy":"product_cat","embeddable":true,"href":"https:\/\/thetenerifechannel.com\/es\/wp-json\/wp\/v2\/product_cat?post=5260"},{"taxonomy":"product_tag","embeddable":true,"href":"https:\/\/thetenerifechannel.com\/es\/wp-json\/wp\/v2\/product_tag?post=5260"}],"curies":[{"name":"wp","href":"https:\/\/api.w.org\/{rel}","templated":true}]}}