{"id":5261,"date":"2024-01-25T16:56:05","date_gmt":"2024-01-25T16:56:05","guid":{"rendered":"https:\/\/thetenerifechannel.com\/excursions\/vuelta-a-la-isla-teide-masca-garachico-icod-2\/"},"modified":"2026-03-09T13:55:13","modified_gmt":"2026-03-09T13:55:13","slug":"vuelta-a-la-isla-teide-masca-garachico-icod-2","status":"publish","type":"product","link":"https:\/\/thetenerifechannel.com\/es\/excursions\/vuelta-a-la-isla-teide-masca-garachico-icod-2\/","title":{"rendered":"Vuelta a la isla: Teide &#8211; Masca &#8211; Garachico &#8211; Icod (desde el norte)"},"content":{"rendered":"<p>Saliendo desde Puerto de la Cruz, se dirigir\u00e1 hacia el Parque Nacional del Teide, atravesando toda la zona boscosa del Valle de la Orotava y haciendo una breve parada para tomar fotos y contemplar la vista panor\u00e1mica.<\/p>\n<p>Una vez llegados al Parque Nacional del Teide, habr\u00e1 una parada para disfrutar de las hermosas vistas y si las condiciones meteorol\u00f3gicas lo permiten, veremos las islas de La Gomera, La Palma y El Hierro.<\/p>\n<p>Despu\u00e9s se dirigir\u00e1 al pueblo de Masca (situado en el Parque Rural de Teno), donde habr\u00e1 tiempo libre para explorar.<\/p>\n<p>La siguiente parada ser\u00e1 Garachico, donde tendr\u00e1 tiempo para visitar el casco antiguo. Despu\u00e9s, se dirigir\u00e1 al municipio de Icod para visitar su Drago Milenario. <\/p>\n<p>Finalmente, concluiremos nuestro viaje de regreso a Puerto de la Cruz, pasando por los municipios de San Juan de la Rambla y Los Realejos.<\/p>\n<p><strong>Incluido:<\/strong><\/p>\n<ul>\n<li>Autob\u00fas con aire acondicionado<\/li>\n<li>Gu\u00eda oficial<\/li>\n<\/ul>\n<p><strong>No se incluye:<\/strong><\/p>\n<ul>\n<li>Almuerzo<\/li>\n<\/ul>\n","protected":false},"excerpt":{"rendered":"<p>Explore los lugares m\u00e1s bellos de Tenerife en esta excursi\u00f3n por la isla, que le llevar\u00e1 a Masca, Garachico, el Teide y su hermoso parque nacional, e Icod de los Vinos.<\/p>\n","protected":false},"featured_media":5213,"template":"","meta":{"_acf_changed":false,"_joinchat":[]},"product_brand":[],"product_cat":[184],"product_tag":[],"class_list":{"0":"post-5261","1":"product","2":"type-product","3":"status-publish","4":"has-post-thumbnail","6":"product_cat-vuelta-a-la-isla-autobus-tenerife","7":"pa_depart-from-norte-de-la-isla","9":"first","10":"instock","11":"virtual","12":"sold-individually","13":"purchasable","14":"product-type-booking"},"acf":[],"_links":{"self":[{"href":"https:\/\/thetenerifechannel.com\/es\/wp-json\/wp\/v2\/product\/5261","targetHints":{"allow":["GET"]}}],"collection":[{"href":"https:\/\/thetenerifechannel.com\/es\/wp-json\/wp\/v2\/product"}],"about":[{"href":"https:\/\/thetenerifechannel.com\/es\/wp-json\/wp\/v2\/types\/product"}],"wp:featuredmedia":[{"embeddable":true,"href":"https:\/\/thetenerifechannel.com\/es\/wp-json\/wp\/v2\/media\/5213"}],"wp:attachment":[{"href":"https:\/\/thetenerifechannel.com\/es\/wp-json\/wp\/v2\/media?parent=5261"}],"wp:term":[{"taxonomy":"product_brand","embeddable":true,"href":"https:\/\/thetenerifechannel.com\/es\/wp-json\/wp\/v2\/product_brand?post=5261"},{"taxonomy":"product_cat","embeddable":true,"href":"https:\/\/thetenerifechannel.com\/es\/wp-json\/wp\/v2\/product_cat?post=5261"},{"taxonomy":"product_tag","embeddable":true,"href":"https:\/\/thetenerifechannel.com\/es\/wp-json\/wp\/v2\/product_tag?post=5261"}],"curies":[{"name":"wp","href":"https:\/\/api.w.org\/{rel}","templated":true}]}}