{"id":5278,"date":"2024-01-23T13:49:50","date_gmt":"2024-01-23T13:49:50","guid":{"rendered":"https:\/\/thetenerifechannel.com\/excursions\/loro-parque-diamond-tour\/"},"modified":"2026-03-31T12:56:56","modified_gmt":"2026-03-31T12:56:56","slug":"loro-parque-diamond-tour","status":"publish","type":"product","link":"https:\/\/thetenerifechannel.com\/es\/excursions\/loro-parque-diamond-tour\/","title":{"rendered":"Loro Parque Diamond Tour"},"content":{"rendered":"<section class=\"l-section wpb_row height_huge\"><div class=\"l-section-h i-cf\"><div class=\"g-cols vc_row via_grid cols_1 laptops-cols_inherit tablets-cols_inherit mobiles-cols_1 valign_top type_default stacking_default\"><div class=\"wpb_column vc_column_container\"><div class=\"vc_column-inner\"><div class=\"wpb_text_column\"><div class=\"wpb_wrapper\"><p>\u00a1Prep\u00e1rate para la aventura definitiva en Loro Parque!<br \/>\nCon la visita Loro Explore (90 minutos de diversi\u00f3n guiada), asientos VIP para los incre\u00edbles espect\u00e1culos de orcas, delfines y leones marinos, y un delicioso almuerzo en Brunelli&#8217;s Steakhouse (que sirve un exquisito men\u00fa de 13:00 a 15:30), \u00a1este paquete es para ti!<br \/>\nAseg\u00farese de llegar al parque antes de las 09:45 para disfrutar de la mejor experiencia.<\/p>\n<p><strong>Incluido:<\/strong><\/p>\n<ul>\n<li>Entradas<\/li>\n<li>Visita guiada de 90 minutos<\/li>\n<li>Asientos VIP para espect\u00e1culos<\/li>\n<li>Almuerzo en Brunelli&#8217;s Steakhouse<\/li>\n<\/ul>\n<\/div><\/div><\/div><\/div><\/div><\/div><\/section>\n","protected":false},"excerpt":{"rendered":"<p>\u00a1Vive la aventura completa de Loro Parque!<br \/>\nDisfrute de una visita guiada Loro Explore de 90 minutos, asientos VIP para los espect\u00e1culos de orcas, delfines y leones marinos, y un sabroso almuerzo.<\/p>\n","protected":false},"featured_media":5286,"template":"","meta":{"_acf_changed":false,"_joinchat":[]},"product_brand":[],"product_cat":[190,185],"product_tag":[],"class_list":{"0":"post-5278","1":"product","2":"type-product","3":"status-publish","4":"has-post-thumbnail","6":"product_cat-loro-parque-tenerife","7":"product_cat-parques-tematicos-tenerife","8":"pa_depart-from-norte-de-la-isla","10":"first","11":"instock","12":"virtual","13":"sold-individually","14":"purchasable","15":"product-type-booking"},"acf":[],"_links":{"self":[{"href":"https:\/\/thetenerifechannel.com\/es\/wp-json\/wp\/v2\/product\/5278","targetHints":{"allow":["GET"]}}],"collection":[{"href":"https:\/\/thetenerifechannel.com\/es\/wp-json\/wp\/v2\/product"}],"about":[{"href":"https:\/\/thetenerifechannel.com\/es\/wp-json\/wp\/v2\/types\/product"}],"wp:featuredmedia":[{"embeddable":true,"href":"https:\/\/thetenerifechannel.com\/es\/wp-json\/wp\/v2\/media\/5286"}],"wp:attachment":[{"href":"https:\/\/thetenerifechannel.com\/es\/wp-json\/wp\/v2\/media?parent=5278"}],"wp:term":[{"taxonomy":"product_brand","embeddable":true,"href":"https:\/\/thetenerifechannel.com\/es\/wp-json\/wp\/v2\/product_brand?post=5278"},{"taxonomy":"product_cat","embeddable":true,"href":"https:\/\/thetenerifechannel.com\/es\/wp-json\/wp\/v2\/product_cat?post=5278"},{"taxonomy":"product_tag","embeddable":true,"href":"https:\/\/thetenerifechannel.com\/es\/wp-json\/wp\/v2\/product_tag?post=5278"}],"curies":[{"name":"wp","href":"https:\/\/api.w.org\/{rel}","templated":true}]}}