{"id":5279,"date":"2024-01-23T13:23:26","date_gmt":"2024-01-23T13:23:26","guid":{"rendered":"https:\/\/thetenerifechannel.com\/excursions\/twin-ticket-siam-park-loro-parque\/"},"modified":"2026-03-09T13:52:42","modified_gmt":"2026-03-09T13:52:42","slug":"twin-ticket-siam-park-loro-parque","status":"publish","type":"product","link":"https:\/\/thetenerifechannel.com\/es\/excursions\/twin-ticket-siam-park-loro-parque\/","title":{"rendered":"Twin Ticket Siam Park &#8211; Loro Parque"},"content":{"rendered":"<section class=\"l-section wpb_row height_huge\"><div class=\"l-section-h i-cf\"><div class=\"g-cols vc_row via_grid cols_1 laptops-cols_inherit tablets-cols_inherit mobiles-cols_1 valign_top type_default stacking_default\"><div class=\"wpb_column vc_column_container\"><div class=\"vc_column-inner\"><div class=\"wpb_text_column\"><div class=\"wpb_wrapper\"><p>Descubre estos dos extraordinarios parques con el billete doble definitivo para Loro Parque y Siam Park.<br \/>\nSum\u00e9rgete en un mundo de maravillas en Loro Parque, donde podr\u00e1s presenciar una fauna asombrosa y espect\u00e1culos cautivadores. Cuando est\u00e9 listo para divertirse en el agua, dir\u00edjase a Siam Park, repleto de toboganes llenos de adrenalina y uno de los mejores parques acu\u00e1ticos de Europa. <\/p>\n<p>No te pierdas esta incre\u00edble oportunidad de duplicar la diversi\u00f3n y crear recuerdos inolvidables.<\/p>\n<p><strong>Incluido:<\/strong><\/p>\n<ul>\n<li>Entrada QR a Siam Park y Loro Parque.<\/li>\n<li>Autob\u00fas gratuito a Siam Park con recogida en Los Cristianos, Las Am\u00e9ricas y Costa Adeje.<\/li>\n<li>Uso de tumbonas, chalecos salvavidas y sombrillas.<\/li>\n<li>Tren gratuito a Loro Parque con recogida en Puerto de la cruz.<\/li>\n<\/ul>\n<p><strong>No se incluye:<\/strong><\/p>\n<ul>\n<li>Comida y bebida<\/li>\n<li>Alquiler de taquillas y toallas<\/li>\n<li>Plazas de aparcamiento<\/li>\n<\/ul>\n<\/div><\/div><\/div><\/div><\/div><\/div><\/section>\n","protected":false},"excerpt":{"rendered":"<p>Descubra Siam Park y Loro Parque con la entrada doble definitiva. \u00a1Doble diversi\u00f3n! <\/p>\n","protected":false},"featured_media":5295,"template":"","meta":{"_acf_changed":false,"_joinchat":[]},"product_brand":[],"product_cat":[190,185,191],"product_tag":[],"class_list":{"0":"post-5279","1":"product","2":"type-product","3":"status-publish","4":"has-post-thumbnail","6":"product_cat-loro-parque-tenerife","7":"product_cat-parques-tematicos-tenerife","8":"product_cat-siam-park-tenerife-es","9":"pa_depart-from-norte-de-la-isla","10":"pa_depart-from-sur-de-la-isla","12":"first","13":"instock","14":"virtual","15":"sold-individually","16":"purchasable","17":"product-type-booking"},"acf":[],"_links":{"self":[{"href":"https:\/\/thetenerifechannel.com\/es\/wp-json\/wp\/v2\/product\/5279","targetHints":{"allow":["GET"]}}],"collection":[{"href":"https:\/\/thetenerifechannel.com\/es\/wp-json\/wp\/v2\/product"}],"about":[{"href":"https:\/\/thetenerifechannel.com\/es\/wp-json\/wp\/v2\/types\/product"}],"wp:featuredmedia":[{"embeddable":true,"href":"https:\/\/thetenerifechannel.com\/es\/wp-json\/wp\/v2\/media\/5295"}],"wp:attachment":[{"href":"https:\/\/thetenerifechannel.com\/es\/wp-json\/wp\/v2\/media?parent=5279"}],"wp:term":[{"taxonomy":"product_brand","embeddable":true,"href":"https:\/\/thetenerifechannel.com\/es\/wp-json\/wp\/v2\/product_brand?post=5279"},{"taxonomy":"product_cat","embeddable":true,"href":"https:\/\/thetenerifechannel.com\/es\/wp-json\/wp\/v2\/product_cat?post=5279"},{"taxonomy":"product_tag","embeddable":true,"href":"https:\/\/thetenerifechannel.com\/es\/wp-json\/wp\/v2\/product_tag?post=5279"}],"curies":[{"name":"wp","href":"https:\/\/api.w.org\/{rel}","templated":true}]}}