{"id":5287,"date":"2024-01-23T15:04:30","date_gmt":"2024-01-23T15:04:30","guid":{"rendered":"https:\/\/thetenerifechannel.com\/excursions\/ole-espectaculo-flamenco\/"},"modified":"2026-04-18T11:15:48","modified_gmt":"2026-04-18T11:15:48","slug":"ole-espectaculo-flamenco","status":"publish","type":"product","link":"https:\/\/thetenerifechannel.com\/es\/excursions\/ole-espectaculo-flamenco\/","title":{"rendered":"Ol\u00e9 &#8211; Espect\u00e1culo flamenco"},"content":{"rendered":"<section class=\"l-section wpb_row height_huge\"><div class=\"l-section-h i-cf\"><div class=\"g-cols vc_row via_grid cols_1 laptops-cols_inherit tablets-cols_inherit mobiles-cols_1 valign_top type_default stacking_default\"><div class=\"wpb_column vc_column_container\"><div class=\"vc_column-inner\"><div class=\"wpb_text_column\"><div class=\"wpb_wrapper\"><p><strong data-start=\"84\" data-end=\"132\">LEYENDA: UNA FUSI\u00d3N DE LAS ARTES EN GF VICTORIA<\/strong><br data-start=\"132\" data-end=\"135\">Ol\u00e9 Flamenco Show lleva el entretenimiento a otro nivel con LEYENDA, un espect\u00e1culo dirigido y creado por el bailaor flamenco Fran Chafino, que fusiona tradici\u00f3n y modernidad en un formato envolvente. Es un viaje sensorial en el que 9 bailarines y 3 m\u00fasicos desatan una explosi\u00f3n de ritmo y emoci\u00f3n. Una atm\u00f3sfera vibrante con m\u00fasica en directo envuelve al p\u00fablico y le hace part\u00edcipe de la historia.  <\/p>\n<p><strong>Billete Gold incluye:<\/strong><\/p>\n<ul>\n<li>Entrada<\/li>\n<\/ul>\n<p><strong>Billete Platino incluye:<\/strong><\/p>\n<ul>\n<li>1 vaso de vino<\/li>\n<li>1 tapa por persona<\/li>\n<\/ul>\n<\/div><\/div><\/div><\/div><\/div><\/div><\/section>\n","protected":false},"excerpt":{"rendered":"<p>Disfruta de la autenticidad del flamenco con el espect\u00e1culo Ol\u00e9 Flamenco.<br \/>\nUna experiencia que destaca por su escena de luz, color, fuerza y car\u00e1cter para las veladas en el sur de Tenerife<\/p>\n","protected":false},"featured_media":123247,"template":"","meta":{"_acf_changed":false,"_joinchat":[]},"product_brand":[],"product_cat":[189],"product_tag":[],"class_list":{"0":"post-5287","1":"product","2":"type-product","3":"status-publish","4":"has-post-thumbnail","6":"product_cat-espectaculos-nocturnos-tenerife","7":"pa_depart-from-sur-de-la-isla","9":"first","10":"instock","11":"virtual","12":"sold-individually","13":"purchasable","14":"product-type-booking"},"acf":[],"_links":{"self":[{"href":"https:\/\/thetenerifechannel.com\/es\/wp-json\/wp\/v2\/product\/5287","targetHints":{"allow":["GET"]}}],"collection":[{"href":"https:\/\/thetenerifechannel.com\/es\/wp-json\/wp\/v2\/product"}],"about":[{"href":"https:\/\/thetenerifechannel.com\/es\/wp-json\/wp\/v2\/types\/product"}],"wp:featuredmedia":[{"embeddable":true,"href":"https:\/\/thetenerifechannel.com\/es\/wp-json\/wp\/v2\/media\/123247"}],"wp:attachment":[{"href":"https:\/\/thetenerifechannel.com\/es\/wp-json\/wp\/v2\/media?parent=5287"}],"wp:term":[{"taxonomy":"product_brand","embeddable":true,"href":"https:\/\/thetenerifechannel.com\/es\/wp-json\/wp\/v2\/product_brand?post=5287"},{"taxonomy":"product_cat","embeddable":true,"href":"https:\/\/thetenerifechannel.com\/es\/wp-json\/wp\/v2\/product_cat?post=5287"},{"taxonomy":"product_tag","embeddable":true,"href":"https:\/\/thetenerifechannel.com\/es\/wp-json\/wp\/v2\/product_tag?post=5287"}],"curies":[{"name":"wp","href":"https:\/\/api.w.org\/{rel}","templated":true}]}}