{"id":5288,"date":"2024-01-23T09:06:27","date_gmt":"2024-01-23T09:06:27","guid":{"rendered":"https:\/\/thetenerifechannel.com\/excursions\/royal-delfin-crucero-de-45-horas-por-los-gigantes-y-masca\/"},"modified":"2026-04-18T13:38:48","modified_gmt":"2026-04-18T13:38:48","slug":"royal-delfin-crucero-de-45-horas-por-los-gigantes-y-masca","status":"publish","type":"product","link":"https:\/\/thetenerifechannel.com\/es\/excursions\/royal-delfin-crucero-de-45-horas-por-los-gigantes-y-masca\/","title":{"rendered":"Royal Delfin Crucero de 4,5 horas por Los Gigantes y Masca"},"content":{"rendered":"<p>Disfrute de una experiencia \u00fanica observando ballenas y delfines bajo el agua. El catamar\u00e1n partir\u00e1 de Puerto Col\u00f3n y navegar\u00e1 a lo largo de la costa suroeste, desde Costa Adeje hasta los majestuosos acantilados de Los Gigantes en busca de ballenas libres para observarlas en su h\u00e1bitat natural. Nos detendremos en la Bah\u00eda de Masca, con sus espl\u00e9ndidas vistas de los acantilados, nos daremos un chapuz\u00f3n y le ofreceremos un almuerzo de cortes\u00eda. Las bebidas est\u00e1n incluidas durante toda la excursi\u00f3n. Disfrute de la mejor y \u00fanica experiencia observando ballenas y delfines a trav\u00e9s de este exclusivo catamar\u00e1n de visi\u00f3n submarina.    <\/p>\n<p><strong>Incluido:<\/strong><\/p>\n<ul>\n<li>Billete electr\u00f3nico.<\/li>\n<li>Gu\u00edas especializados a bordo.<\/li>\n<li>Traslado en autob\u00fas desde el sur de la isla<\/li>\n<li>Aperitivo: fruta de temporada.<\/li>\n<li>Almuerzo: comida caliente (posibilidad de men\u00fa alternativo apto para vegetarianos y cel\u00edacos previa reserva).<\/li>\n<li>Bebidas incluidas durante todo el recorrido: cerveza, sangr\u00eda, zumo, agua y refrescos.<\/li>\n<\/ul>\n<p><strong>No se incluye:<\/strong><\/p>\n<ul>\n<li>Protector solar<\/li>\n<li>Toallas<\/li>\n<li>Tubo y m\u00e1scaras<\/li>\n<\/ul>\n<p>&nbsp;<\/p>\n","protected":false},"excerpt":{"rendered":"<p>Experimente la observaci\u00f3n de ballenas y delfines a bordo del catamar\u00e1n Royal Delfin con visi\u00f3n submarina. Visite los majestuosos acantilados de Los Gigantes, disfrute del almuerzo y dese un refrescante ba\u00f1o junto al hermoso paisaje de la bah\u00eda de Masca. <\/p>\n","protected":false},"featured_media":5310,"template":"","meta":{"_acf_changed":false,"_joinchat":[]},"product_brand":[],"product_cat":[192],"product_tag":[368,371,367],"class_list":{"0":"post-5288","1":"product","2":"type-product","3":"status-publish","4":"has-post-thumbnail","6":"product_cat-avistamiento-de-ballenas-y-delfines-tenerife","7":"product_tag-a-grupo-amigos","8":"product_tag-a-vibe-barcos-2","9":"product_tag-grupo-a-familias","10":"pa_depart-from-norte-de-la-isla","11":"pa_depart-from-sur-de-la-isla","13":"first","14":"instock","15":"virtual","16":"sold-individually","17":"purchasable","18":"product-type-booking"},"acf":[],"_links":{"self":[{"href":"https:\/\/thetenerifechannel.com\/es\/wp-json\/wp\/v2\/product\/5288","targetHints":{"allow":["GET"]}}],"collection":[{"href":"https:\/\/thetenerifechannel.com\/es\/wp-json\/wp\/v2\/product"}],"about":[{"href":"https:\/\/thetenerifechannel.com\/es\/wp-json\/wp\/v2\/types\/product"}],"wp:featuredmedia":[{"embeddable":true,"href":"https:\/\/thetenerifechannel.com\/es\/wp-json\/wp\/v2\/media\/5310"}],"wp:attachment":[{"href":"https:\/\/thetenerifechannel.com\/es\/wp-json\/wp\/v2\/media?parent=5288"}],"wp:term":[{"taxonomy":"product_brand","embeddable":true,"href":"https:\/\/thetenerifechannel.com\/es\/wp-json\/wp\/v2\/product_brand?post=5288"},{"taxonomy":"product_cat","embeddable":true,"href":"https:\/\/thetenerifechannel.com\/es\/wp-json\/wp\/v2\/product_cat?post=5288"},{"taxonomy":"product_tag","embeddable":true,"href":"https:\/\/thetenerifechannel.com\/es\/wp-json\/wp\/v2\/product_tag?post=5288"}],"curies":[{"name":"wp","href":"https:\/\/api.w.org\/{rel}","templated":true}]}}