{"id":5321,"date":"2024-01-22T15:01:05","date_gmt":"2024-01-22T15:01:05","guid":{"rendered":"https:\/\/thetenerifechannel.com\/excursions\/parascending\/"},"modified":"2026-03-09T13:55:04","modified_gmt":"2026-03-09T13:55:04","slug":"parascending","status":"publish","type":"product","link":"https:\/\/thetenerifechannel.com\/es\/excursions\/parascending\/","title":{"rendered":"Parascending"},"content":{"rendered":"<p>El parasailing consiste en planear sobre el oc\u00e9ano remolcado suavemente por una embarcaci\u00f3n. Como una cometa, la vela y la velocidad del barco generan la sustentaci\u00f3n necesaria para hacerte volar hasta 50 metros sobre el agua. El parascending es una actividad \u00fanica y relajante en el mar, apta para ni\u00f1os y mayores. Emb\u00e1rquese en una moderna lancha r\u00e1pida y disfrute planeando sobre el oc\u00e9ano mientras admira el magn\u00edfico entorno natural desde el cielo. La excursi\u00f3n dura aproximadamente 45 minutos, incluyendo la sesi\u00f3n informativa, un breve paseo en barco y el vuelo. El tiempo de vuelo es de 10 minutos.     <\/p>\n<p><strong>Incluido:<\/strong><\/p>\n<ul>\n<li>Punto de encuentro en la playa m\u00e1s cercana a su alojamiento.<\/li>\n<li>Billete electr\u00f3nico. Chaleco salvavidas (obligatorio) <\/li>\n<\/ul>\n<p><strong>No se incluye:<\/strong><\/p>\n<ul>\n<li>Transporte<\/li>\n<li>Foto de recuerdo<\/li>\n<\/ul>\n","protected":false},"excerpt":{"rendered":"<p>\u00bfPreparado para una hermosa experiencia?<br \/>\nEmb\u00e1rquese en una moderna lancha r\u00e1pida y disfrute planeando sobre el oc\u00e9ano mientras admira desde el cielo el magn\u00edfico entorno natural.<\/p>\n","protected":false},"featured_media":5324,"template":"","meta":{"_acf_changed":false,"_joinchat":[]},"product_brand":[],"product_cat":[187],"product_tag":[],"class_list":{"0":"post-5321","1":"product","2":"type-product","3":"status-publish","4":"has-post-thumbnail","6":"product_cat-deportes-acuaticos-tenerife","7":"pa_depart-from-sur-de-la-isla","9":"first","10":"instock","11":"virtual","12":"sold-individually","13":"purchasable","14":"product-type-booking"},"acf":[],"_links":{"self":[{"href":"https:\/\/thetenerifechannel.com\/es\/wp-json\/wp\/v2\/product\/5321","targetHints":{"allow":["GET"]}}],"collection":[{"href":"https:\/\/thetenerifechannel.com\/es\/wp-json\/wp\/v2\/product"}],"about":[{"href":"https:\/\/thetenerifechannel.com\/es\/wp-json\/wp\/v2\/types\/product"}],"wp:featuredmedia":[{"embeddable":true,"href":"https:\/\/thetenerifechannel.com\/es\/wp-json\/wp\/v2\/media\/5324"}],"wp:attachment":[{"href":"https:\/\/thetenerifechannel.com\/es\/wp-json\/wp\/v2\/media?parent=5321"}],"wp:term":[{"taxonomy":"product_brand","embeddable":true,"href":"https:\/\/thetenerifechannel.com\/es\/wp-json\/wp\/v2\/product_brand?post=5321"},{"taxonomy":"product_cat","embeddable":true,"href":"https:\/\/thetenerifechannel.com\/es\/wp-json\/wp\/v2\/product_cat?post=5321"},{"taxonomy":"product_tag","embeddable":true,"href":"https:\/\/thetenerifechannel.com\/es\/wp-json\/wp\/v2\/product_tag?post=5321"}],"curies":[{"name":"wp","href":"https:\/\/api.w.org\/{rel}","templated":true}]}}