{"id":5328,"date":"2024-01-23T15:01:13","date_gmt":"2024-01-23T15:01:13","guid":{"rendered":"https:\/\/thetenerifechannel.com\/excursions\/cena-espectaculo-scandal\/"},"modified":"2026-04-24T10:42:36","modified_gmt":"2026-04-24T10:42:36","slug":"cena-espectaculo-scandal","status":"publish","type":"product","link":"https:\/\/thetenerifechannel.com\/es\/excursions\/cena-espectaculo-scandal\/","title":{"rendered":"Scandal Cena-espect\u00e1culo"},"content":{"rendered":"<section class=\"l-section wpb_row height_huge\"><div class=\"l-section-h i-cf\"><div class=\"g-cols vc_row via_grid cols_1 laptops-cols_inherit tablets-cols_inherit mobiles-cols_1 valign_top type_default stacking_default\"><div class=\"wpb_column vc_column_container\"><div class=\"vc_column-inner\"><div class=\"wpb_text_column\"><div class=\"wpb_wrapper\"><p><strong>ESC\u00c1NDALO: SATISFACCI\u00d3N<\/strong><br \/>\nTenerife no es s\u00f3lo una isla, es una tentaci\u00f3n. Un escenario donde el deseo, el arte y la sofisticaci\u00f3n se unen para ofrecer una experiencia inigualable. <\/p>\n<p>Scandal Dinner Show es un espect\u00e1culo de estilo burlesco dise\u00f1ado para p\u00fablico adulto, que combina diferentes disciplinas art\u00edsticas, sensualidad y gastronom\u00eda.<br \/>\nComentarios en directo, m\u00fasica, danza, chispa y humor componen Scandal Dinner Show. Una propuesta de ocio nocturno que cautivar\u00e1 tus &#8216;6 sentidos&#8217; con un maridaje entre alta cocina y diversi\u00f3n. <\/p>\n<p><strong>Billete Gold incluye:<\/strong><\/p>\n<ul>\n<li>Men\u00fa degustaci\u00f3n y bebidas (vino, cerveza, refrescos y agua)<\/li>\n<\/ul>\n<p><strong>Billete Plata incluye:<\/strong><\/p>\n<ul>\n<li>Men\u00fa degustaci\u00f3n y bebidas (vino, cerveza, refrescos y agua)<\/li>\n<li>Una copa de cava<\/li>\n<li>Ubicaci\u00f3n privilegiada<\/li>\n<\/ul>\n<p>*<span>El c\u00f3digo de vestimenta para la cena-espect\u00e1culo es un atuendo elegante. Los hombres deben llevar pantalones y no se permite la ropa de playa. <\/span><\/p>\n<\/div><\/div><\/div><\/div><\/div><\/div><\/section>\n","protected":false},"excerpt":{"rendered":"<p>Sum\u00e9rgete en una experiencia \u00fanica en la que el arte, la sensualidad y la gastronom\u00eda se fusionan para despertar tus &#8220;6 sentidos&#8221;.<br \/>\nEsc\u00e1ndalo Dinner Show, que se celebra en el lujoso GF Victoria, es m\u00e1s que un espect\u00e1culo: es un viaje a trav\u00e9s de voces en directo, m\u00fasica vibrante, bailes cautivadores y humor que te har\u00e1 re\u00edr a carcajadas.<\/p>\n","protected":false},"featured_media":5331,"template":"","meta":{"_acf_changed":false,"_joinchat":[]},"product_brand":[],"product_cat":[189],"product_tag":[366,369,440,441,435],"class_list":{"0":"post-5328","1":"product","2":"type-product","3":"status-publish","4":"has-post-thumbnail","6":"product_cat-espectaculos-nocturnos-tenerife","7":"product_tag-a-grupo-parejas","8":"product_tag-a-grupo-solo","9":"product_tag-a-must-shows-couples","10":"product_tag-a-must-shows-friends","11":"product_tag-a-vibe-noche","12":"pa_depart-from-sur-de-la-isla","14":"first","15":"instock","16":"virtual","17":"sold-individually","18":"purchasable","19":"product-type-booking"},"acf":[],"_links":{"self":[{"href":"https:\/\/thetenerifechannel.com\/es\/wp-json\/wp\/v2\/product\/5328","targetHints":{"allow":["GET"]}}],"collection":[{"href":"https:\/\/thetenerifechannel.com\/es\/wp-json\/wp\/v2\/product"}],"about":[{"href":"https:\/\/thetenerifechannel.com\/es\/wp-json\/wp\/v2\/types\/product"}],"wp:featuredmedia":[{"embeddable":true,"href":"https:\/\/thetenerifechannel.com\/es\/wp-json\/wp\/v2\/media\/5331"}],"wp:attachment":[{"href":"https:\/\/thetenerifechannel.com\/es\/wp-json\/wp\/v2\/media?parent=5328"}],"wp:term":[{"taxonomy":"product_brand","embeddable":true,"href":"https:\/\/thetenerifechannel.com\/es\/wp-json\/wp\/v2\/product_brand?post=5328"},{"taxonomy":"product_cat","embeddable":true,"href":"https:\/\/thetenerifechannel.com\/es\/wp-json\/wp\/v2\/product_cat?post=5328"},{"taxonomy":"product_tag","embeddable":true,"href":"https:\/\/thetenerifechannel.com\/es\/wp-json\/wp\/v2\/product_tag?post=5328"}],"curies":[{"name":"wp","href":"https:\/\/api.w.org\/{rel}","templated":true}]}}