{"id":5347,"date":"2024-01-25T16:56:59","date_gmt":"2024-01-25T16:56:59","guid":{"rendered":"https:\/\/thetenerifechannel.com\/excursions\/vuelta-a-la-isla-la-laguna-taganana-santa-cruz-2\/"},"modified":"2026-03-09T13:55:03","modified_gmt":"2026-03-09T13:55:03","slug":"vuelta-a-la-isla-la-laguna-taganana-santa-cruz-2","status":"publish","type":"product","link":"https:\/\/thetenerifechannel.com\/es\/excursions\/vuelta-a-la-isla-la-laguna-taganana-santa-cruz-2\/","title":{"rendered":"Vuelta a la isla: La Laguna &#8211; Anaga &#8211; Santa Cruz (desde el norte)"},"content":{"rendered":"<p>Comenzaremos nuestra excursi\u00f3n en el norte de Tenerife, hacia la hist\u00f3rica ciudad de La Laguna, declarada Patrimonio de la Humanidad por la UNESCO. Fue la primera ciudad colonial sin murallas, conservando pr\u00e1cticamente intacto su trazado original del siglo XV. Aqu\u00ed exploraremos los lugares m\u00e1s significativos y pintorescos de la ciudad, como la Plaza del Adelantado, la Iglesia del Sant\u00edsimo Cristo de La Laguna, el Mercado del Cristo, el casco antiguo y el Palacio Episcopal.  <\/p>\n<p>A continuaci\u00f3n, nos dirigiremos al monte de Las Mercedes, pasando por bosques de laurisilva que conducen al pueblo de Taganana. Este pueblo mantiene las costumbres y la arquitectura tradicional de la isla, enmarcada por playas y formaciones rocosas que emergen del mar a escasos metros de la costa. <\/p>\n<p>Continuaremos hacia el Barrio Pesquero de San Andr\u00e9s y, tras cruzar la autopista, llegaremos al centro de Santa Cruz de Tenerife, la capital de la isla. Es una ciudad cosmopolita, fascinante, alegre y luminosa. Tendr\u00e1 tiempo libre para explorar sus lugares m\u00e1s emblem\u00e1ticos, como la Plaza de Espa\u00f1a, la Plaza de La Candelaria y la Calle Castillo.  <\/p>\n<p>Una vez finalizada nuestra visita, regresaremos al norte por la autopista hasta Puerto de la Cruz.<\/p>\n<p><strong>Incluido:<\/strong><\/p>\n<ul>\n<li>Autob\u00fas con aire acondicionado<\/li>\n<li>Gu\u00eda oficial<\/li>\n<\/ul>\n<p><strong>No se incluye:<\/strong><\/p>\n<ul>\n<li>Comidas<\/li>\n<\/ul>\n","protected":false},"excerpt":{"rendered":"<p>Acomp\u00e1\u00f1anos en una hermosa aventura insular por el norte de Tenerife, visitando la ciudad de La Laguna, los frondosos bosques, descubre el pintoresco pueblo de Taganana y emp\u00e1pate del animado ambiente de Santa Cruz de Tenerife.<br \/>\n\u00a1Esta excursi\u00f3n promete una mezcla perfecta de cultura, naturaleza y diversi\u00f3n!<\/p>\n","protected":false},"featured_media":5244,"template":"","meta":{"_acf_changed":false,"_joinchat":[]},"product_brand":[],"product_cat":[184],"product_tag":[],"class_list":{"0":"post-5347","1":"product","2":"type-product","3":"status-publish","4":"has-post-thumbnail","6":"product_cat-vuelta-a-la-isla-autobus-tenerife","7":"pa_depart-from-norte-de-la-isla","9":"first","10":"instock","11":"virtual","12":"sold-individually","13":"purchasable","14":"product-type-booking"},"acf":[],"_links":{"self":[{"href":"https:\/\/thetenerifechannel.com\/es\/wp-json\/wp\/v2\/product\/5347","targetHints":{"allow":["GET"]}}],"collection":[{"href":"https:\/\/thetenerifechannel.com\/es\/wp-json\/wp\/v2\/product"}],"about":[{"href":"https:\/\/thetenerifechannel.com\/es\/wp-json\/wp\/v2\/types\/product"}],"wp:featuredmedia":[{"embeddable":true,"href":"https:\/\/thetenerifechannel.com\/es\/wp-json\/wp\/v2\/media\/5244"}],"wp:attachment":[{"href":"https:\/\/thetenerifechannel.com\/es\/wp-json\/wp\/v2\/media?parent=5347"}],"wp:term":[{"taxonomy":"product_brand","embeddable":true,"href":"https:\/\/thetenerifechannel.com\/es\/wp-json\/wp\/v2\/product_brand?post=5347"},{"taxonomy":"product_cat","embeddable":true,"href":"https:\/\/thetenerifechannel.com\/es\/wp-json\/wp\/v2\/product_cat?post=5347"},{"taxonomy":"product_tag","embeddable":true,"href":"https:\/\/thetenerifechannel.com\/es\/wp-json\/wp\/v2\/product_tag?post=5347"}],"curies":[{"name":"wp","href":"https:\/\/api.w.org\/{rel}","templated":true}]}}