{"id":5350,"date":"2024-01-22T14:44:14","date_gmt":"2024-01-22T14:44:14","guid":{"rendered":"https:\/\/thetenerifechannel.com\/excursions\/safari-en-moto-acuatica-2-horas\/"},"modified":"2026-03-09T13:55:16","modified_gmt":"2026-03-09T13:55:16","slug":"safari-en-moto-acuatica-2-horas","status":"publish","type":"product","link":"https:\/\/thetenerifechannel.com\/es\/excursions\/safari-en-moto-acuatica-2-horas\/","title":{"rendered":"Safari en moto acu\u00e1tica (2 horas)"},"content":{"rendered":"<p>El esqu\u00ed acu\u00e1tico es una actividad divertida y r\u00e1pida que pueden disfrutar personas de todas las edades y niveles. Tanto si eres principiante como un piloto experimentado, montar en moto acu\u00e1tica en Tenerife es una experiencia estimulante.<br \/>\nSaldr\u00e1s por la ma\u00f1ana para unirte a una excursi\u00f3n guiada que te llevar\u00e1 a ver el impresionante paisaje desde el agua, ofreci\u00e9ndote una perspectiva \u00fanica de la costa y las monta\u00f1as circundantes. Elige si quieres montar solo o en t\u00e1ndem, compartiendo la experiencia.<br \/>\nUn safari en moto acu\u00e1tica es una forma ideal de experimentar plenamente una de las mejores actividades acu\u00e1ticas disponibles.  Rel\u00e1jese y deje que nos encarguemos de todos los detalles para que pueda disfrutar sin preocupaciones de este viaje lleno de adrenalina.<\/p>\n<p><strong>Incluido:<\/strong><\/p>\n<ul>\n<li>Paseo por la costa suroeste de Tenerife<\/li>\n<li>Punto de encuentro en la playa m\u00e1s cercana a su alojamiento.<\/li>\n<li>Billete electr\u00f3nico.<\/li>\n<li>Chaleco salvavidas (obligatorio)<\/li>\n<li>Gu\u00eda<\/li>\n<\/ul>\n<p><strong>No se incluye:<\/strong><\/p>\n<ul>\n<li>Transporte<\/li>\n<li>Foto recuerdo<\/li>\n<\/ul>\n<p><strong>Al reservar, ponte en contacto con nosotros para comprobar la disponibilidad.<\/strong><\/p>\n<p>*Edad m\u00ednima del pasajero: 10 a\u00f1os<br \/>\n*Moto acu\u00e1tica individual: edad m\u00ednima: 16 a\u00f1os (se requiere autorizaci\u00f3n de los padres)<br \/>\n*Moto acu\u00e1tica doble: edad m\u00ednima 18 a\u00f1os<br \/>\n*Restricci\u00f3n de peso moto acu\u00e1tica doble: 150-170 kg.<\/p>\n<p>&nbsp;<\/p>\n<p>&nbsp;<\/p>\n","protected":false},"excerpt":{"rendered":"<p>Surque las olas en esta excursi\u00f3n guiada de 2 horas en moto acu\u00e1tica que le llevar\u00e1 a contemplar el impresionante paisaje desde el agua, ofreci\u00e9ndole una perspectiva \u00fanica de la costa y las monta\u00f1as circundantes.<\/p>\n","protected":false},"featured_media":5351,"template":"","meta":{"_acf_changed":false,"_joinchat":[]},"product_brand":[],"product_cat":[187],"product_tag":[],"class_list":{"0":"post-5350","1":"product","2":"type-product","3":"status-publish","4":"has-post-thumbnail","6":"product_cat-deportes-acuaticos-tenerife","7":"pa_depart-from-sur-de-la-isla","9":"first","10":"instock","11":"virtual","12":"sold-individually","13":"purchasable","14":"product-type-booking"},"acf":[],"_links":{"self":[{"href":"https:\/\/thetenerifechannel.com\/es\/wp-json\/wp\/v2\/product\/5350","targetHints":{"allow":["GET"]}}],"collection":[{"href":"https:\/\/thetenerifechannel.com\/es\/wp-json\/wp\/v2\/product"}],"about":[{"href":"https:\/\/thetenerifechannel.com\/es\/wp-json\/wp\/v2\/types\/product"}],"wp:featuredmedia":[{"embeddable":true,"href":"https:\/\/thetenerifechannel.com\/es\/wp-json\/wp\/v2\/media\/5351"}],"wp:attachment":[{"href":"https:\/\/thetenerifechannel.com\/es\/wp-json\/wp\/v2\/media?parent=5350"}],"wp:term":[{"taxonomy":"product_brand","embeddable":true,"href":"https:\/\/thetenerifechannel.com\/es\/wp-json\/wp\/v2\/product_brand?post=5350"},{"taxonomy":"product_cat","embeddable":true,"href":"https:\/\/thetenerifechannel.com\/es\/wp-json\/wp\/v2\/product_cat?post=5350"},{"taxonomy":"product_tag","embeddable":true,"href":"https:\/\/thetenerifechannel.com\/es\/wp-json\/wp\/v2\/product_tag?post=5350"}],"curies":[{"name":"wp","href":"https:\/\/api.w.org\/{rel}","templated":true}]}}