{"id":5357,"date":"2024-01-22T12:02:19","date_gmt":"2024-01-22T12:02:19","guid":{"rendered":"https:\/\/thetenerifechannel.com\/excursions\/crucero-ragnarok-viking-3-horas\/"},"modified":"2026-04-09T05:33:18","modified_gmt":"2026-04-09T05:33:18","slug":"crucero-ragnarok-viking-3-horas","status":"publish","type":"product","link":"https:\/\/thetenerifechannel.com\/es\/excursions\/crucero-ragnarok-viking-3-horas\/","title":{"rendered":"Crucero Ragnarok Viking (3 horas)"},"content":{"rendered":"<p>Avistamiento de ballenas con vikingos<br \/>\nEl viaje es un inolvidable viaje a la \u00e9poca de los vikingos, ser\u00e1 entretenido a bordo por la tripulaci\u00f3n vikinga. Tendr\u00e1s la oportunidad de experimentar las vistas m\u00e1s bellas de la isla, as\u00ed como la oportunidad de ver delfines salvajes y calderones en su h\u00e1bitat natural.<br \/>\n\u00a1El barco sale de Los Cristianos e incluye tiempo de ba\u00f1o, bebidas y un gran espect\u00e1culo en directo! \u00a1Te sentir\u00e1s como un aut\u00e9ntico vikingo!  <\/p>\n<p><strong>Incluido:<\/strong><\/p>\n<ul>\n<li class=\"li1\">Billete electr\u00f3nico.<\/li>\n<li class=\"li1\">Gu\u00edas especializados a bordo.<\/li>\n<li class=\"li1\">Bebidas gratuitas (refrescos, cerveza local, vino y agua)<\/li>\n<li class=\"li1\">Espect\u00e1culo en directo<\/li>\n<li>Tubo y m\u00e1scaras<\/li>\n<li class=\"li1\">Pintura de caras<\/li>\n<\/ul>\n<p><strong>No se incluye:<\/strong><\/p>\n<ul>\n<li>Transporte<\/li>\n<li class=\"li1\">Protector solar<\/li>\n<li class=\"li1\">Toallas<\/li>\n<li class=\"li1\">Aperitivos (se pueden comprar a bordo)<\/li>\n<\/ul>\n","protected":false},"excerpt":{"rendered":"<p>\u00a1Prep\u00e1rate para avistar ballenas en el crucero vikingo!<br \/>\nConvi\u00e9rtete en un aut\u00e9ntico vikingo en esta aventura de 3 horas con gran entretenimiento, hermosas vistas y mucha diversi\u00f3n.<\/p>\n","protected":false},"featured_media":117507,"template":"","meta":{"_acf_changed":false,"_joinchat":[]},"product_brand":[],"product_cat":[192],"product_tag":[371,367],"class_list":{"0":"post-5357","1":"product","2":"type-product","3":"status-publish","4":"has-post-thumbnail","6":"product_cat-avistamiento-de-ballenas-y-delfines-tenerife","7":"product_tag-a-vibe-barcos-2","8":"product_tag-grupo-a-familias","9":"pa_depart-from-sur-de-la-isla","11":"first","12":"instock","13":"virtual","14":"sold-individually","15":"purchasable","16":"product-type-booking"},"acf":[],"_links":{"self":[{"href":"https:\/\/thetenerifechannel.com\/es\/wp-json\/wp\/v2\/product\/5357","targetHints":{"allow":["GET"]}}],"collection":[{"href":"https:\/\/thetenerifechannel.com\/es\/wp-json\/wp\/v2\/product"}],"about":[{"href":"https:\/\/thetenerifechannel.com\/es\/wp-json\/wp\/v2\/types\/product"}],"wp:featuredmedia":[{"embeddable":true,"href":"https:\/\/thetenerifechannel.com\/es\/wp-json\/wp\/v2\/media\/117507"}],"wp:attachment":[{"href":"https:\/\/thetenerifechannel.com\/es\/wp-json\/wp\/v2\/media?parent=5357"}],"wp:term":[{"taxonomy":"product_brand","embeddable":true,"href":"https:\/\/thetenerifechannel.com\/es\/wp-json\/wp\/v2\/product_brand?post=5357"},{"taxonomy":"product_cat","embeddable":true,"href":"https:\/\/thetenerifechannel.com\/es\/wp-json\/wp\/v2\/product_cat?post=5357"},{"taxonomy":"product_tag","embeddable":true,"href":"https:\/\/thetenerifechannel.com\/es\/wp-json\/wp\/v2\/product_tag?post=5357"}],"curies":[{"name":"wp","href":"https:\/\/api.w.org\/{rel}","templated":true}]}}