{"id":5392,"date":"2024-01-22T13:30:27","date_gmt":"2024-01-22T13:30:27","guid":{"rendered":"https:\/\/thetenerifechannel.com\/excursions\/crucero-vikingo-ragnarok-2-horas\/"},"modified":"2026-03-09T13:52:04","modified_gmt":"2026-03-09T13:52:04","slug":"crucero-vikingo-ragnarok-2-horas","status":"publish","type":"product","link":"https:\/\/thetenerifechannel.com\/es\/excursions\/crucero-vikingo-ragnarok-2-horas\/","title":{"rendered":"Crucero vikingo Ragnarok (2 horas)"},"content":{"rendered":"<p>Avistamiento de ballenas con vikingos!<br \/>\nEl viaje es un inolvidable viaje a la \u00e9poca de los vikingos con una tripulaci\u00f3n vikinga.<br \/>\nEl barco sale de Los Cristianos y tendr\u00e1s la oportunidad de experimentar las vistas m\u00e1s bellas de la isla, as\u00ed como la oportunidad de ver delfines salvajes y calderones en su h\u00e1bitat natural.<\/p>\n<p><strong>Incluido:<\/strong><\/p>\n<ul>\n<li class=\"li1\">Billete electr\u00f3nico.<\/li>\n<li class=\"li1\">Gu\u00edas especializados a bordo.<\/li>\n<li class=\"li1\">Avistamiento de ballenas<\/li>\n<li>Equipo vikingo a bordo<\/li>\n<\/ul>\n<p><strong>No se incluye:<\/strong><\/p>\n<ul>\n<li>Transporte<\/li>\n<li>Parada para ba\u00f1arse<\/li>\n<li>Espect\u00e1culo en directo<\/li>\n<li>Comida o bebida (se puede comprar a bordo)<\/li>\n<li class=\"li1\">Protector solar<\/li>\n<li class=\"li1\">Toallas<\/li>\n<\/ul>\n","protected":false},"excerpt":{"rendered":"<p>Prep\u00e1rese para avistar ballenas y delfines en este crucero vikingo de 2 horas de duraci\u00f3n. La tripulaci\u00f3n de Viking le atender\u00e1 a bordo y tendr\u00e1 la oportunidad de disfrutar de las vistas m\u00e1s hermosas de la isla. <\/p>\n","protected":false},"featured_media":117507,"template":"","meta":{"_acf_changed":false,"_joinchat":[]},"product_brand":[],"product_cat":[192],"product_tag":[],"class_list":{"0":"post-5392","1":"product","2":"type-product","3":"status-publish","4":"has-post-thumbnail","6":"product_cat-avistamiento-de-ballenas-y-delfines-tenerife","7":"pa_depart-from-sur-de-la-isla","9":"first","10":"instock","11":"virtual","12":"sold-individually","13":"purchasable","14":"product-type-booking"},"acf":[],"_links":{"self":[{"href":"https:\/\/thetenerifechannel.com\/es\/wp-json\/wp\/v2\/product\/5392","targetHints":{"allow":["GET"]}}],"collection":[{"href":"https:\/\/thetenerifechannel.com\/es\/wp-json\/wp\/v2\/product"}],"about":[{"href":"https:\/\/thetenerifechannel.com\/es\/wp-json\/wp\/v2\/types\/product"}],"wp:featuredmedia":[{"embeddable":true,"href":"https:\/\/thetenerifechannel.com\/es\/wp-json\/wp\/v2\/media\/117507"}],"wp:attachment":[{"href":"https:\/\/thetenerifechannel.com\/es\/wp-json\/wp\/v2\/media?parent=5392"}],"wp:term":[{"taxonomy":"product_brand","embeddable":true,"href":"https:\/\/thetenerifechannel.com\/es\/wp-json\/wp\/v2\/product_brand?post=5392"},{"taxonomy":"product_cat","embeddable":true,"href":"https:\/\/thetenerifechannel.com\/es\/wp-json\/wp\/v2\/product_cat?post=5392"},{"taxonomy":"product_tag","embeddable":true,"href":"https:\/\/thetenerifechannel.com\/es\/wp-json\/wp\/v2\/product_tag?post=5392"}],"curies":[{"name":"wp","href":"https:\/\/api.w.org\/{rel}","templated":true}]}}