{"id":5406,"date":"2024-01-19T13:43:49","date_gmt":"2024-01-19T13:43:49","guid":{"rendered":"https:\/\/thetenerifechannel.com\/excursions\/parapente-biplaza-vuelo-estandar\/"},"modified":"2026-03-09T13:50:19","modified_gmt":"2026-03-09T13:50:19","slug":"parapente-biplaza-vuelo-estandar","status":"publish","type":"product","link":"https:\/\/thetenerifechannel.com\/es\/excursions\/parapente-biplaza-vuelo-estandar\/","title":{"rendered":"Parapente biplaza &#8211; Vuelo est\u00e1ndar"},"content":{"rendered":"<p>Experimenta la emoci\u00f3n de volar con nuestro paquete &#8220;Primer Vuelo&#8221;, ideal para ni\u00f1os peque\u00f1os y cualquier persona con ganas de surcar los cielos.<br \/>\nDespega de Adeje y disfruta de las vistas de Costa Adeje y La Gomera en el horizonte.<\/p>\n<p>Cada vuelo ofrece un viaje \u00fanico guiado por las condiciones meteorol\u00f3gicas diarias.<br \/>\n\u00a1Una introducci\u00f3n perfecta al mundo del vuelo!<\/p>\n<ul>\n<li>15-20 minutos de vuelo.<\/li>\n<li>700-900 m de altitud.<\/li>\n<\/ul>\n","protected":false},"excerpt":{"rendered":"<p>Experimenta la belleza del vuelo en t\u00e1ndem y presencia las impresionantes vistas de Costa Adeje.<br \/>\nPerfecto como primera experiencia o para ni\u00f1os.<\/p>\n","protected":false},"featured_media":5386,"template":"","meta":{"_acf_changed":false,"_joinchat":[]},"product_brand":[],"product_cat":[275],"product_tag":[],"class_list":{"0":"post-5406","1":"product","2":"type-product","3":"status-publish","4":"has-post-thumbnail","6":"product_cat-parapente-tenerife-es","7":"pa_depart-from-sur-de-la-isla","9":"first","10":"instock","11":"virtual","12":"sold-individually","13":"purchasable","14":"product-type-booking"},"acf":[],"_links":{"self":[{"href":"https:\/\/thetenerifechannel.com\/es\/wp-json\/wp\/v2\/product\/5406","targetHints":{"allow":["GET"]}}],"collection":[{"href":"https:\/\/thetenerifechannel.com\/es\/wp-json\/wp\/v2\/product"}],"about":[{"href":"https:\/\/thetenerifechannel.com\/es\/wp-json\/wp\/v2\/types\/product"}],"wp:featuredmedia":[{"embeddable":true,"href":"https:\/\/thetenerifechannel.com\/es\/wp-json\/wp\/v2\/media\/5386"}],"wp:attachment":[{"href":"https:\/\/thetenerifechannel.com\/es\/wp-json\/wp\/v2\/media?parent=5406"}],"wp:term":[{"taxonomy":"product_brand","embeddable":true,"href":"https:\/\/thetenerifechannel.com\/es\/wp-json\/wp\/v2\/product_brand?post=5406"},{"taxonomy":"product_cat","embeddable":true,"href":"https:\/\/thetenerifechannel.com\/es\/wp-json\/wp\/v2\/product_cat?post=5406"},{"taxonomy":"product_tag","embeddable":true,"href":"https:\/\/thetenerifechannel.com\/es\/wp-json\/wp\/v2\/product_tag?post=5406"}],"curies":[{"name":"wp","href":"https:\/\/api.w.org\/{rel}","templated":true}]}}