{"id":5418,"date":"2024-01-19T09:33:27","date_gmt":"2024-01-19T09:33:27","guid":{"rendered":"https:\/\/thetenerifechannel.com\/excursions\/siam-park-todo-incluido\/"},"modified":"2026-03-09T13:50:18","modified_gmt":"2026-03-09T13:50:18","slug":"siam-park-todo-incluido","status":"publish","type":"product","link":"https:\/\/thetenerifechannel.com\/es\/excursions\/siam-park-todo-incluido\/","title":{"rendered":"Siam Park Todo incluido"},"content":{"rendered":"<p>Descubra Siam Park; el reino acu\u00e1tico de Tenerife establecido como uno de los mejores parques acu\u00e1ticos del mundo. La entrada Siam Park All Inclusive, incluye <strong><em>acceso preferente<\/em> <\/strong>a las atracciones (pase r\u00e1pido), <em><br \/>\n  <strong>consumo gratuito<\/strong><br \/>\n<\/em> de comida y bebida,<em><br \/>\n  <strong> una toalla y una taquilla<\/strong><br \/>\n<\/em>. Tower of Power queda excluida del acceso preferente.  <\/p>\n<p>Con la espectacular arquitectura tailandesa como tel\u00f3n de fondo, \u00e9ste es un parque sin igual y desde el momento en que entre sabr\u00e1 que no ser\u00e1 un d\u00eda cualquiera. Explore las numerosas atracciones y los emocionantes toboganes. Siam Park promete un d\u00eda lleno de emoci\u00f3n, suspense y diversi\u00f3n sin fin para todas las edades. Si busca la m\u00e1xima emoci\u00f3n, ponga a prueba sus nervios en una ca\u00edda libre por la Torre del Poder o experimente la gravedad cero en el poderoso Drag\u00f3n. Si lo suyo es relajarse durante las vacaciones, t\u00fambese en la arena blanca, recorra el r\u00edo lento o practique surf en el Wave Palace. \u00bfExtremo o sereno? T\u00fa eliges, \u00a1l\u00e1nzate!      <\/p>\n<p><strong>Incluido:<\/strong><\/p>\n<ul>\n<li>Entrada QR.<\/li>\n<li>Pase r\u00e1pido a las atracciones (excepto Tower of Power)*.<\/li>\n<li>Comida y bebida.<\/li>\n<li>Taquilla.<\/li>\n<li>Toalla.<\/li>\n<li>Autob\u00fas gratuito con recogida en Los Cristianos, Las Am\u00e9ricas y Costa Adeje.<\/li>\n<li>Uso de tumbonas, chalecos salvavidas y sombrillas.<\/li>\n<\/ul>\n<p><strong>No se incluye:<\/strong><\/p>\n<ul>\n<li>Plazas de aparcamiento<\/li>\n<li>Barritas de chocolate, c\u00f3cteles o determinadas bebidas alcoh\u00f3licas<\/li>\n<\/ul>\n","protected":false},"excerpt":{"rendered":"<p>Viva un d\u00eda inolvidable en Siam Park con entradas todo incluido: pase r\u00e1pido a las atracciones, consumo gratuito de comida y bebida, toalla y taquilla.<br \/>\nPrep\u00e1rese para una experiencia incre\u00edble.<\/p>\n","protected":false},"featured_media":7008,"template":"","meta":{"_acf_changed":false,"_joinchat":[]},"product_brand":[],"product_cat":[185,191],"product_tag":[],"class_list":{"0":"post-5418","1":"product","2":"type-product","3":"status-publish","4":"has-post-thumbnail","6":"product_cat-parques-tematicos-tenerife","7":"product_cat-siam-park-tenerife-es","8":"pa_depart-from-sur-de-la-isla","10":"first","11":"instock","12":"virtual","13":"sold-individually","14":"purchasable","15":"product-type-booking"},"acf":[],"_links":{"self":[{"href":"https:\/\/thetenerifechannel.com\/es\/wp-json\/wp\/v2\/product\/5418","targetHints":{"allow":["GET"]}}],"collection":[{"href":"https:\/\/thetenerifechannel.com\/es\/wp-json\/wp\/v2\/product"}],"about":[{"href":"https:\/\/thetenerifechannel.com\/es\/wp-json\/wp\/v2\/types\/product"}],"wp:featuredmedia":[{"embeddable":true,"href":"https:\/\/thetenerifechannel.com\/es\/wp-json\/wp\/v2\/media\/7008"}],"wp:attachment":[{"href":"https:\/\/thetenerifechannel.com\/es\/wp-json\/wp\/v2\/media?parent=5418"}],"wp:term":[{"taxonomy":"product_brand","embeddable":true,"href":"https:\/\/thetenerifechannel.com\/es\/wp-json\/wp\/v2\/product_brand?post=5418"},{"taxonomy":"product_cat","embeddable":true,"href":"https:\/\/thetenerifechannel.com\/es\/wp-json\/wp\/v2\/product_cat?post=5418"},{"taxonomy":"product_tag","embeddable":true,"href":"https:\/\/thetenerifechannel.com\/es\/wp-json\/wp\/v2\/product_tag?post=5418"}],"curies":[{"name":"wp","href":"https:\/\/api.w.org\/{rel}","templated":true}]}}