{"id":5419,"date":"2024-01-19T08:32:35","date_gmt":"2024-01-19T08:32:35","guid":{"rendered":"https:\/\/thetenerifechannel.com\/excursions\/parque-siam\/"},"modified":"2026-04-20T11:35:58","modified_gmt":"2026-04-20T11:35:58","slug":"siam-park","status":"publish","type":"product","link":"https:\/\/thetenerifechannel.com\/es\/excursions\/siam-park\/","title":{"rendered":"Siam Park"},"content":{"rendered":"<section class=\"l-section wpb_row height_huge\"><div class=\"l-section-h i-cf\"><div class=\"g-cols vc_row via_grid cols_1 laptops-cols_inherit tablets-cols_inherit mobiles-cols_1 valign_top type_default stacking_default\"><div class=\"wpb_column vc_column_container\"><div class=\"vc_column-inner\"><div class=\"wpb_text_column\"><div class=\"wpb_wrapper\"><p>Descubra Siam Park; el reino acu\u00e1tico de Tenerife establecido como uno de los mejores parques acu\u00e1ticos del mundo. Con la espectacular arquitectura tailandesa como tel\u00f3n de fondo, \u00e9ste es un parque sin igual y desde el momento en que entre sabr\u00e1 que no ser\u00e1 un d\u00eda cualquiera. Explore las numerosas atracciones y los emocionantes toboganes.  <\/p>\n<p>Siam Park promete un d\u00eda lleno de emoci\u00f3n, suspense y diversi\u00f3n sin fin para todas las edades. Si busca la m\u00e1xima emoci\u00f3n, ponga a prueba sus nervios en una ca\u00edda libre por la Torre del Poder o experimente la gravedad cero en el poderoso Drag\u00f3n. Si prefieres relajarte durante tus vacaciones, t\u00fambate en las arenas blancas, pasea por el r\u00edo lento o surfea en el Wave Palace.<br \/>\n\u00bfExtremo o tranquilo? T\u00fa eliges, \u00a1l\u00e1nzate!   <\/p>\n<p><strong>Incluido:<\/strong><\/p>\n<ul>\n<li>Entrada QR.<\/li>\n<li>Autob\u00fas gratuito con recogida en Los Cristianos, Las Am\u00e9ricas y Costa Adeje.<\/li>\n<li>Uso de tumbonas, chalecos salvavidas y sombrillas.<\/li>\n<li>Acceso a todas las atracciones.<\/li>\n<\/ul>\n<p><strong>No se incluye:<\/strong><\/p>\n<ul>\n<li>Comida y bebida<\/li>\n<li>Alquiler de taquillas y toallas<\/li>\n<li>Plazas de aparcamiento<\/li>\n<\/ul>\n<p><b>*Los billetes no son reembolsables<\/b><\/p>\n<\/div><\/div><\/div><\/div><\/div><\/div><\/section>\n","protected":false},"excerpt":{"rendered":"<p>Viva un d\u00eda inolvidable en Siam Park, uno de los mejores parques acu\u00e1ticos del mundo que promete un d\u00eda lleno de emoci\u00f3n, emociones y diversi\u00f3n sin fin para todas las edades.<\/p>\n","protected":false},"featured_media":7008,"template":"","meta":{"_acf_changed":false,"_joinchat":[]},"product_brand":[],"product_cat":[185,191],"product_tag":[464,368,366,369,465,466,467,450,367,264],"class_list":{"0":"post-5419","1":"product","2":"type-product","3":"status-publish","4":"has-post-thumbnail","6":"product_cat-parques-tematicos-tenerife","7":"product_cat-siam-park-tenerife-es","8":"product_tag-a-deber-parques-familias","9":"product_tag-a-grupo-amigos","10":"product_tag-a-grupo-parejas","11":"product_tag-a-grupo-solo","12":"product_tag-a-must-parks-couples","13":"product_tag-a-must-parks-friends","14":"product_tag-a-must-parks-solo","15":"product_tag-a-vibe-parques","16":"product_tag-grupo-a-familias","17":"product_tag-tarjetas-principales","18":"pa_depart-from-sur-de-la-isla","20":"first","21":"instock","22":"virtual","23":"sold-individually","24":"purchasable","25":"product-type-booking"},"acf":[],"_links":{"self":[{"href":"https:\/\/thetenerifechannel.com\/es\/wp-json\/wp\/v2\/product\/5419","targetHints":{"allow":["GET"]}}],"collection":[{"href":"https:\/\/thetenerifechannel.com\/es\/wp-json\/wp\/v2\/product"}],"about":[{"href":"https:\/\/thetenerifechannel.com\/es\/wp-json\/wp\/v2\/types\/product"}],"wp:featuredmedia":[{"embeddable":true,"href":"https:\/\/thetenerifechannel.com\/es\/wp-json\/wp\/v2\/media\/7008"}],"wp:attachment":[{"href":"https:\/\/thetenerifechannel.com\/es\/wp-json\/wp\/v2\/media?parent=5419"}],"wp:term":[{"taxonomy":"product_brand","embeddable":true,"href":"https:\/\/thetenerifechannel.com\/es\/wp-json\/wp\/v2\/product_brand?post=5419"},{"taxonomy":"product_cat","embeddable":true,"href":"https:\/\/thetenerifechannel.com\/es\/wp-json\/wp\/v2\/product_cat?post=5419"},{"taxonomy":"product_tag","embeddable":true,"href":"https:\/\/thetenerifechannel.com\/es\/wp-json\/wp\/v2\/product_tag?post=5419"}],"curies":[{"name":"wp","href":"https:\/\/api.w.org\/{rel}","templated":true}]}}