{"id":54217,"date":"2025-05-22T08:14:14","date_gmt":"2025-05-22T08:14:14","guid":{"rendered":"https:\/\/thetenerifechannel.com\/product\/alquiler-de-barcos\/"},"modified":"2026-02-14T11:07:52","modified_gmt":"2026-02-14T11:07:52","slug":"alquiler-de-barcos","status":"publish","type":"product","link":"https:\/\/thetenerifechannel.com\/es\/excursions\/alquiler-de-barcos\/","title":{"rendered":"Alquiler de barcos"},"content":{"rendered":"<section class=\"l-section wpb_row height_huge\"><div class=\"l-section-h i-cf\"><div class=\"g-cols vc_row via_grid cols_1 laptops-cols_inherit tablets-cols_inherit mobiles-cols_1 valign_top type_default stacking_default\"><div class=\"wpb_column vc_column_container\"><div class=\"vc_column-inner\"><div class=\"wpb_text_column\"><div class=\"wpb_wrapper\"><p data-start=\"0\" data-end=\"320\">Pasa un d\u00eda en el agua, saliendo desde Puerto Col\u00f3n (Costa Adeje) o Marina del Sur (Las Galletas). Alquila una de las peque\u00f1as embarcaciones que cualquiera puede conducir, sin necesidad de licencia.<br \/>\nTienen capacidad para cinco personas, se dirigen como un coche y vienen con una r\u00e1pida sesi\u00f3n informativa de seguridad para que est\u00e9s listo para soltar amarras en cuesti\u00f3n de minutos.<br \/>\nQu\u00e9date fuera una hora, medio d\u00eda o todo el d\u00eda; t\u00fa eliges. <\/p>\n<p data-start=\"322\" data-end=\"525\">\u00bfQuieres m\u00e1s espacio o simplemente no te apetece llevar el tim\u00f3n? Reserva uno de nuestros barcos m\u00e1s grandes con un capit\u00e1n local.<br \/>\nPuedes estirarte en cubierta, parar a nadar o dejar que el capit\u00e1n te ense\u00f1e calas escondidas mientras te relajas. <\/p>\n<p>A la llegada, se exigir\u00e1 un dep\u00f3sito de seguridad para cubrir posibles da\u00f1os o gastos adicionales de combustible de la embarcaci\u00f3n.<br \/>\n<span>Puedes dejar el dep\u00f3sito mediante <\/span>tarjeta de cr\u00e9dito, tarjeta de d\u00e9bito o en efectivo<span>  &#8211; lo que prefieras. Se reembolsar\u00e1 \u00edntegramente al final del alquiler, siempre que todo est\u00e9 en buenas condiciones. <\/span><\/p>\n<\/div><\/div><\/div><\/div><\/div><\/div><\/section>\n","protected":false},"excerpt":{"rendered":"<p data-pm-slice=\"1 1 []\">Salidas desde Puerto Col\u00f3n (Costa Adeje) o Marina del Sur (Las Galletas)  <span>en una embarcaci\u00f3n sin licencia y alqu\u00edlala todo el tiempo que quieras, gracias a unos controles sencillos y a una r\u00e1pida sesi\u00f3n informativa en el muelle. Si necesitas m\u00e1s espacio o prefieres relajarte, elige una de nuestras embarcaciones m\u00e1s grandes y deja que un capit\u00e1n experimentado se encargue del tim\u00f3n. <\/span><\/p>\n","protected":false},"featured_media":54184,"template":"","meta":{"_acf_changed":false,"_joinchat":[]},"product_brand":[],"product_cat":[198],"product_tag":[],"class_list":{"0":"post-54217","1":"product","2":"type-product","3":"status-publish","4":"has-post-thumbnail","6":"product_cat-alquiler-de-barcos-tenerife","8":"first","9":"instock","10":"virtual","11":"sold-individually","12":"purchasable","13":"product-type-booking"},"acf":[],"_links":{"self":[{"href":"https:\/\/thetenerifechannel.com\/es\/wp-json\/wp\/v2\/product\/54217","targetHints":{"allow":["GET"]}}],"collection":[{"href":"https:\/\/thetenerifechannel.com\/es\/wp-json\/wp\/v2\/product"}],"about":[{"href":"https:\/\/thetenerifechannel.com\/es\/wp-json\/wp\/v2\/types\/product"}],"wp:featuredmedia":[{"embeddable":true,"href":"https:\/\/thetenerifechannel.com\/es\/wp-json\/wp\/v2\/media\/54184"}],"wp:attachment":[{"href":"https:\/\/thetenerifechannel.com\/es\/wp-json\/wp\/v2\/media?parent=54217"}],"wp:term":[{"taxonomy":"product_brand","embeddable":true,"href":"https:\/\/thetenerifechannel.com\/es\/wp-json\/wp\/v2\/product_brand?post=54217"},{"taxonomy":"product_cat","embeddable":true,"href":"https:\/\/thetenerifechannel.com\/es\/wp-json\/wp\/v2\/product_cat?post=54217"},{"taxonomy":"product_tag","embeddable":true,"href":"https:\/\/thetenerifechannel.com\/es\/wp-json\/wp\/v2\/product_tag?post=54217"}],"curies":[{"name":"wp","href":"https:\/\/api.w.org\/{rel}","templated":true}]}}