{"id":5480,"date":"2024-01-18T12:22:35","date_gmt":"2024-01-18T12:22:35","guid":{"rendered":"https:\/\/thetenerifechannel.com\/excursions\/crucero-de-avistamiento-de-cetaceos-freebird\/"},"modified":"2026-03-09T13:51:26","modified_gmt":"2026-03-09T13:51:26","slug":"crucero-de-avistamiento-de-cetaceos-freebird","status":"publish","type":"product","link":"https:\/\/thetenerifechannel.com\/es\/excursions\/crucero-de-avistamiento-de-cetaceos-freebird\/","title":{"rendered":"Freebird Crucero de avistamiento de cet\u00e1ceos 3 horas"},"content":{"rendered":"<section class=\"l-section wpb_row height_huge\"><div class=\"l-section-h i-cf\"><div class=\"g-cols vc_row via_grid cols_1 laptops-cols_inherit tablets-cols_inherit mobiles-cols_1 valign_top type_default stacking_default\"><div class=\"wpb_column vc_column_container\"><div class=\"vc_column-inner\"><div class=\"wpb_text_column\"><div class=\"wpb_wrapper\"><p><strong>CRUCERO DE 3 HORAS COSTA ADEJE<br \/>\n<\/strong>Si buscas <span class=\"notion-enable-hover\" data-token-index=\"1\">excursiones desde Costa Adeje<\/span> no puedes perderte la experiencia de avistar ballenas desde un catamar\u00e1n. Puede disfrutar de un paseo en barco por Costa Adeje y, al mismo tiempo, disfrutar del placer de ver ballenas en su h\u00e1bitat natural. Mientras navega en busca de estos incre\u00edbles animales, aprender\u00e1 datos interesantes sobre las diferentes especies de vida marina que habitan las aguas de Costa Adeje. Observe c\u00f3mo los calderones, los delfines mulares comunes y los delfines moteados nadan junto al catamar\u00e1n para entablar amistad; \u00a1no olvide saludarlos! Despu\u00e9s de aprovechar al m\u00e1ximo la experiencia de avistamiento de ballenas y delfines, tendr\u00e1 la oportunidad de relajarse y disfrutar de un refrescante ba\u00f1o en el mar. El final perfecto para un m\u00e1gico viaje en barco. Al final de su crucero en catamar\u00e1n por Costa Adeje, regresar\u00e1 a Puerto Col\u00f3n desde donde emprender\u00e1 el camino de vuelta a sus puntos de partida.      <\/p>\n<p><strong>Incluido:<\/strong><\/p>\n<ul>\n<li>Entrada electr\u00f3nica.<\/li>\n<li>Observe ballenas en su h\u00e1bitat natural.<\/li>\n<li>Un bocadillo, refrescos, agua y cerveza (hay opciones vegetarianas y sin gluten, por favor, ind\u00edquelo en el momento de la reserva).<\/li>\n<li>Gu\u00eda de habla inglesa.<\/li>\n<li>Traslado en autob\u00fas desde el sur de la isla.<\/li>\n<\/ul>\n<p><strong>No se incluye:<\/strong><\/p>\n<ul>\n<li>Alquiler de tumbonas: 15\u20ac por pareja.<\/li>\n<li>Foto de recuerdo: 10<\/li>\n<li>Helados: 2,50<\/li>\n<li>Snorkel y m\u00e1scaras.<\/li>\n<\/ul>\n<\/div><\/div><\/div><\/div><\/div><\/div><\/section>\n","protected":false},"excerpt":{"rendered":"<p>Navegue con el catamar\u00e1n Freebird en una divertida aventura de avistamiento de ballenas y delfines en Tenerife. Disfrute de un paseo en barco en el gran catamar\u00e1n mientras observa ballenas en su h\u00e1bitat natural. Admire las vistas, disfrute del calor del sol y refr\u00e9squese con un refrescante ba\u00f1o en el mar.  <\/p>\n","protected":false},"featured_media":5485,"template":"","meta":{"_acf_changed":false,"_joinchat":[]},"product_brand":[],"product_cat":[192],"product_tag":[264],"class_list":{"0":"post-5480","1":"product","2":"type-product","3":"status-publish","4":"has-post-thumbnail","6":"product_cat-avistamiento-de-ballenas-y-delfines-tenerife","7":"product_tag-tarjetas-principales","8":"pa_depart-from-sur-de-la-isla","10":"first","11":"instock","12":"virtual","13":"sold-individually","14":"purchasable","15":"product-type-booking"},"acf":[],"_links":{"self":[{"href":"https:\/\/thetenerifechannel.com\/es\/wp-json\/wp\/v2\/product\/5480","targetHints":{"allow":["GET"]}}],"collection":[{"href":"https:\/\/thetenerifechannel.com\/es\/wp-json\/wp\/v2\/product"}],"about":[{"href":"https:\/\/thetenerifechannel.com\/es\/wp-json\/wp\/v2\/types\/product"}],"wp:featuredmedia":[{"embeddable":true,"href":"https:\/\/thetenerifechannel.com\/es\/wp-json\/wp\/v2\/media\/5485"}],"wp:attachment":[{"href":"https:\/\/thetenerifechannel.com\/es\/wp-json\/wp\/v2\/media?parent=5480"}],"wp:term":[{"taxonomy":"product_brand","embeddable":true,"href":"https:\/\/thetenerifechannel.com\/es\/wp-json\/wp\/v2\/product_brand?post=5480"},{"taxonomy":"product_cat","embeddable":true,"href":"https:\/\/thetenerifechannel.com\/es\/wp-json\/wp\/v2\/product_cat?post=5480"},{"taxonomy":"product_tag","embeddable":true,"href":"https:\/\/thetenerifechannel.com\/es\/wp-json\/wp\/v2\/product_tag?post=5480"}],"curies":[{"name":"wp","href":"https:\/\/api.w.org\/{rel}","templated":true}]}}