{"id":5518,"date":"2024-01-25T17:53:26","date_gmt":"2024-01-25T17:53:26","guid":{"rendered":"https:\/\/thetenerifechannel.com\/excursions\/aqualand\/"},"modified":"2026-03-09T13:54:51","modified_gmt":"2026-03-09T13:54:51","slug":"aqualand","status":"publish","type":"product","link":"https:\/\/thetenerifechannel.com\/es\/excursions\/aqualand\/","title":{"rendered":"Aqualand"},"content":{"rendered":"<p>Aqualand es un conocido parque acu\u00e1tico situado en Costa Adeje<br \/>\nOfrece diversas atracciones acu\u00e1ticas, como toboganes, piscinas de olas y un r\u00edo lento, lo que lo convierte en un destino ideal para pasar un d\u00eda en familia.<br \/>\nNo te pierdas los espect\u00e1culos con delfines, que a\u00f1aden un extra de entretenimiento a tu visita.<br \/>\n\u00a1Ven y disfruta de un d\u00eda refrescante y divertido en Aqualand Tenerife!<\/p>\n<p><em> <\/em><\/p>\n","protected":false},"excerpt":{"rendered":"<p>Descubre el entretenimiento acu\u00e1tico y la diversi\u00f3n familiar en Aqualand Tenerife.<br \/>\nEste parque acu\u00e1tico ofrece diversas atracciones acu\u00e1ticas, como divertidos toboganes, piscinas de olas y un r\u00edo perezoso, adem\u00e1s de un espect\u00e1culo de delfines.<\/p>\n","protected":false},"featured_media":5171,"template":"","meta":{"_acf_changed":false,"_joinchat":[]},"product_brand":[],"product_cat":[185],"product_tag":[],"class_list":{"0":"post-5518","1":"product","2":"type-product","3":"status-publish","4":"has-post-thumbnail","6":"product_cat-parques-tematicos-tenerife","7":"pa_depart-from-sur-de-la-isla","9":"first","10":"instock","11":"virtual","12":"sold-individually","13":"purchasable","14":"product-type-booking"},"acf":[],"_links":{"self":[{"href":"https:\/\/thetenerifechannel.com\/es\/wp-json\/wp\/v2\/product\/5518","targetHints":{"allow":["GET"]}}],"collection":[{"href":"https:\/\/thetenerifechannel.com\/es\/wp-json\/wp\/v2\/product"}],"about":[{"href":"https:\/\/thetenerifechannel.com\/es\/wp-json\/wp\/v2\/types\/product"}],"wp:featuredmedia":[{"embeddable":true,"href":"https:\/\/thetenerifechannel.com\/es\/wp-json\/wp\/v2\/media\/5171"}],"wp:attachment":[{"href":"https:\/\/thetenerifechannel.com\/es\/wp-json\/wp\/v2\/media?parent=5518"}],"wp:term":[{"taxonomy":"product_brand","embeddable":true,"href":"https:\/\/thetenerifechannel.com\/es\/wp-json\/wp\/v2\/product_brand?post=5518"},{"taxonomy":"product_cat","embeddable":true,"href":"https:\/\/thetenerifechannel.com\/es\/wp-json\/wp\/v2\/product_cat?post=5518"},{"taxonomy":"product_tag","embeddable":true,"href":"https:\/\/thetenerifechannel.com\/es\/wp-json\/wp\/v2\/product_tag?post=5518"}],"curies":[{"name":"wp","href":"https:\/\/api.w.org\/{rel}","templated":true}]}}