{"id":5530,"date":"2024-01-19T07:30:40","date_gmt":"2024-01-19T07:30:40","guid":{"rendered":"https:\/\/thetenerifechannel.com\/excursions\/rapidos-2-horas\/"},"modified":"2026-03-09T13:50:31","modified_gmt":"2026-03-09T13:50:31","slug":"rapidos-2-horas","status":"publish","type":"product","link":"https:\/\/thetenerifechannel.com\/es\/excursions\/rapidos-2-horas\/","title":{"rendered":"Rapidos 2 horas"},"content":{"rendered":"<p>Partiendo del puerto de Los Gigantes en una emocionante excursi\u00f3n de 2 horas, buscaremos ballenas o delfines. Despu\u00e9s de capturar algunas hermosas fotograf\u00edas de estas criaturas, le acercaremos a los acantilados de Masca y Los Gigantes. Estas maravillas naturales, con picos que alcanzan casi los 600 metros, son algunos de los acantilados m\u00e1s altos del mundo. En una de las bah\u00edas echaremos el ancla para que pueda disfrutar de un refrescante ba\u00f1o. La experimentada tripulaci\u00f3n garantiza su seguridad y comodidad durante toda la excursi\u00f3n, convirti\u00e9ndola en una experiencia inolvidable.     Este barco es perfecto para parejas y grupos peque\u00f1os.<\/p>\n<p>Tenga en cuenta que, debido al n\u00famero limitado de plazas (12), le recomendamos que reserve su asiento con antelaci\u00f3n.<\/p>\n<p><strong>Incluido:<\/strong><\/p>\n<ul>\n<li>Billete electr\u00f3nico.<\/li>\n<li>Grupo reducido: m\u00e1x. 12 personas <\/li>\n<li>Gu\u00edas especializados a bordo.<\/li>\n<li>Parada para nadar Visite los hermosos acantilados de Los Gigantes y la bah\u00eda de Masca.<\/li>\n<\/ul>\n<p><strong>No se incluye:<\/strong><\/p>\n<ul>\n<li>Transporte Tubo respirador y m\u00e1scaras.<\/li>\n<li>Aperitivos o bebidas (traiga los suyos).<\/li>\n<\/ul>\n","protected":false},"excerpt":{"rendered":"<p>\u00danase a una excursi\u00f3n en barco de 2 horas que sale de Los Gigantes para avistar ballenas o delfines. Navegue cerca de los imponentes acantilados de Masca y Los Gigantes, y fondee en una de las bah\u00edas para darse un refrescante ba\u00f1o. Perfecto para parejas y grupos peque\u00f1os.  <\/p>\n","protected":false},"featured_media":5533,"template":"","meta":{"_acf_changed":false,"_joinchat":[]},"product_brand":[],"product_cat":[192],"product_tag":[],"class_list":{"0":"post-5530","1":"product","2":"type-product","3":"status-publish","4":"has-post-thumbnail","6":"product_cat-avistamiento-de-ballenas-y-delfines-tenerife","7":"pa_depart-from-sur-de-la-isla","9":"first","10":"instock","11":"virtual","12":"sold-individually","13":"purchasable","14":"product-type-booking"},"acf":[],"_links":{"self":[{"href":"https:\/\/thetenerifechannel.com\/es\/wp-json\/wp\/v2\/product\/5530","targetHints":{"allow":["GET"]}}],"collection":[{"href":"https:\/\/thetenerifechannel.com\/es\/wp-json\/wp\/v2\/product"}],"about":[{"href":"https:\/\/thetenerifechannel.com\/es\/wp-json\/wp\/v2\/types\/product"}],"wp:featuredmedia":[{"embeddable":true,"href":"https:\/\/thetenerifechannel.com\/es\/wp-json\/wp\/v2\/media\/5533"}],"wp:attachment":[{"href":"https:\/\/thetenerifechannel.com\/es\/wp-json\/wp\/v2\/media?parent=5530"}],"wp:term":[{"taxonomy":"product_brand","embeddable":true,"href":"https:\/\/thetenerifechannel.com\/es\/wp-json\/wp\/v2\/product_brand?post=5530"},{"taxonomy":"product_cat","embeddable":true,"href":"https:\/\/thetenerifechannel.com\/es\/wp-json\/wp\/v2\/product_cat?post=5530"},{"taxonomy":"product_tag","embeddable":true,"href":"https:\/\/thetenerifechannel.com\/es\/wp-json\/wp\/v2\/product_tag?post=5530"}],"curies":[{"name":"wp","href":"https:\/\/api.w.org\/{rel}","templated":true}]}}