{"id":5534,"date":"2024-01-22T12:01:32","date_gmt":"2024-01-22T12:01:32","guid":{"rendered":"https:\/\/thetenerifechannel.com\/excursions\/sea-safari-masca-y-los-gigantes\/"},"modified":"2026-03-09T13:52:33","modified_gmt":"2026-03-09T13:52:33","slug":"sea-safari-masca-y-los-gigantes","status":"publish","type":"product","link":"https:\/\/thetenerifechannel.com\/es\/excursions\/sea-safari-masca-y-los-gigantes\/","title":{"rendered":"Safari marino 2 horas"},"content":{"rendered":"<div>Saliendo de Puerto Col\u00f3n, zarpamos en la lancha r\u00e1pida con un m\u00e1ximo de 11 personas.<\/div>\n<div>Esta lancha r\u00e1pida de desplazamiento suave nos permite llegar r\u00e1pidamente a las zonas donde se encuentran las ballenas y los delfines, lo que aumenta nuestras posibilidades de avistamiento.<\/div>\n<p><span>Tras avistar delfines, ballenas y tal vez algunas tortugas u otras especies, nos dirigimos a Palm-Mar o La Caleta, donde nos detenemos en una bah\u00eda para nadar (opcional) o hacer snorkel (se proporcionan m\u00e1scaras de snorkel).<\/span><br \/>\n<span>Se incluye una bebida, un tentempi\u00e9 y una degustaci\u00f3n de pl\u00e1tano de las plantaciones de Tenerife.<\/span><br \/>\n<span>De regreso, disfrutar\u00e1s de las vistas de la costa sur de Tenerife: peque\u00f1os puertos, playas, acantilados, cuevas, piscinas naturales, el volc\u00e1n Teide, La Gomera y mucho m\u00e1s.<\/span><\/p>\n<p>*Ch\u00e1rter privado disponible. Ponte en contacto con nosotros para m\u00e1s informaci\u00f3n. <\/p>\n<p><strong>Incluido:<\/strong><\/p>\n<ul>\n<li>Billete electr\u00f3nico.<\/li>\n<li>Gu\u00eda especializado a bordo.<\/li>\n<li>Merienda y bebida<\/li>\n<li>M\u00e1scara de buceo<\/li>\n<li>Grupo reducido: m\u00e1x. 11 personas<\/li>\n<\/ul>\n<p><strong>No se incluye:<\/strong><\/p>\n<ul>\n<li>Transporte: punto de encuentro en el puerto de Puerto Col\u00f3n.<\/li>\n<li>Toallas<\/li>\n<li>Protector solar<\/li>\n<\/ul>\n","protected":false},"excerpt":{"rendered":"<p>Navega con la lancha r\u00e1pida Sea Safari para avistar ballenas y delfines. Disfruta de un ba\u00f1o <span>y toma un <\/span>aperitivo y una bebida <span>frente a una hermosa bah\u00eda de la costa sur de Tenerife.<\/span> <\/p>\n","protected":false},"featured_media":5543,"template":"","meta":{"_acf_changed":false,"_joinchat":[]},"product_brand":[],"product_cat":[192],"product_tag":[],"class_list":{"0":"post-5534","1":"product","2":"type-product","3":"status-publish","4":"has-post-thumbnail","6":"product_cat-avistamiento-de-ballenas-y-delfines-tenerife","7":"pa_depart-from-sur-de-la-isla","9":"first","10":"instock","11":"virtual","12":"sold-individually","13":"purchasable","14":"product-type-booking"},"acf":[],"_links":{"self":[{"href":"https:\/\/thetenerifechannel.com\/es\/wp-json\/wp\/v2\/product\/5534","targetHints":{"allow":["GET"]}}],"collection":[{"href":"https:\/\/thetenerifechannel.com\/es\/wp-json\/wp\/v2\/product"}],"about":[{"href":"https:\/\/thetenerifechannel.com\/es\/wp-json\/wp\/v2\/types\/product"}],"wp:featuredmedia":[{"embeddable":true,"href":"https:\/\/thetenerifechannel.com\/es\/wp-json\/wp\/v2\/media\/5543"}],"wp:attachment":[{"href":"https:\/\/thetenerifechannel.com\/es\/wp-json\/wp\/v2\/media?parent=5534"}],"wp:term":[{"taxonomy":"product_brand","embeddable":true,"href":"https:\/\/thetenerifechannel.com\/es\/wp-json\/wp\/v2\/product_brand?post=5534"},{"taxonomy":"product_cat","embeddable":true,"href":"https:\/\/thetenerifechannel.com\/es\/wp-json\/wp\/v2\/product_cat?post=5534"},{"taxonomy":"product_tag","embeddable":true,"href":"https:\/\/thetenerifechannel.com\/es\/wp-json\/wp\/v2\/product_tag?post=5534"}],"curies":[{"name":"wp","href":"https:\/\/api.w.org\/{rel}","templated":true}]}}