{"id":5550,"date":"2024-01-18T15:10:33","date_gmt":"2024-01-18T15:10:33","guid":{"rendered":"https:\/\/thetenerifechannel.com\/excursions\/royal-delfin-crucero-de-3-horas-por-el-atlantico\/"},"modified":"2026-04-18T13:37:31","modified_gmt":"2026-04-18T13:37:31","slug":"royal-delfin-crucero-de-3-horas-por-el-atlantico","status":"publish","type":"product","link":"https:\/\/thetenerifechannel.com\/es\/excursions\/royal-delfin-crucero-de-3-horas-por-el-atlantico\/","title":{"rendered":"Royal Delfin Crucero de 3 horas por el Atl\u00e1ntico"},"content":{"rendered":"<p>Observe ballenas y delfines en este crucero de 3 horas en el catamar\u00e1n Royal Delfin con una exclusiva visi\u00f3n submarina. Esta excursi\u00f3n sale de Puerto Col\u00f3n, Costa Adeje. Navegar\u00e1 a lo largo de la costa, desde Playa de Las Am\u00e9ricas hasta La Caleta, donde har\u00e1 una parada en la bah\u00eda para darse un chapuz\u00f3n y disfrutar de un almuerzo de cortes\u00eda. Las bebidas est\u00e1n incluidas durante todo el viaje.   <\/p>\n<p><strong>Incluido:<\/strong><\/p>\n<ul>\n<li>Billete electr\u00f3nico.<\/li>\n<li>Gu\u00edas especializados a bordo.<\/li>\n<li>Recogida en los principales hoteles del sur de Tenerife.<\/li>\n<li>Almuerzo: comida caliente (posibilidad de men\u00fa alternativo apto para vegetarianos y cel\u00edacos previa reserva).<\/li>\n<li>Bebidas incluidas durante todo el recorrido: cerveza, sangr\u00eda, zumo, agua y refrescos.<\/li>\n<li>Parada para darse un chapuz\u00f3n en La Caleta.<\/li>\n<\/ul>\n<p><strong>No se incluye:<\/strong><\/p>\n<ul>\n<li>Protector solar<\/li>\n<li>Toallas<\/li>\n<li>Tubo y m\u00e1scaras<\/li>\n<\/ul>\n<p>&nbsp;<\/p>\n","protected":false},"excerpt":{"rendered":"<p>Disfrute de una experiencia \u00fanica observando ballenas y delfines a trav\u00e9s de un exclusivo catamar\u00e1n de visi\u00f3n submarina en este crucero de 3 horas por el Atl\u00e1ntico.<\/p>\n","protected":false},"featured_media":5310,"template":"","meta":{"_acf_changed":false,"_joinchat":[]},"product_brand":[],"product_cat":[192],"product_tag":[],"class_list":{"0":"post-5550","1":"product","2":"type-product","3":"status-publish","4":"has-post-thumbnail","6":"product_cat-avistamiento-de-ballenas-y-delfines-tenerife","7":"pa_depart-from-sur-de-la-isla","9":"first","10":"instock","11":"virtual","12":"sold-individually","13":"purchasable","14":"product-type-booking"},"acf":[],"_links":{"self":[{"href":"https:\/\/thetenerifechannel.com\/es\/wp-json\/wp\/v2\/product\/5550","targetHints":{"allow":["GET"]}}],"collection":[{"href":"https:\/\/thetenerifechannel.com\/es\/wp-json\/wp\/v2\/product"}],"about":[{"href":"https:\/\/thetenerifechannel.com\/es\/wp-json\/wp\/v2\/types\/product"}],"wp:featuredmedia":[{"embeddable":true,"href":"https:\/\/thetenerifechannel.com\/es\/wp-json\/wp\/v2\/media\/5310"}],"wp:attachment":[{"href":"https:\/\/thetenerifechannel.com\/es\/wp-json\/wp\/v2\/media?parent=5550"}],"wp:term":[{"taxonomy":"product_brand","embeddable":true,"href":"https:\/\/thetenerifechannel.com\/es\/wp-json\/wp\/v2\/product_brand?post=5550"},{"taxonomy":"product_cat","embeddable":true,"href":"https:\/\/thetenerifechannel.com\/es\/wp-json\/wp\/v2\/product_cat?post=5550"},{"taxonomy":"product_tag","embeddable":true,"href":"https:\/\/thetenerifechannel.com\/es\/wp-json\/wp\/v2\/product_tag?post=5550"}],"curies":[{"name":"wp","href":"https:\/\/api.w.org\/{rel}","templated":true}]}}