{"id":5551,"date":"2024-01-22T14:11:34","date_gmt":"2024-01-22T14:11:34","guid":{"rendered":"https:\/\/thetenerifechannel.com\/excursions\/loro-parque\/"},"modified":"2026-03-09T13:52:00","modified_gmt":"2026-03-09T13:52:00","slug":"loro-parque","status":"publish","type":"product","link":"https:\/\/thetenerifechannel.com\/es\/excursions\/loro-parque\/","title":{"rendered":"Loro Parque"},"content":{"rendered":"<section class=\"l-section wpb_row height_huge\"><div class=\"l-section-h i-cf\"><div class=\"g-cols vc_row via_grid cols_1 laptops-cols_inherit tablets-cols_inherit mobiles-cols_1 valign_top type_default stacking_default\"><div class=\"wpb_column vc_column_container\"><div class=\"vc_column-inner\"><div class=\"wpb_text_column\"><div class=\"wpb_wrapper\"><p class=\"p3\">Loro Parque es un famoso parque de animales de Tenerife.<br \/>\nPodr\u00e1s conocer de cerca a hermosos animales para vivir una experiencia realmente memorable.<br \/>\nDescubre la Ant\u00e1rtida en Planet Penguin, hogar de un iceberg real y sus cientos de habitantes ping\u00fcinos.<\/p>\n<p class=\"p3\">Tome asiento en el espectacular Oc\u00e9ano de Orcas y observe c\u00f3mo estas ballenas demuestran su fuerza y agilidad, y vea si puede mantener una sonrisa de oreja a oreja mientras los acrob\u00e1ticos delfines y leones marinos le muestran sus movimientos que desaf\u00edan la gravedad.<\/p>\n<p class=\"p3\">Disfrute de Katandra TreeTops, un lugar donde conocer a las especies de aves m\u00e1s sorprendentes de su mundo, y mantenga los ojos bien abiertos para ver loris, cacat\u00faas, em\u00fas y cucaburras mientras atraviesa puentes colgantes y se abre paso por senderos selv\u00e1ticos.<\/p>\n<p>Un d\u00eda lleno de diversi\u00f3n para todas las edades<\/p>\n<p class=\"p3\"><b>  Incluye<\/b><\/p>\n<ul class=\"ul1\">\n<li class=\"li3\">Entrada QR<\/li>\n<li>Tren gratuito desde Puerto de la Cruz<\/li>\n<\/ul>\n<p class=\"p3\"><b>No incluido<\/b><\/p>\n<ul class=\"ul1\">\n<li class=\"li3\">Transporte<\/li>\n<li class=\"li3\">Comida y bebida<\/li>\n<li class=\"li3\">Recuerdos<\/li>\n<\/ul>\n<p><b>*Los billetes no son reembolsables<\/b><\/p>\n<\/div><\/div><\/div><\/div><\/div><\/div><\/section>\n","protected":false},"excerpt":{"rendered":"<p>Descubre el mundo de la vida salvaje en Loro Parque.<br \/>\nEste incre\u00edble zoo de Tenerife ofrece una experiencia inolvidable con animales ex\u00f3ticos, impresionantes jardines bot\u00e1nicos y emocionantes espect\u00e1culos.<\/p>\n","protected":false},"featured_media":5553,"template":"","meta":{"_acf_changed":false,"_joinchat":[]},"product_brand":[],"product_cat":[190,185],"product_tag":[],"class_list":{"0":"post-5551","1":"product","2":"type-product","3":"status-publish","4":"has-post-thumbnail","6":"product_cat-loro-parque-tenerife","7":"product_cat-parques-tematicos-tenerife","8":"pa_depart-from-norte-de-la-isla","10":"first","11":"instock","12":"virtual","13":"sold-individually","14":"purchasable","15":"product-type-booking"},"acf":[],"_links":{"self":[{"href":"https:\/\/thetenerifechannel.com\/es\/wp-json\/wp\/v2\/product\/5551","targetHints":{"allow":["GET"]}}],"collection":[{"href":"https:\/\/thetenerifechannel.com\/es\/wp-json\/wp\/v2\/product"}],"about":[{"href":"https:\/\/thetenerifechannel.com\/es\/wp-json\/wp\/v2\/types\/product"}],"wp:featuredmedia":[{"embeddable":true,"href":"https:\/\/thetenerifechannel.com\/es\/wp-json\/wp\/v2\/media\/5553"}],"wp:attachment":[{"href":"https:\/\/thetenerifechannel.com\/es\/wp-json\/wp\/v2\/media?parent=5551"}],"wp:term":[{"taxonomy":"product_brand","embeddable":true,"href":"https:\/\/thetenerifechannel.com\/es\/wp-json\/wp\/v2\/product_brand?post=5551"},{"taxonomy":"product_cat","embeddable":true,"href":"https:\/\/thetenerifechannel.com\/es\/wp-json\/wp\/v2\/product_cat?post=5551"},{"taxonomy":"product_tag","embeddable":true,"href":"https:\/\/thetenerifechannel.com\/es\/wp-json\/wp\/v2\/product_tag?post=5551"}],"curies":[{"name":"wp","href":"https:\/\/api.w.org\/{rel}","templated":true}]}}