{"id":5554,"date":"2024-01-19T07:18:25","date_gmt":"2024-01-19T07:18:25","guid":{"rendered":"https:\/\/thetenerifechannel.com\/excursions\/masca-express\/"},"modified":"2026-03-09T13:51:00","modified_gmt":"2026-03-09T13:51:00","slug":"masca-express","status":"publish","type":"product","link":"https:\/\/thetenerifechannel.com\/es\/excursions\/masca-express\/","title":{"rendered":"Masca Express"},"content":{"rendered":"<p>Partiendo del puerto de Los Gigantes en una emocionante excursi\u00f3n de 2 horas, buscaremos ballenas o delfines. Despu\u00e9s de capturar algunas hermosas fotograf\u00edas de estas criaturas, le acercaremos a los acantilados de Masca y Los Gigantes. Estas maravillas naturales, con picos que alcanzan casi los 600 metros, son algunos de los acantilados m\u00e1s altos del mundo. En una de las bah\u00edas echaremos el ancla para que pueda disfrutar de un refrescante ba\u00f1o. La experimentada tripulaci\u00f3n garantiza su seguridad y comodidad durante toda la excursi\u00f3n, convirti\u00e9ndola en una experiencia inolvidable.<\/p>\n<p><strong>Incluido:<\/strong><\/p>\n<ul>\n<li>Billete electr\u00f3nico.<\/li>\n<li>m\u00e1x. 36 personas <\/li>\n<li>Gu\u00edas especializados a bordo.<\/li>\n<li>Parada para ba\u00f1arse<\/li>\n<li>Visite los hermosos acantilados de Los Gigantes y la bah\u00eda de Masca.<\/li>\n<li>Una bebida (refresco, agua o cerveza). Puedes traer tus propias bebidas. <\/li>\n<\/ul>\n<p><strong>No se incluye:<\/strong><\/p>\n<ul>\n<li>Transporte &#8211; Punto de encuentro en Los Gigantes 30 minutos antes del viaje.<\/li>\n<li>Tubo y m\u00e1scaras<\/li>\n<\/ul>\n","protected":false},"excerpt":{"rendered":"<p>\u00danase a una excursi\u00f3n en barco de 2 horas que sale de Los Gigantes para avistar ballenas o delfines. Navegue cerca de los imponentes acantilados de Masca y Los Gigantes, y fondee en una de las bah\u00edas para darse un refrescante ba\u00f1o.<\/p>\n","protected":false},"featured_media":5557,"template":"","meta":{"_acf_changed":false,"_joinchat":[]},"product_brand":[],"product_cat":[192],"product_tag":[],"class_list":{"0":"post-5554","1":"product","2":"type-product","3":"status-publish","4":"has-post-thumbnail","6":"product_cat-avistamiento-de-ballenas-y-delfines-tenerife","7":"pa_depart-from-sur-de-la-isla","9":"first","10":"instock","11":"virtual","12":"sold-individually","13":"purchasable","14":"product-type-booking"},"acf":[],"_links":{"self":[{"href":"https:\/\/thetenerifechannel.com\/es\/wp-json\/wp\/v2\/product\/5554","targetHints":{"allow":["GET"]}}],"collection":[{"href":"https:\/\/thetenerifechannel.com\/es\/wp-json\/wp\/v2\/product"}],"about":[{"href":"https:\/\/thetenerifechannel.com\/es\/wp-json\/wp\/v2\/types\/product"}],"wp:featuredmedia":[{"embeddable":true,"href":"https:\/\/thetenerifechannel.com\/es\/wp-json\/wp\/v2\/media\/5557"}],"wp:attachment":[{"href":"https:\/\/thetenerifechannel.com\/es\/wp-json\/wp\/v2\/media?parent=5554"}],"wp:term":[{"taxonomy":"product_brand","embeddable":true,"href":"https:\/\/thetenerifechannel.com\/es\/wp-json\/wp\/v2\/product_brand?post=5554"},{"taxonomy":"product_cat","embeddable":true,"href":"https:\/\/thetenerifechannel.com\/es\/wp-json\/wp\/v2\/product_cat?post=5554"},{"taxonomy":"product_tag","embeddable":true,"href":"https:\/\/thetenerifechannel.com\/es\/wp-json\/wp\/v2\/product_tag?post=5554"}],"curies":[{"name":"wp","href":"https:\/\/api.w.org\/{rel}","templated":true}]}}